{"id":339,"date":"2013-06-03T15:42:13","date_gmt":"2013-06-03T15:42:13","guid":{"rendered":"http:\/\/uenf.br\/cch\/lesce\/?page_id=339"},"modified":"2024-08-23T23:37:30","modified_gmt":"2024-08-23T23:37:30","slug":"institutos-de-pesquisa","status":"publish","type":"page","link":"https:\/\/uenf.br\/cch\/lesce\/indicadores-sociais\/institutos-de-pesquisa\/","title":{"rendered":"Institutos de Pesquisa"},"content":{"rendered":"<ul>\n<li><a href=\"https:\/\/www.ibge.gov.br\/\">IBGE &#8211; Instituto Brasileiro de Geografia e Estat\u00edstica<\/a><\/li>\n<li><a title=\"IPEA\" href=\"http:\/\/www.ipeadata.gov.br\/\" target=\"_blank\" rel=\"noopener\">IPEA &#8211; Instituto de Pesquisa Econ\u00f4mica Aplicada<\/a><\/li>\n<li><a href=\"https:\/\/www.dieese.org.br\/\">DIEESE &#8211; Departamento Intersindical de Estat\u00edsticas e Estudos Socioecon\u00f4micos<\/a><\/li>\n<li><a href=\"https:\/\/www.ceperj.rj.gov.br\/dados\">CEPERJ &#8211; Funda\u00e7\u00e3o Centro Estadual de Estat\u00edsticas, Pesquisas e Forma\u00e7\u00e3o de Servidores P\u00fablicos do Rio de Janeiro<\/a><\/li>\n<li><a title=\"FGV\" href=\"http:\/\/portalibre.fgv.br\/main.jsp?lumChannelId=402880811D8E2C4C011D8E33F5700158\" target=\"_blank\" rel=\"noopener\">FGV &#8211; Funda\u00e7\u00e3o Getulio Vargas<\/a><\/li>\n<li><a href=\"https:\/\/www.data.rio\/\">Portal de Dados Abertos da Prefeitura da Cidade do Rio de Janeiro<\/a><\/li>\n<li><a href=\"https:\/\/dados.gov.br\/dados\/conjuntos-dados\">Portal Brasileiro de Dados Abertos<\/a><\/li>\n<\/ul>\n","protected":false},"excerpt":{"rendered":"<p>IBGE &#8211; Instituto Brasileiro de Geografia e Estat\u00edstica IPEA &#8211; Instituto de Pesquisa Econ\u00f4mica Aplicada DIEESE &#8211; Departamento Intersindical de&#8230;<\/p>\n","protected":false},"author":17,"featured_media":0,"parent":268,"menu_order":16,"comment_status":"open","ping_status":"open","template":"","meta":{"footnotes":""},"class_list":["post-339","page","type-page","status-publish","hentry"],"_links":{"self":[{"href":"https:\/\/uenf.br\/cch\/lesce\/wp-json\/wp\/v2\/pages\/339","targetHints":{"allow":["GET"]}}],"collection":[{"href":"https:\/\/uenf.br\/cch\/lesce\/wp-json\/wp\/v2\/pages"}],"about":[{"href":"https:\/\/uenf.br\/cch\/lesce\/wp-json\/wp\/v2\/types\/page"}],"author":[{"embeddable":true,"href":"https:\/\/uenf.br\/cch\/lesce\/wp-json\/wp\/v2\/users\/17"}],"replies":[{"embeddable":true,"href":"https:\/\/uenf.br\/cch\/lesce\/wp-json\/wp\/v2\/comments?post=339"}],"version-history":[{"count":0,"href":"https:\/\/uenf.br\/cch\/lesce\/wp-json\/wp\/v2\/pages\/339\/revisions"}],"up":[{"embeddable":true,"href":"https:\/\/uenf.br\/cch\/lesce\/wp-json\/wp\/v2\/pages\/268"}],"wp:attachment":[{"href":"https:\/\/uenf.br\/cch\/lesce\/wp-json\/wp\/v2\/media?parent=339"}],"curies":[{"name":"wp","href":"https:\/\/api.w.org\/{rel}","templated":true}]}}