{"id":603,"date":"2013-06-18T19:11:18","date_gmt":"2013-06-18T19:11:18","guid":{"rendered":"http:\/\/uenf.br\/cch\/lesce\/?page_id=603"},"modified":"2024-03-25T22:37:44","modified_gmt":"2024-03-25T22:37:44","slug":"agencias-reguladoras","status":"publish","type":"page","link":"https:\/\/uenf.br\/cch\/lesce\/indicadores-sociais\/agencias-reguladoras\/","title":{"rendered":"Ag\u00eancias Reguladoras"},"content":{"rendered":"<ul>\n<li><a href=\"https:\/\/www.gov.br\/anatel\/pt-br\/dados\/dados-abertos\">ANATEL &#8211; Ag\u00eancia Nacional de Telecomunica\u00e7\u00f5es<\/a><\/li>\n<li><a href=\"https:\/\/www.gov.br\/anp\/pt-br\/acesso-a-informacao\">ANP &#8211; Ag\u00eancia Nacional do Petr\u00f3leo, G\u00e1s natural e Biocombust\u00edveis<\/a><\/li>\n<li><a href=\"https:\/\/dadosabertos.aneel.gov.br\/\">ANEEL &#8211; Ag\u00eancia Nacional de Energia El\u00e9trica<\/a><\/li>\n<li><a href=\"https:\/\/www.gov.br\/ans\/pt-br\/acesso-a-informacao\/perfil-do-setor\">ANS &#8211; Ag\u00eancia Nacional de Sa\u00fade Suplementar<\/a><\/li>\n<li><a href=\"https:\/\/www.gov.br\/ana\/pt-br\/acesso-a-informacao\/dados-abertos\">ANA &#8211; Ag\u00eancia Nacional de \u00c1guas<\/a><\/li>\n<li><a href=\"https:\/\/www.gov.br\/ancine\/pt-br\/acesso-a-informacao\/dados-abertos\">ANCINE &#8211; Ag\u00eancia Nacional do Cinema<\/a><\/li>\n<li><a href=\"https:\/\/www.gov.br\/antaq\/pt-br\/acesso-a-informacao\/dados-abertos\">ANTAQ &#8211; Ag\u00eancia Nacional de Transportes Aquavi\u00e1rios<\/a><\/li>\n<li><a href=\"https:\/\/www.gov.br\/antt\/pt-br\/acesso-a-informacao\/dados-abertos\">ANTT &#8211; Ag\u00eancia Nacional de Transportes Terrestres<\/a><\/li>\n<li><a href=\"https:\/\/www.gov.br\/anac\/pt-br\/acesso-a-informacao\/dados-abertos\">ANAC &#8211; Ag\u00eancia Nacional de Avia\u00e7\u00e3o Civil<\/a><\/li>\n<li><a href=\"https:\/\/www.gov.br\/anvisa\/pt-br\/acessoainformacao\/dadosabertos\">ANVISA &#8211; Ag\u00eancia Nacional de Vigil\u00e2ncia Sanit\u00e1ria<\/a><\/li>\n<\/ul>\n<p>&nbsp;<\/p>\n<p>&nbsp;<\/p>\n<p>&nbsp;<\/p>\n<p>&nbsp;<\/p>\n<p>&nbsp;<\/p>\n","protected":false},"excerpt":{"rendered":"<p>ANATEL &#8211; Ag\u00eancia Nacional de Telecomunica\u00e7\u00f5es ANP &#8211; Ag\u00eancia Nacional do Petr\u00f3leo, G\u00e1s natural e Biocombust\u00edveis ANEEL &#8211; Ag\u00eancia Nacional&#8230;<\/p>\n","protected":false},"author":17,"featured_media":0,"parent":268,"menu_order":15,"comment_status":"open","ping_status":"open","template":"","meta":{"footnotes":""},"class_list":["post-603","page","type-page","status-publish","hentry"],"_links":{"self":[{"href":"https:\/\/uenf.br\/cch\/lesce\/wp-json\/wp\/v2\/pages\/603","targetHints":{"allow":["GET"]}}],"collection":[{"href":"https:\/\/uenf.br\/cch\/lesce\/wp-json\/wp\/v2\/pages"}],"about":[{"href":"https:\/\/uenf.br\/cch\/lesce\/wp-json\/wp\/v2\/types\/page"}],"author":[{"embeddable":true,"href":"https:\/\/uenf.br\/cch\/lesce\/wp-json\/wp\/v2\/users\/17"}],"replies":[{"embeddable":true,"href":"https:\/\/uenf.br\/cch\/lesce\/wp-json\/wp\/v2\/comments?post=603"}],"version-history":[{"count":0,"href":"https:\/\/uenf.br\/cch\/lesce\/wp-json\/wp\/v2\/pages\/603\/revisions"}],"up":[{"embeddable":true,"href":"https:\/\/uenf.br\/cch\/lesce\/wp-json\/wp\/v2\/pages\/268"}],"wp:attachment":[{"href":"https:\/\/uenf.br\/cch\/lesce\/wp-json\/wp\/v2\/media?parent=603"}],"curies":[{"name":"wp","href":"https:\/\/api.w.org\/{rel}","templated":true}]}}