{"id":687,"date":"2013-08-08T19:25:21","date_gmt":"2013-08-08T19:25:21","guid":{"rendered":"http:\/\/uenf.br\/cch\/lesce\/?page_id=687"},"modified":"2026-03-24T11:39:02","modified_gmt":"2026-03-24T11:39:02","slug":"dimensao-social","status":"publish","type":"page","link":"https:\/\/uenf.br\/cch\/lesce\/indicadores-sociais\/dimensao-social\/","title":{"rendered":"Dimens\u00e3o Social"},"content":{"rendered":"<p><span style=\"text-decoration: underline\"><span style=\"color: #000000\"><em><strong>POPULA\u00c7\u00c3O E DEMOGRAFIA<\/strong><\/em><\/span><\/span><\/p>\n<ul>\n<li><a style=\"font-size: 13px;line-height: 19px\" href=\"http:\/\/cidades.ibge.gov.br\/xtras\/home.php\" target=\"_blank\" rel=\"noopener\">Cidades<\/a><\/li>\n<li><a style=\"font-size: 13px;line-height: 19px\" href=\"http:\/\/www.ibge.gov.br\/estadosat\/\" target=\"_blank\" rel=\"noopener\">Estados<\/a><\/li>\n<li><a style=\"font-size: 13px;line-height: 19px\" href=\"http:\/\/www.ibge.gov.br\/paisesat\/main_frameset.php\" target=\"_blank\" rel=\"noopener\">Pa\u00edses<\/a><\/li>\n<li><a style=\"font-size: 13px;line-height: 19px\" href=\"http:\/\/www.censo2010.ibge.gov.br\/resultados\" target=\"_blank\" rel=\"noopener\">Censo Demogr\u00e1fico IBGE 2010<\/a><\/li>\n<li><a href=\"https:\/\/censo2022.ibge.gov.br\/\">Censo Demogr\u00e1fico IBGE 2022<\/a><\/li>\n<li><a style=\"font-size: 13px;line-height: 19px\" href=\"http:\/\/www.indexmundi.com\/pt\/\" target=\"_blank\" rel=\"noopener\">Lista de Pa\u00edses<\/a><\/li>\n<\/ul>\n<p>&nbsp;<\/p>\n<p><span style=\"text-decoration: underline\"><span style=\"color: #000000\"><em><strong>SA\u00daDE<\/strong><\/em><\/span><\/span><\/p>\n<ul>\n<li><a style=\"font-size: 13px;line-height: 19px\" href=\"http:\/\/www2.datasus.gov.br\/DATASUS\/index.php?area=0201\" target=\"_blank\" rel=\"noopener\">Indicadores de Sa\u00fade<\/a><\/li>\n<li><a href=\"http:\/\/www.ripsa.org.br\/\" target=\"_blank\" rel=\"noopener\">Rede interagencial de Informa\u00e7\u00f5es para a Sa\u00fade\u00a0<\/a><\/li>\n<\/ul>\n<p>&nbsp;<\/p>\n<p><span style=\"text-decoration: underline\"><span style=\"color: #000000\"><em><strong>EDUCA\u00c7\u00c3O<\/strong><\/em><\/span><\/span><\/p>\n<ul>\n<li><a href=\"https:\/\/uenf.br\/graduacao\/prograd-interativa\/\">Prograd UENF<\/a><\/li>\n<li><a href=\"https:\/\/www.gov.br\/inep\/pt-br\/areas-de-atuacao\/pesquisas-estatisticas-e-indicadores\/censo-da-educacao-superior\">Censo da Educa\u00e7\u00e3o Superior<\/a><\/li>\n<li><a href=\"https:\/\/www.gov.br\/inep\/pt-br\/areas-de-atuacao\/pesquisas-estatisticas-e-indicadores\/censo-escolar\">Censo Escolar<\/a><\/li>\n<li><a href=\"https:\/\/www.gov.br\/inep\/pt-br\/areas-de-atuacao\/pesquisas-estatisticas-e-indicadores\/anuario%20-a-educacao-profissional-e-tecnologica\">Anu\u00e1rio da Educa\u00e7\u00e3o Profissional e Tecnol\u00f3gica<\/a><\/li>\n<li><a href=\"https:\/\/www.gov.br\/inep\/pt-br\/areas-de-atuacao\/pesquisas-estatisticas-e-indicadores\/cine-brasil\">Classifica\u00e7\u00e3o Internacional Normalizada da Educa\u00e7\u00e3o Adaptada para Cursos de Gradua\u00e7\u00e3o e Sequencias de Forma\u00e7\u00e3o Espec\u00edfica (Cine Brasil)<\/a><\/li>\n<li><a href=\"https:\/\/www.gov.br\/inep\/pt-br\/areas-de-atuacao\/pesquisas-estatisticas-e-indicadores\/estatisticas-educacionais-internacionais\">Estat\u00edsticas Educacionais Internacionais<\/a><\/li>\n<li><a href=\"https:\/\/www.gov.br\/inep\/pt-br\/areas-de-atuacao\/pesquisas-estatisticas-e-indicadores\/fundeb\">Fundeb<\/a><\/li>\n<li><a href=\"https:\/\/www.gov.br\/inep\/pt-br\/areas-de-atuacao\/pesquisas-estatisticas-e-indicadores\/ideb\">Ideb<\/a><\/li>\n<li><a href=\"https:\/\/www.gov.br\/inep\/pt-br\/areas-de-atuacao\/pesquisas-estatisticas-e-indicadores\/indicadores-de-qualidade-da-educacao-superior\">Indicadores de Qualidade da Educa\u00e7\u00e3o Superior<\/a><\/li>\n<li><a href=\"https:\/\/www.gov.br\/inep\/pt-br\/areas-de-atuacao\/pesquisas-estatisticas-e-indicadores\/talis\">Pesquisa Internacional sobre Ensino e Aprendizagem (Talis)<\/a><\/li>\n<li><a href=\"https:\/\/www.gov.br\/inep\/pt-br\/acesso-a-informacao\/dados-abertos\/indicadores-educacionais\">Indicadores Educacionais<\/a><\/li>\n<li><a style=\"font-size: 13px;line-height: 19px\" href=\"http:\/\/geocapes.capes.gov.br\/geocapesds\/#\">CAPES &#8211; Sistemas de Informa\u00e7\u00e3o Georreferenciadas<\/a><\/li>\n<li><a style=\"font-size: 13px;line-height: 19px\" href=\"http:\/\/emec.mec.gov.br\/\">Cadastro Nacional de Cursos e Institui\u00e7\u00f5es de Ensino Superior<\/a><\/li>\n<li><a href=\"http:\/\/estatico.cnpq.br\/painelLattes\/\" target=\"_blank\" rel=\"noopener\">Estat\u00edsticas da Base de Curr\u00edculos da Plataforma Lattes<\/a><\/li>\n<li><a href=\"http:\/\/painel.mec.gov.br\/\" target=\"_blank\" rel=\"noopener\">Painel da Educa\u00e7\u00e3o (MEC)<\/a><\/li>\n<\/ul>\n<p>&nbsp;<\/p>\n<p><span style=\"text-decoration: underline\"><span style=\"color: #000000\"><em><strong>DESENVOLVIMENTO HUMANO<\/strong><\/em><\/span><\/span><\/p>\n<ul>\n<li><a style=\"font-size: 13px;line-height: 19px\" href=\"http:\/\/www.pnud.org.br\/IDH\/DH.aspx?indiceAccordion=0\">IDH &#8211; \u00cdndice de Desenvolvimento Humano<\/a><\/li>\n<li><a style=\"font-size: 13px;line-height: 19px\" href=\"http:\/\/www.atlasbrasil.org.br\/2013\/\">Atlas do Desenvolvimento Humano 2013<\/a><\/li>\n<li><a style=\"font-size: 13px;line-height: 19px\" href=\"http:\/\/201.48.15.25\/idv\/tela_uf_e_mun.php\">Vulnerabilidade Social<\/a><\/li>\n<li><a style=\"font-size: 13px;line-height: 19px\" href=\"http:\/\/aplicacoes.mds.gov.br\/sagi\/cecad\/sobre_tabcad.php\"><span style=\"font-size: 13px;line-height: 19px\">Perfil dos Usu\u00e1rios de Programas Sociais<\/span><\/a><\/li>\n<li><a style=\"font-size: 13px;line-height: 19px\" href=\"http:\/\/aplicacoes.mds.gov.br\/sagi\/RIv3\/geral\/index.php?kseg=1&amp;apaga=1\">Relat\u00f3rio de Informa\u00e7\u00f5es Sociais<\/a><\/li>\n<li><a style=\"font-size: 13px;line-height: 19px\" href=\"http:\/\/www.firjan.org.br\/ifdm\/\">\u00cdndice FIRJAN de Desenvolvimento Municipal<\/a><\/li>\n<li><a href=\"http:\/\/www.ibge.gov.br\/estadic_social_2012\/\" target=\"_blank\" rel=\"noopener\">Perfil dos Estados Brasileiros &#8211; <em>Assist\u00eancia Social<\/em><\/a><\/li>\n<li><a href=\"http:\/\/aplicacoes.mds.gov.br\/sagirmps\/idv\/tela_uf_e_mun.php\" target=\"_blank\" rel=\"noopener\">Identifica\u00e7\u00e3o das Localidades e Fam\u00edlias em Situa\u00e7\u00e3o de Vulnerabilidade<\/a><\/li>\n<li><a href=\"http:\/\/aplicacoes.mds.gov.br\/sagirmps\/METRO\/metro.php?p_id=4\" target=\"_blank\" rel=\"noopener\">DataSocial<\/a><\/li>\n<li><a href=\"http:\/\/www.nadd.prp.usp.br\/cis\/InstrucaoDeUso.aspx\" target=\"_blank\" rel=\"noopener\">Cons\u00f3rcio de Informa\u00e7\u00f5es Sociais<\/a><\/li>\n<\/ul>\n<p>&nbsp;<\/p>\n<p><span style=\"text-decoration: underline\"><span style=\"color: #000000\"><em><strong>SEGURAN\u00c7A P\u00daBLICA<\/strong><\/em><\/span><\/span><\/p>\n<ul>\n<li><a href=\"https:\/\/www.isp.rj.gov.br\/\">Seguran\u00e7a P\u00fablica do Estado de Rio de Janeiro<\/a><\/li>\n<\/ul>\n","protected":false},"excerpt":{"rendered":"<p>POPULA\u00c7\u00c3O E DEMOGRAFIA Cidades Estados Pa\u00edses Censo Demogr\u00e1fico IBGE 2010 Censo Demogr\u00e1fico IBGE 2022 Lista de Pa\u00edses &nbsp; SA\u00daDE Indicadores&#8230;<\/p>\n","protected":false},"author":17,"featured_media":0,"parent":268,"menu_order":0,"comment_status":"open","ping_status":"open","template":"","meta":{"footnotes":""},"class_list":["post-687","page","type-page","status-publish","hentry"],"_links":{"self":[{"href":"https:\/\/uenf.br\/cch\/lesce\/wp-json\/wp\/v2\/pages\/687","targetHints":{"allow":["GET"]}}],"collection":[{"href":"https:\/\/uenf.br\/cch\/lesce\/wp-json\/wp\/v2\/pages"}],"about":[{"href":"https:\/\/uenf.br\/cch\/lesce\/wp-json\/wp\/v2\/types\/page"}],"author":[{"embeddable":true,"href":"https:\/\/uenf.br\/cch\/lesce\/wp-json\/wp\/v2\/users\/17"}],"replies":[{"embeddable":true,"href":"https:\/\/uenf.br\/cch\/lesce\/wp-json\/wp\/v2\/comments?post=687"}],"version-history":[{"count":0,"href":"https:\/\/uenf.br\/cch\/lesce\/wp-json\/wp\/v2\/pages\/687\/revisions"}],"up":[{"embeddable":true,"href":"https:\/\/uenf.br\/cch\/lesce\/wp-json\/wp\/v2\/pages\/268"}],"wp:attachment":[{"href":"https:\/\/uenf.br\/cch\/lesce\/wp-json\/wp\/v2\/media?parent=687"}],"curies":[{"name":"wp","href":"https:\/\/api.w.org\/{rel}","templated":true}]}}