{"id":721,"date":"2013-08-13T21:07:10","date_gmt":"2013-08-13T21:07:10","guid":{"rendered":"http:\/\/uenf.br\/cch\/lesce\/?page_id=721"},"modified":"2026-02-25T17:38:13","modified_gmt":"2026-02-25T17:38:13","slug":"disciplinas","status":"publish","type":"page","link":"https:\/\/uenf.br\/cch\/lesce\/ensino\/disciplinas\/","title":{"rendered":"Disciplinas"},"content":{"rendered":"<p><a href=\"https:\/\/uenf.br\/cch\/lesce\/files\/2025\/08\/PPC_Ciencias_Sociais.pdf\">Projeto Pedag\u00f3gico do Curso de Bacharelado em Ciencias_Sociais<\/a><\/p>\n<p><a href=\"https:\/\/uenf.br\/cch\/lesce\/files\/2025\/08\/Horario-CISO-2025.2-atualizado.pdf\">Hor\u00e1rio CISO 2025.2 atualizado<\/a><\/p>\n<p><a href=\"https:\/\/uenf.br\/cch\/lesce\/files\/2026\/02\/Horario-CISO-2026.1-atualizado-em-06.02.26.pdf\">Hor\u00e1rio CISO 2026.1 atualizado em 06.02.26<\/a><\/p>\n","protected":false},"excerpt":{"rendered":"<p>Projeto Pedag\u00f3gico do Curso de Bacharelado em Ciencias_Sociais Hor\u00e1rio CISO 2025.2 atualizado Hor\u00e1rio CISO 2026.1 atualizado em 06.02.26<\/p>\n","protected":false},"author":17,"featured_media":0,"parent":20,"menu_order":2,"comment_status":"open","ping_status":"open","template":"","meta":{"footnotes":""},"class_list":["post-721","page","type-page","status-publish","hentry"],"_links":{"self":[{"href":"https:\/\/uenf.br\/cch\/lesce\/wp-json\/wp\/v2\/pages\/721","targetHints":{"allow":["GET"]}}],"collection":[{"href":"https:\/\/uenf.br\/cch\/lesce\/wp-json\/wp\/v2\/pages"}],"about":[{"href":"https:\/\/uenf.br\/cch\/lesce\/wp-json\/wp\/v2\/types\/page"}],"author":[{"embeddable":true,"href":"https:\/\/uenf.br\/cch\/lesce\/wp-json\/wp\/v2\/users\/17"}],"replies":[{"embeddable":true,"href":"https:\/\/uenf.br\/cch\/lesce\/wp-json\/wp\/v2\/comments?post=721"}],"version-history":[{"count":0,"href":"https:\/\/uenf.br\/cch\/lesce\/wp-json\/wp\/v2\/pages\/721\/revisions"}],"up":[{"embeddable":true,"href":"https:\/\/uenf.br\/cch\/lesce\/wp-json\/wp\/v2\/pages\/20"}],"wp:attachment":[{"href":"https:\/\/uenf.br\/cch\/lesce\/wp-json\/wp\/v2\/media?parent=721"}],"curies":[{"name":"wp","href":"https:\/\/api.w.org\/{rel}","templated":true}]}}