{"id":13,"date":"2013-06-07T12:13:06","date_gmt":"2013-06-07T12:13:06","guid":{"rendered":"http:\/\/uenf.br\/cch\/lgpp\/?page_id=13"},"modified":"2025-12-02T19:38:46","modified_gmt":"2025-12-02T19:38:46","slug":"corpo-docente","status":"publish","type":"page","link":"https:\/\/uenf.br\/cch\/lgpp\/corpo-docente\/","title":{"rendered":"Corpo Docente"},"content":{"rendered":"<p class=\"nome\"><strong>David Maciel de Mello Neto<\/strong><\/p>\n<p>Professor associado no Laborat\u00f3rio de Gest\u00e3o e Pol\u00edticas P\u00fablicas da Universidade Estadual do Norte Fluminense Darcy Ribeiro (PPGSP\/UENF). Possuo gradua\u00e7\u00e3o em Ci\u00eancias Sociais pela Universidade Federal do Rio de Janeiro (2011), com mestrado e doutorado em sociologia pelo PPGSA\/UFRJ. Minha experi\u00eancia de pesquisa \u00e9 em temas relacionados \u00e0 viol\u00eancia urbana e seguran\u00e7a p\u00fablica, tanto em abordagens qualitativas como quantitativas. Fui p\u00f3s-doutorando no Programa P\u00f3s-Gradua\u00e7\u00e3o em Sociologia Pol\u00edtica da Universidade Estadual do Norte Fluminense (PPGSP\/UENF) entre 2019 e 2020, p\u00f3s-doutorando no PPGSA\/UFRJ, com bolsa de p\u00f3s-doutorado j\u00fanior concedida pelo CNPq, entre 2020 e 2021, e p\u00f3s-doutorando pelo PPGSA\/UFRJ, com uma bolsa FAPERJ PDR-10.<\/p>\n<p>Email:davidmaciel@uenf.br<br \/>\n<a href=\"https:\/\/buscatextual.cnpq.br\/buscatextual\/visualizacv.do?id=K4407453A4&amp;tokenCaptchar=03AKH6MRGlqkTQETnZuOeiE7yZk36IOKRMCDuOpnaq7vWlfC0ST-wtcqMXdZ3Xcy7Bhrt0knmJIS9HtzU6PiaxvcRy3N8ZqqHk0cNOhhriABFD5ALTOCBXD5oXHR7w-ySXiJxNIlB-hW2ulHlp88xfHpeJYzrg6ln2dhy0yjWw5Da1X1MG-OyOJhaIHDEPvcaIRXWnY8rqWSW4BTItyoB1NROJYdUILl_1dAf6oWTFmJ4ATBXUSk-F5rl35qwjcLDXUT3rzUtmpf33NnzZ72baX6V-Rhf6CQuOfmoVWNjbvtrgKJDUNnf1cLQMeFoqUBOi9ZXrKCXqH31oEjHZtafbc0soyPvVsD6s8adyUJnNsUslb2gCuAN_eCzpAX_SAcPavHad2LB3xnJt_GvxQT5Ndhmo7buo7w7Or0UoCp8vzrkQndYrSjLzpqnD-aGiFQ4VAATA9xjv8vVn_wGzHTijLAvi_Jpcc-6xBMCrW4LyJt7e6wbZ9URxsvm0p2q1yqT8iwpVygD4obGQKFcfX6Ep2KvtVgRbqwZjvQ\">Curr\u00edculo Lattes<\/a><br \/>\nOrcid: https:\/\/orcid.org\/0000-0002-2391-1312<\/p>\n<p>======================================================<\/p>\n<p class=\"nome\"><strong>Edson Terra Azevedo Filho<\/strong><\/p>\n<p>Doutorado em Sociologia Pol\u00edtica pela Universidade Estadual do Norte Fluminense \u2013 UENF (CCH), Mestrado em Engenharia de Produ\u00e7\u00e3o pela UENF (CCT) e Gradua\u00e7\u00e3o em Administra\u00e7\u00e3o pela Universidade Federal Fluminense \u2013 UFF. Professor Associado na UENF do Laborat\u00f3rio de Engenharia de Produ\u00e7\u00e3o \u2013 LEPROD. Diretor Financeiro da incubadora TecCampos na gest\u00e3o 2016-2019. Possui como \u00e1reas de interesse: empreendedorismo, gest\u00e3o e prospectiva estrat\u00e9gica, desenvolvimento regional e inova\u00e7\u00e3o tecnol\u00f3gica.<\/p>\n<p>Email:\u00a0<a class=\"o_h J_x mq_CZ G_e r_P C_Z2aVTcY S4_U\" title=\"edsonterrafilho@gmail.com\">edsonterrafilho@gmail.com<\/a><br \/>\n<a href=\"http:\/\/buscatextual.cnpq.br\/buscatextual\/visualizacv.do?id=K4219205U6\">Curr\u00edculo Lattes<\/a><br \/>\nOrcid: https:\/\/orcid.org\/0000-0003-4071-5150<\/p>\n<p>======================================================<\/p>\n<p><strong>Joseane de Souza<\/strong><\/p>\n<p style=\"text-align: justify\">Graduada em Ci\u00eancias Econ\u00f4micas pela Universidade Federal de Minas Gerais, mestre e doutora em Demografia pelo Cedeplar\/FACE\/Universidade Federal de Minas Gerais. Professora associada da Universidade Estadual do Norte Fluminense Darcy Ribeiro (UENF), lotada no Laborat\u00f3rio de Gest\u00e3o e Pol\u00edticas P\u00fablicas (LGPP) do Centro de Ci\u00eancias do Homem (CCH). Docente nos cursos de Gradua\u00e7\u00e3o em Administra\u00e7\u00e3o P\u00fablica e Ci\u00eancias Sociais e do Programa de P\u00f3s Gradua\u00e7\u00e3o em Pol\u00edticas Sociais (Docente Permanente). Coordenadora de disciplina no curso EAD de Licenciatura em Pedagogia, Funda\u00e7\u00e3o CECIERJ\/Cons\u00f3rcio Cederj. Coordenadora do Curso de Gradua\u00e7\u00e3o em Administra\u00e7\u00e3o P\u00fablica desde Outubro de 2013. \u00c1reas de pesquisa: migra\u00e7\u00f5es internas, migra\u00e7\u00f5es intrametropolitanas, expans\u00e3o urbana, movimentos pendulares e planejamento urbano e regional.<\/p>\n<p>Email:\u00a0<a href=\"mailto:josouza_bh@hotmail.com\">joseanedesouza.souza@gmail.com<\/a><br \/>\n<a href=\"http:\/\/buscatextual.cnpq.br\/buscatextual\/visualizacv.do?id=K4703172E2\" target=\"_blank\" rel=\"noopener\">Curr\u00edculo Lattes<\/a><br \/>\nOrcid: https:\/\/orcid.org\/0000-0002-3555-5423<\/p>\n<p>======================================================<\/p>\n<p><strong>Mauro Macedo Campos<\/strong><\/p>\n<p style=\"text-align: justify\">Possui gradua\u00e7\u00e3o em Ci\u00eancias Econ\u00f4micas, especializa\u00e7\u00e3o em Sa\u00fade P\u00fablica\/Auditoria de Sistemas de Sa\u00fade, mestrado em Ci\u00eancias Sociais: Gest\u00e3o de Cidades e doutorado em Ci\u00eancia Pol\u00edtica pela Universidade Federal de Minas Gerais (UFMG). P\u00f3s-Doutorado em Ci\u00eancia Pol\u00edtica pela UNICAMP. Atualmente \u00e9 professor e pesquisador associado da Universidade Estadual do Norte Fluminense Darcy Ribeiro (UENF), atuando junto ao Programa de P\u00f3s-Gradua\u00e7\u00e3o em Sociologia Pol\u00edtica (PPGSP). \u00c9 Bolsista em Produtividade em Pesquisa do CNPq &#8211; N\u00edvel 2; e Bolsista do Programa Cientista do Nosso Estado \/ FAPERJ. Atua na gest\u00e3o financeira da Associa\u00e7\u00e3o Latino-Americana de Ci\u00eancia Pol\u00edtica (ALACIP\/BR). Coordenador de disciplina no Cons\u00f3rcio CEDERJ\/CECIERJ. Foi coordenador do Grupo de Trabalho em Financiamento Pol\u00edtico, da Associa\u00e7\u00e3o Nacional de Programas de P\u00f3s-gradua\u00e7\u00e3o em Ci\u00eancias Sociais (ANPOCS), entre os anos de 2013 e 2015. Trabalhou por 15 anos como auditor e consultor externo. Tem experi\u00eancia nas \u00e1reas de Gest\u00e3o P\u00fablica e Ci\u00eancia Pol\u00edtica, com \u00eanfase em Pol\u00edticas P\u00fablicas, Auditoria e Controle, Institui\u00e7\u00f5es Pol\u00edticas; e Financiamento Partid\u00e1rio-Eleitoral.<\/p>\n<p>Email:\u00a0<a href=\"mailto:mauromcampos@yahoo.com.br\">mauromcampos@yahoo.com.br<\/a><br \/>\n<a href=\"http:\/\/lattes.cnpq.br\/9868180374193429\" target=\"_blank\" rel=\"noopener\">Curr\u00edculo Lattes<\/a><br \/>\nOrcid: https:\/\/orcid.org\/0000-0001-9472-5165<\/p>\n<p>========================================================<\/p>\n<p><strong>Nilo Lima de Azevedo<\/strong><\/p>\n<p style=\"text-align: justify\">Possui gradua\u00e7\u00e3o em Direito, Mestrado em Ci\u00eancias Sociais pela Universidade Federal de Juiz de Fora e Doutorado em Sociologia Pol\u00edtica pela Universidade Estadual do Norte Fluminense. Atualmente exerce o cargo de Professor Associado da Universidade Estadual do Norte Fluminense. Membro do Laborat\u00f3rio de Gest\u00e3o e Pol\u00edticas P\u00fablicas, Membro do Programa de P\u00f3s-Gradua\u00e7\u00e3o em Pol\u00edticas Sociais, Professor na \u00e1rea de Direito e Estado no Curso de Gradua\u00e7\u00e3o em Administra\u00e7\u00e3o P\u00fablica.<\/p>\n<p>Email: azevedo.nilo@uol.com.br<br \/>\n<a href=\"http:\/\/buscatextual.cnpq.br\/buscatextual\/visualizacv.do?id=K4764048D9\">Curr\u00edculo Lattes<\/a><\/p>\n<p>==========================================================<\/p>\n<p><strong>Roberto Dutra torres Junior<\/strong><\/p>\n<p style=\"text-align: justify\">Doutor em Sociologia pela Humboldt Universit\u00e4t zu Berlin, mestre em Pol\u00edticas Sociais pela UENF. Foi Diretor de Estudos e Pol\u00edticas do Estado, das Institui\u00e7\u00f5es e da Democracia no IPEA. \u00c9 Professor Associado do Laborat\u00f3rio de Gest\u00e3o e Pol\u00edticas P\u00fablicas (LGPP), Universidade Estadual do Norte Fluminense Darcy Ribeiro (UENF). Membro associado da Sociedade Brasileira de Sociologia (SBS). Temas de pesquisa: teoria social, sociologia da estratifica\u00e7\u00e3o social, sociologia da religi\u00e3o, teoria do reconhecimento social, teoria da modernidade, teoria dos sistemas, sociologia da administra\u00e7\u00e3o p\u00fablica. \u00c9 bolsista de produtividade do CNPQ (PQ-2) e Jovem Cientista do Nosso Estado ?FAPERJ, com cujo financiamento conduz o projeto de pesquisa: Teoria social sist\u00eamica das desigualdades sociais.<\/p>\n<p>Email: robertodtj@yahoo.com.br<br \/>\n<a href=\"http:\/\/buscatextual.cnpq.br\/buscatextual\/visualizacv.do?id=K4779789T0\">Curr\u00edculo Lattes<\/a><br \/>\nOrcid: https:\/\/orcid.org\/0000-0001-7854-1139<\/p>\n<p>==========================================================<\/p>\n<p>&nbsp;<\/p>\n<p>&nbsp;<\/p>\n","protected":false},"excerpt":{"rendered":"<p>David Maciel de Mello Neto Professor associado no Laborat\u00f3rio de Gest\u00e3o e Pol\u00edticas P\u00fablicas da Universidade Estadual do Norte Fluminense&#8230;<\/p>\n","protected":false},"author":16,"featured_media":0,"parent":0,"menu_order":0,"comment_status":"open","ping_status":"open","template":"","meta":{"footnotes":""},"class_list":["post-13","page","type-page","status-publish","hentry"],"_links":{"self":[{"href":"https:\/\/uenf.br\/cch\/lgpp\/wp-json\/wp\/v2\/pages\/13","targetHints":{"allow":["GET"]}}],"collection":[{"href":"https:\/\/uenf.br\/cch\/lgpp\/wp-json\/wp\/v2\/pages"}],"about":[{"href":"https:\/\/uenf.br\/cch\/lgpp\/wp-json\/wp\/v2\/types\/page"}],"author":[{"embeddable":true,"href":"https:\/\/uenf.br\/cch\/lgpp\/wp-json\/wp\/v2\/users\/16"}],"replies":[{"embeddable":true,"href":"https:\/\/uenf.br\/cch\/lgpp\/wp-json\/wp\/v2\/comments?post=13"}],"version-history":[{"count":0,"href":"https:\/\/uenf.br\/cch\/lgpp\/wp-json\/wp\/v2\/pages\/13\/revisions"}],"wp:attachment":[{"href":"https:\/\/uenf.br\/cch\/lgpp\/wp-json\/wp\/v2\/media?parent=13"}],"curies":[{"name":"wp","href":"https:\/\/api.w.org\/{rel}","templated":true}]}}