{"id":151,"date":"2015-04-06T13:15:10","date_gmt":"2015-04-06T13:15:10","guid":{"rendered":"http:\/\/uenf.br\/cch\/lgpp\/?page_id=151"},"modified":"2015-04-06T13:16:46","modified_gmt":"2015-04-06T13:16:46","slug":"tecnico-de-nivel-superior","status":"publish","type":"page","link":"https:\/\/uenf.br\/cch\/lgpp\/tecnico-de-nivel-superior\/","title":{"rendered":"T\u00e9cnico de N\u00edvel Superior"},"content":{"rendered":"<p style=\"text-align: justify\"><strong>Carlos Gustavo Sarmet Moreira Smirdele<\/strong><\/p>\n<p style=\"text-align: justify\">Possui gradua\u00e7\u00e3o em Comunica\u00e7\u00e3o Social \/ Habilita\u00e7\u00e3o em Jornalismo pela Escola de Comunica\u00e7\u00e3o da Universidade Federal do Rio de Janeiro (UFRJ, 1991), mestrado em Pol\u00edticas Sociais pela Universidade Estadual do Norte Fluminense Darcy Ribeiro (Uenf, 2004) e doutorado em Sociologia Pol\u00edtica pela Uenf (2011). Autor de dois livros e organizador de outros dois, tem trabalhos publicados sobre cultura pol\u00edtica e sobre a interface entre pol\u00edtica e religi\u00e3o, com \u00eanfase no engajamento pol\u00edtico-eleitoral de atores evang\u00e9licos. Tem experi\u00eancia no ensino de disciplinas ligadas \u00e0 Pol\u00edtica e \u00e0 Sociologia na gradua\u00e7\u00e3o e na p\u00f3s-gradua\u00e7\u00e3o. Atuou por 12 anos (1986-1998) como servidor do Banco do Brasil S.A.e ingressou no quadro t\u00e9cnico da Uenf em 1998, ap\u00f3s aprova\u00e7\u00e3o em primeiro lugar em concurso p\u00fablico para a \u00e1rea de Comunica\u00e7\u00e3o Social. Nesta \u00e1rea, tem coordenado ou participado de diversos projetos e a\u00e7\u00f5es de populariza\u00e7\u00e3o da ci\u00eancia, tais como colunas em jornais, colet\u00e2neas de mat\u00e9rias sobre ci\u00eancia, blog de divulga\u00e7\u00e3o cient\u00edfica, edi\u00e7\u00e3o de revistas e organiza\u00e7\u00e3o de eventos sobre a tem\u00e1tica.<\/p>\n","protected":false},"excerpt":{"rendered":"<p>Carlos Gustavo Sarmet Moreira Smirdele Possui gradua\u00e7\u00e3o em Comunica\u00e7\u00e3o Social \/ Habilita\u00e7\u00e3o em Jornalismo pela Escola de Comunica\u00e7\u00e3o da Universidade&#8230;<\/p>\n","protected":false},"author":16,"featured_media":0,"parent":0,"menu_order":0,"comment_status":"open","ping_status":"open","template":"","meta":{"footnotes":""},"class_list":["post-151","page","type-page","status-publish","hentry"],"_links":{"self":[{"href":"https:\/\/uenf.br\/cch\/lgpp\/wp-json\/wp\/v2\/pages\/151","targetHints":{"allow":["GET"]}}],"collection":[{"href":"https:\/\/uenf.br\/cch\/lgpp\/wp-json\/wp\/v2\/pages"}],"about":[{"href":"https:\/\/uenf.br\/cch\/lgpp\/wp-json\/wp\/v2\/types\/page"}],"author":[{"embeddable":true,"href":"https:\/\/uenf.br\/cch\/lgpp\/wp-json\/wp\/v2\/users\/16"}],"replies":[{"embeddable":true,"href":"https:\/\/uenf.br\/cch\/lgpp\/wp-json\/wp\/v2\/comments?post=151"}],"version-history":[{"count":0,"href":"https:\/\/uenf.br\/cch\/lgpp\/wp-json\/wp\/v2\/pages\/151\/revisions"}],"wp:attachment":[{"href":"https:\/\/uenf.br\/cch\/lgpp\/wp-json\/wp\/v2\/media?parent=151"}],"curies":[{"name":"wp","href":"https:\/\/api.w.org\/{rel}","templated":true}]}}