{"id":2,"date":"2013-03-19T13:07:49","date_gmt":"2013-03-19T13:07:49","guid":{"rendered":"http:\/\/uenf.br\/cch\/lgpp\/?page_id=2"},"modified":"2015-11-12T18:44:29","modified_gmt":"2015-11-12T18:44:29","slug":"apresentacao","status":"publish","type":"page","link":"https:\/\/uenf.br\/cch\/lgpp\/","title":{"rendered":"Apresenta\u00e7\u00e3o"},"content":{"rendered":"<p>&nbsp;<\/p>\n<p style=\"text-align: justify\">O Laborat\u00f3rio de Gest\u00e3o e Pol\u00edticas P\u00fablicas do Centro de Ci\u00eancia do Homem da UENF tem como objetivo atuar tanto no campo de pesquisa, como no de ensino e extens\u00e3o, priorizando os desafios da gest\u00e3o de pol\u00edticas p\u00fablicas. O LGPP se prop\u00f5e a produzir estudos e pesquisas que subsidiem reformula\u00e7\u00f5es de procedimentos e decis\u00f5es nas diferentes esferas de governo, bem como atender, dentro de suas possibilidades, a problemas estrat\u00e9gicos de gest\u00e3o p\u00fablica. A partir dos insumos das Ci\u00eancias Sociais <em>lato sensu<\/em> e das disciplinas instrumentais, o LGPP tem por miss\u00e3o\u00a0 ser um <em>locus<\/em> de refer\u00eancia em pol\u00edticas p\u00fablicas, capaz de inovar e irradiar boas pr\u00e1ticas de gest\u00e3o p\u00fablica. Essas a\u00e7\u00f5es visam suprir lacuna relativa a dissemina\u00e7\u00e3o de conceitos e tecnologia inovadores que aumentem a compet\u00eancia e a capacidade de resolver problemas nas \u00e1reas de governabilidade, governan\u00e7a e na gest\u00e3o de pol\u00edticas p\u00fablicas.<\/p>\n<p style=\"text-align: justify\">\n","protected":false},"excerpt":{"rendered":"<p>&nbsp; O Laborat\u00f3rio de Gest\u00e3o e Pol\u00edticas P\u00fablicas do Centro de Ci\u00eancia do Homem da UENF tem como objetivo atuar&#8230;<\/p>\n","protected":false},"author":16,"featured_media":0,"parent":0,"menu_order":0,"comment_status":"open","ping_status":"closed","template":"","meta":{"footnotes":""},"class_list":["post-2","page","type-page","status-publish","hentry"],"_links":{"self":[{"href":"https:\/\/uenf.br\/cch\/lgpp\/wp-json\/wp\/v2\/pages\/2","targetHints":{"allow":["GET"]}}],"collection":[{"href":"https:\/\/uenf.br\/cch\/lgpp\/wp-json\/wp\/v2\/pages"}],"about":[{"href":"https:\/\/uenf.br\/cch\/lgpp\/wp-json\/wp\/v2\/types\/page"}],"author":[{"embeddable":true,"href":"https:\/\/uenf.br\/cch\/lgpp\/wp-json\/wp\/v2\/users\/16"}],"replies":[{"embeddable":true,"href":"https:\/\/uenf.br\/cch\/lgpp\/wp-json\/wp\/v2\/comments?post=2"}],"version-history":[{"count":0,"href":"https:\/\/uenf.br\/cch\/lgpp\/wp-json\/wp\/v2\/pages\/2\/revisions"}],"wp:attachment":[{"href":"https:\/\/uenf.br\/cch\/lgpp\/wp-json\/wp\/v2\/media?parent=2"}],"curies":[{"name":"wp","href":"https:\/\/api.w.org\/{rel}","templated":true}]}}