{"id":89,"date":"2015-06-03T16:35:49","date_gmt":"2015-06-03T16:35:49","guid":{"rendered":"http:\/\/uenf.br\/cch\/lgpp\/?page_id=89"},"modified":"2015-06-03T16:35:49","modified_gmt":"2015-06-03T16:35:49","slug":"lgpp-alacip","status":"publish","type":"page","link":"https:\/\/uenf.br\/cch\/lgpp\/lgpp-alacip\/","title":{"rendered":"LGPP \/ ALACIP"},"content":{"rendered":"<p style=\"text-align: justify\"><a title=\"Alacip\" href=\"http:\/\/alacip.org\/\" target=\"_blank\"><img loading=\"lazy\" decoding=\"async\" class=\"alignleft\" src=\"http:\/\/uenf.br\/pos-graduacao\/sociologia-politica\/files\/2013\/05\/alacip2-300x199.jpg\" alt=\"alacip\" width=\"243\" height=\"161\" \/><\/a>Desde setembro de 2012 a sede administrativa da Associa\u00e7\u00e3o Latino Americana de Ci\u00eancia Pol\u00edtica \u2013 ALACIP \u2013 est\u00e1 funcionando no Laborat\u00f3rio de Gest\u00e3o e Pol\u00edticas P\u00fablicas da Universidade Estadual do Norte Fluminense.<\/p>\n<p style=\"text-align: justify\">A transfer\u00eancia da sede (que se encontrava na Universidade Federal de Minas Gerais) ocorreu gra\u00e7as a um acordo entre a Alacip e a Coordena\u00e7\u00e3o do Laborat\u00f3rio.<\/p>\n<p style=\"text-align: justify\">A Associa\u00e7\u00e3o Latino Americana de Ci\u00eancia Pol\u00edtica \u2013 ALACIP \u00e9 uma organiza\u00e7\u00e3o cient\u00edfica internacional sem fins lucrativos, formada por acad\u00eamicos, pesquisadores e profissionais, destinada a promover o desenvolvimento dos estudos de Ci\u00eancia Pol\u00edtica sobre Am\u00e9rica Latina e Caribe. Para cumprir suas fun\u00e7\u00f5es, a Associa\u00e7\u00e3o leva em conta as atividades que se desenvolvem\u00a0 na disciplina a n\u00edvel internacional, regional e sub-regional. As l\u00ednguas oficiais da ALACIP s\u00e3o o espanhol e o portugu\u00eas.<\/p>\n<p style=\"text-align: justify\">Desde de que se instalou na UENF a ALACIP promoveu a visita de um representante do Grupo Poder Judicial na Am\u00e9rica Latina e organizou, juntamente com o Instituto de estudos Sociais e Pol\u00edticos (IESP\/ UERJ) e a Flacso Brasil o Semin\u00e1rio Pol\u00edtica e Sociedade na Am\u00e9rica Latina, realizado em 2 etapas, nos dias 06 e 07 de dezembro de 2012, no IESP e no dia 12 de dezembro na UENF.<\/p>\n<p style=\"text-align: justify\">O semin\u00e1rio contou com a presen\u00e7a do secret\u00e1rio geral da ALACIP \u2013 Professor Glaucio Soares e representantes dos grupos Alacip Joven, Estados Institui\u00e7\u00f5es e Desenvolvimento e\u00a0 Poder Judicial na Am\u00e9rica Latina. Al\u00e9m das participa\u00e7\u00f5es dos grupos, os estudantes da p\u00f3s-gradua\u00e7\u00e3o em Sociologia Pol\u00edtica da UENF apresentaram seus projetos e o resultado de suas pesquisas.<\/p>\n","protected":false},"excerpt":{"rendered":"<p>Desde setembro de 2012 a sede administrativa da Associa\u00e7\u00e3o Latino Americana de Ci\u00eancia Pol\u00edtica \u2013 ALACIP \u2013 est\u00e1 funcionando no&#8230;<\/p>\n","protected":false},"author":16,"featured_media":0,"parent":0,"menu_order":0,"comment_status":"open","ping_status":"open","template":"","meta":{"footnotes":""},"class_list":["post-89","page","type-page","status-publish","hentry"],"_links":{"self":[{"href":"https:\/\/uenf.br\/cch\/lgpp\/wp-json\/wp\/v2\/pages\/89","targetHints":{"allow":["GET"]}}],"collection":[{"href":"https:\/\/uenf.br\/cch\/lgpp\/wp-json\/wp\/v2\/pages"}],"about":[{"href":"https:\/\/uenf.br\/cch\/lgpp\/wp-json\/wp\/v2\/types\/page"}],"author":[{"embeddable":true,"href":"https:\/\/uenf.br\/cch\/lgpp\/wp-json\/wp\/v2\/users\/16"}],"replies":[{"embeddable":true,"href":"https:\/\/uenf.br\/cch\/lgpp\/wp-json\/wp\/v2\/comments?post=89"}],"version-history":[{"count":0,"href":"https:\/\/uenf.br\/cch\/lgpp\/wp-json\/wp\/v2\/pages\/89\/revisions"}],"wp:attachment":[{"href":"https:\/\/uenf.br\/cch\/lgpp\/wp-json\/wp\/v2\/media?parent=89"}],"curies":[{"name":"wp","href":"https:\/\/api.w.org\/{rel}","templated":true}]}}