{"id":34,"date":"2015-05-19T15:51:36","date_gmt":"2015-05-19T15:51:36","guid":{"rendered":"http:\/\/uenf.br\/cch\/officinacultural\/?page_id=34"},"modified":"2015-05-20T15:10:14","modified_gmt":"2015-05-20T15:10:14","slug":"politica-cultural","status":"publish","type":"page","link":"https:\/\/uenf.br\/cch\/officinacultural\/linhas-de-pesquisa\/politica-cultural\/","title":{"rendered":"Pol\u00edticas de Cultura, Patrim\u00f4nio Cultural e Educa\u00e7\u00e3o Patrimonial"},"content":{"rendered":"<p><strong>Objetivo: <\/strong>Observar, acompanhar e analisar as pol\u00edticas p\u00fablicas de cultura contempor\u00e2neas e sua articula\u00e7\u00e3o, com destaque \u00e0quelas relacionadas ao patrim\u00f4nio cultural, com \u00eanfase no Estado do Rio de Janeiro. Conhecer os intelectuais do patrim\u00f4nio no Estado e seus percursos. Estimular projetos de Educa\u00e7\u00e3o Patrimonial. Sistematizar dados relativos aos indicadores culturais na regi\u00e3o.<\/p>\n","protected":false},"excerpt":{"rendered":"<p>Objetivo: Observar, acompanhar e analisar as pol\u00edticas p\u00fablicas de cultura contempor\u00e2neas e sua articula\u00e7\u00e3o, com destaque \u00e0quelas relacionadas ao patrim\u00f4nio&#8230;<\/p>\n","protected":false},"author":19,"featured_media":0,"parent":32,"menu_order":0,"comment_status":"closed","ping_status":"closed","template":"","meta":{"footnotes":""},"class_list":["post-34","page","type-page","status-publish","hentry"],"_links":{"self":[{"href":"https:\/\/uenf.br\/cch\/officinacultural\/wp-json\/wp\/v2\/pages\/34","targetHints":{"allow":["GET"]}}],"collection":[{"href":"https:\/\/uenf.br\/cch\/officinacultural\/wp-json\/wp\/v2\/pages"}],"about":[{"href":"https:\/\/uenf.br\/cch\/officinacultural\/wp-json\/wp\/v2\/types\/page"}],"author":[{"embeddable":true,"href":"https:\/\/uenf.br\/cch\/officinacultural\/wp-json\/wp\/v2\/users\/19"}],"replies":[{"embeddable":true,"href":"https:\/\/uenf.br\/cch\/officinacultural\/wp-json\/wp\/v2\/comments?post=34"}],"version-history":[{"count":0,"href":"https:\/\/uenf.br\/cch\/officinacultural\/wp-json\/wp\/v2\/pages\/34\/revisions"}],"up":[{"embeddable":true,"href":"https:\/\/uenf.br\/cch\/officinacultural\/wp-json\/wp\/v2\/pages\/32"}],"wp:attachment":[{"href":"https:\/\/uenf.br\/cch\/officinacultural\/wp-json\/wp\/v2\/media?parent=34"}],"curies":[{"name":"wp","href":"https:\/\/api.w.org\/{rel}","templated":true}]}}