{"id":1092,"date":"2023-08-22T14:19:33","date_gmt":"2023-08-22T14:19:33","guid":{"rendered":"https:\/\/uenf.br\/cct\/biblioteca\/?page_id=1092"},"modified":"2026-02-09T12:48:41","modified_gmt":"2026-02-09T12:48:41","slug":"repositorio-institucional-da-producao-cientifica-e-intelectual-da-uenf","status":"publish","type":"page","link":"https:\/\/uenf.br\/cct\/biblioteca\/servicos-oferecidos\/repositorio-institucional-da-producao-cientifica-e-intelectual-da-uenf\/","title":{"rendered":"Cat\u00e1logo Sophia Biblioteca e Reposit\u00f3rio Institucional"},"content":{"rendered":"<h5 style=\"text-align: center\"><span style=\"color: #0000ff\"><strong>Sistema de\u00a0 Bibliotecas Sophia<\/strong><\/span><\/h5>\n<h5 style=\"text-align: left\">Caros alunos, professores e funcion\u00e1rios da UENF, estamos com um novo sistema de Bibliotecas o Sophia, dispon\u00edvel desde o dia 23\/08\/2023, todas as opera\u00e7\u00f5es ser\u00e3o feitas pelo novo sistema. O Sophia tamb\u00e9m apresenta novas funcionalidades como Reposit\u00f3rio Institucional das produ\u00e7\u00f5es cient\u00edficas e intelectual da UENF e App Sophia Biblioteca para melhor comodidade.<\/h5>\n<h5 style=\"text-align: left\"><strong><span style=\"color: #0000ff\"><a style=\"color: #0000ff\" href=\"https:\/\/biblioteca.sophia.com.br\/terminal\/9688\" target=\"_blank\" rel=\"noopener\">Terminal de consulta, reserva e renova\u00e7\u00e3o do acervo da Biblioteca<\/a><\/span><\/strong><\/h5>\n<h5 style=\"text-align: left\"><a href=\"https:\/\/biblioteca.sophia.com.br\/terminalri\/9688\" target=\"_blank\" rel=\"noopener\"><span style=\"color: #0000ff\"><strong>Terminal de consulta do Reposit\u00f3rio Institucional<\/strong><\/span><\/a><\/h5>\n<h5 style=\"text-align: center\"><span style=\"color: #000000\"><strong>APP SophiA Biblioteca<\/strong><\/span><\/h5>\n<div>\n<h5 style=\"text-align: left\"><span style=\"color: #000000\"><strong>Para melhor comodidade, baixe o aplicativo APP SophiA Biblioteca para fazer pesquisas, realizar ou cancelar reservas, renovar empr\u00e9stimos, visualizar as \u00faltimas aquisi\u00e7\u00f5es, consultar dados da biblioteca ou ainda acessar publica\u00e7\u00f5es digitais.<\/strong><\/span><\/h5>\n<h5><img loading=\"lazy\" decoding=\"async\" class=\"aligncenter wp-image-1253\" src=\"https:\/\/uenf.br\/cct\/biblioteca\/files\/2024\/03\/Qrcode.jpg\" alt=\"\" width=\"353\" height=\"195\" srcset=\"https:\/\/uenf.br\/cct\/biblioteca\/files\/2024\/03\/Qrcode.jpg 550w, https:\/\/uenf.br\/cct\/biblioteca\/files\/2024\/03\/Qrcode-300x166.jpg 300w\" sizes=\"auto, (max-width: 353px) 100vw, 353px\" \/><\/h5>\n<\/div>\n","protected":false},"excerpt":{"rendered":"<p>Sistema de\u00a0 Bibliotecas Sophia Caros alunos, professores e funcion\u00e1rios da UENF, estamos com um novo sistema de Bibliotecas o Sophia,&#8230;<\/p>\n","protected":false},"author":21,"featured_media":0,"parent":164,"menu_order":1,"comment_status":"closed","ping_status":"closed","template":"","meta":{"footnotes":""},"class_list":["post-1092","page","type-page","status-publish","hentry"],"_links":{"self":[{"href":"https:\/\/uenf.br\/cct\/biblioteca\/wp-json\/wp\/v2\/pages\/1092","targetHints":{"allow":["GET"]}}],"collection":[{"href":"https:\/\/uenf.br\/cct\/biblioteca\/wp-json\/wp\/v2\/pages"}],"about":[{"href":"https:\/\/uenf.br\/cct\/biblioteca\/wp-json\/wp\/v2\/types\/page"}],"author":[{"embeddable":true,"href":"https:\/\/uenf.br\/cct\/biblioteca\/wp-json\/wp\/v2\/users\/21"}],"replies":[{"embeddable":true,"href":"https:\/\/uenf.br\/cct\/biblioteca\/wp-json\/wp\/v2\/comments?post=1092"}],"version-history":[{"count":0,"href":"https:\/\/uenf.br\/cct\/biblioteca\/wp-json\/wp\/v2\/pages\/1092\/revisions"}],"up":[{"embeddable":true,"href":"https:\/\/uenf.br\/cct\/biblioteca\/wp-json\/wp\/v2\/pages\/164"}],"wp:attachment":[{"href":"https:\/\/uenf.br\/cct\/biblioteca\/wp-json\/wp\/v2\/media?parent=1092"}],"curies":[{"name":"wp","href":"https:\/\/api.w.org\/{rel}","templated":true}]}}