{"id":1314,"date":"2024-12-19T16:43:05","date_gmt":"2024-12-19T16:43:05","guid":{"rendered":"https:\/\/uenf.br\/cct\/biblioteca\/?page_id=1314"},"modified":"2026-02-09T12:43:51","modified_gmt":"2026-02-09T12:43:51","slug":"trabalho-de-conclusao-de-curso-dissertacao-tese","status":"publish","type":"page","link":"https:\/\/uenf.br\/cct\/biblioteca\/trabalho-de-conclusao-de-curso-dissertacao-tese\/","title":{"rendered":"Trabalho de Conclus\u00e3o de Curso &#8211; Disserta\u00e7\u00e3o &#8211; Tese"},"content":{"rendered":"<h5><span style=\"color: #0000ff\"><strong><a style=\"color: #0000ff\" href=\"https:\/\/uenf.br\/graduacao\/wp-content\/uploads\/2024\/11\/NormasGraduacao2019_2024.pdf\" target=\"_blank\" rel=\"noopener\">Normas da Gradua\u00e7\u00e3o<\/a><\/strong><\/span><\/h5>\n<h5><span style=\"color: #0000ff\"><a style=\"color: #0000ff\" href=\"https:\/\/www.ioerj.com.br\/portal\/modules\/conteudoonline\/mostra_edicao.php?k=B5EFBE1F-5B0D1-4A2A-AEFC-D94B61036B0616\" target=\"_blank\" rel=\"noopener\">Resolu\u00e7\u00e3o CONSUNI n\u00ba 01 de 05 de maio de2017<\/a> <\/span>&#8211; Altera o Art. 73 do anexo da Resolu\u00e7\u00e3o CONSUNI 002\/2011, que trata do Regimento Geral de P\u00f3s-Gradua\u00e7\u00e3o &#8211; Stricto Sensu, e d\u00e1 outras provid\u00eancias.<\/h5>\n<h5><a href=\"https:\/\/uenf.br\/reitoria\/secacad\/files\/2012\/08\/REGIMENTO-GERAL-DA-P%C3%93S-GRADUA%C3%87%C3%83O-RESOLU%C3%87%C3%83O-CONSUNI-N%C2%BA-02-DE-25.02.2011-PUBLICADA-DOERJ-DE-08.09.2011.pdf\" target=\"_blank\" rel=\"noopener\"><span style=\"color: #0000ff\"><strong>Regimento Geral de P\u00f3s-Gradua\u00e7\u00e3o &#8211; Strict Sensu<\/strong><\/span><\/a><\/h5>\n","protected":false},"excerpt":{"rendered":"<p>Normas da Gradua\u00e7\u00e3o Resolu\u00e7\u00e3o CONSUNI n\u00ba 01 de 05 de maio de2017 &#8211; Altera o Art. 73 do anexo da&#8230;<\/p>\n","protected":false},"author":21,"featured_media":0,"parent":0,"menu_order":0,"comment_status":"closed","ping_status":"closed","template":"","meta":{"footnotes":""},"class_list":["post-1314","page","type-page","status-publish","hentry"],"_links":{"self":[{"href":"https:\/\/uenf.br\/cct\/biblioteca\/wp-json\/wp\/v2\/pages\/1314","targetHints":{"allow":["GET"]}}],"collection":[{"href":"https:\/\/uenf.br\/cct\/biblioteca\/wp-json\/wp\/v2\/pages"}],"about":[{"href":"https:\/\/uenf.br\/cct\/biblioteca\/wp-json\/wp\/v2\/types\/page"}],"author":[{"embeddable":true,"href":"https:\/\/uenf.br\/cct\/biblioteca\/wp-json\/wp\/v2\/users\/21"}],"replies":[{"embeddable":true,"href":"https:\/\/uenf.br\/cct\/biblioteca\/wp-json\/wp\/v2\/comments?post=1314"}],"version-history":[{"count":0,"href":"https:\/\/uenf.br\/cct\/biblioteca\/wp-json\/wp\/v2\/pages\/1314\/revisions"}],"wp:attachment":[{"href":"https:\/\/uenf.br\/cct\/biblioteca\/wp-json\/wp\/v2\/media?parent=1314"}],"curies":[{"name":"wp","href":"https:\/\/api.w.org\/{rel}","templated":true}]}}