{"id":200,"date":"2012-07-23T13:30:09","date_gmt":"2012-07-23T13:30:09","guid":{"rendered":"http:\/\/uenf.br\/cct\/biblioteca\/?page_id=200"},"modified":"2026-02-09T14:11:54","modified_gmt":"2026-02-09T14:11:54","slug":"cadastro-na-biblioteca","status":"publish","type":"page","link":"https:\/\/uenf.br\/cct\/biblioteca\/servicos-oferecidos\/cadastro-na-biblioteca\/","title":{"rendered":"Inscri\u00e7\u00f5es na Biblioteca"},"content":{"rendered":"<h5 style=\"text-align: center\"><strong>INSCRI\u00c7\u00c3O NO SISTEMA SOPHIA BIBLIOTECA<\/strong><\/h5>\n<ul>\n<li>\n<h5><strong>Alunos regulares (gradua\u00e7\u00e3o e p\u00f3s-gradua\u00e7\u00e3o)<\/strong> devem preencher e enviar o formul\u00e1rio abaixo:<\/h5>\n<\/li>\n<\/ul>\n<h5><a href=\"https:\/\/forms.gle\/J6mCPkAJ2vBSYTnA9\" target=\"_blank\" rel=\"noopener\"><span style=\"color: #ff0000\"><strong>Formul\u00e1rio de inscri\u00e7\u00e3o para alunos regulares de Gradua\u00e7\u00e3o e P\u00f3s-gradua\u00e7\u00e3o<\/strong><\/span><\/a><span style=\"color: #000000\">.<\/span><\/h5>\n<ul>\n<li>\n<h5 data-start=\"142\" data-end=\"432\"><strong>Usu\u00e1rios especiais<\/strong> (professores bolsistas, pesquisadores, p\u00f3s-doutorandos, t\u00e9cnicos contratados e bolsistas do Programa Jovens Talentos) dever\u00e3o preencher o formul\u00e1rio abaixo e anexar a\u00a0<span style=\"color: #ff0000\"><a style=\"color: #ff0000\" href=\"https:\/\/uenf.br\/cct\/biblioteca\/files\/2026\/02\/Declaracao-para-inscricao-especial-no-SophiA-Biblioteca.docx\" target=\"_blank\" rel=\"noopener\">Declara\u00e7\u00e3o para inscri\u00e7\u00e3o especial no SophiA Biblioteca<\/a><\/span>.<\/h5>\n<\/li>\n<\/ul>\n<h5 data-start=\"142\" data-end=\"432\"><a href=\"https:\/\/forms.gle\/Jrwxx66FETpsizNM7\" target=\"_blank\" rel=\"noopener\"><span style=\"color: #ff0000\"><strong data-start=\"306\" data-end=\"357\">Formul\u00e1rio de Inscri\u00e7\u00e3o para Usu\u00e1rios Especiais<\/strong><\/span><\/a>.<\/h5>\n<h5 data-start=\"434\" data-end=\"600\">Os bolsistas do <strong>Programa<\/strong> <strong data-start=\"459\" data-end=\"478\">Jovens Talentos<\/strong>, al\u00e9m da declara\u00e7\u00e3o, dever\u00e3o tamb\u00e9m anexar o<span style=\"color: #ff0000\"> <strong data-start=\"533\" data-end=\"574\">Termo de Outorga e Aceita\u00e7\u00e3o de Bolsa<\/strong><\/span> no respectivo formul\u00e1rio.<\/h5>\n<ul>\n<li>\n<h5>Os alunos dos cursos de gradua\u00e7\u00e3o em <strong data-start=\"752\" data-end=\"803\">Engenharia de Explora\u00e7\u00e3o e Produ\u00e7\u00e3o de Petr\u00f3leo<\/strong> e <strong data-start=\"806\" data-end=\"834\">Engenharia Meteorol\u00f3gica<\/strong>, das especializa\u00e7\u00f5es em <strong data-start=\"859\" data-end=\"884\">Clima, \u00c1gua e Energia<\/strong> e <strong data-start=\"887\" data-end=\"958\">Ci\u00eancias Atmosf\u00e9ricas para Engenheiros, Ambientalistas e Educadores<\/strong>, bem como das p\u00f3s-gradua\u00e7\u00f5es em <strong data-start=\"991\" data-end=\"1037\">Engenharia de Reservat\u00f3rio e de Explora\u00e7\u00e3o<\/strong> e <strong data-start=\"1040\" data-end=\"1059\">Clima e Energia<\/strong>, dever\u00e3o solicitar a inscri\u00e7\u00e3o no sistema diretamente junto \u00e0 <strong data-start=\"1122\" data-end=\"1145\">Biblioteca do LENEP<\/strong>.<\/h5>\n<\/li>\n<\/ul>\n<h5 style=\"text-align: left\"><strong><span style=\"color: #ff0000\">Ap\u00f3s envio do formul\u00e1rio, aguardar e-mail de confirma\u00e7\u00e3o com solicita\u00e7\u00e3o de comparecimento \u00e0 Biblioteca do CCT para criar a senha (4 ou 6 d\u00edgitos).<\/span><\/strong><\/h5>\n<ul>\n<li>\n<h5><strong>Professores e Funcion\u00e1rios: <\/strong>Possuem cadastro no Sistema Sophia Biblioteca com as informa\u00e7\u00f5es fornecida pela Dire\u00e7\u00e3o do Centro.<\/h5>\n<\/li>\n<li>\n<h5><strong style=\"text-align: justify\">Ex-alunos e comunidade externa: <\/strong>acessar\u00e3o o sistema como visitante, devendo apresentar um documento oficial (carteira de identidade, carteira de motorista, carteira de trabalho, etc.) com foto dentro da validade.<\/h5>\n<ul>\n<li style=\"text-align: justify\">\n<h5><strong><span style=\"color: #ff0000\">Outras informa\u00e7\u00f5es poder\u00e3o ainda ser solicitadas pela Biblioteca.<\/span><\/strong><\/h5>\n<\/li>\n<\/ul>\n<\/li>\n<\/ul>\n","protected":false},"excerpt":{"rendered":"<p>INSCRI\u00c7\u00c3O NO SISTEMA SOPHIA BIBLIOTECA Alunos regulares (gradua\u00e7\u00e3o e p\u00f3s-gradua\u00e7\u00e3o) devem preencher e enviar o formul\u00e1rio abaixo: Formul\u00e1rio de inscri\u00e7\u00e3o&#8230;<\/p>\n","protected":false},"author":7,"featured_media":0,"parent":164,"menu_order":1,"comment_status":"open","ping_status":"open","template":"","meta":{"footnotes":""},"class_list":["post-200","page","type-page","status-publish","hentry"],"_links":{"self":[{"href":"https:\/\/uenf.br\/cct\/biblioteca\/wp-json\/wp\/v2\/pages\/200","targetHints":{"allow":["GET"]}}],"collection":[{"href":"https:\/\/uenf.br\/cct\/biblioteca\/wp-json\/wp\/v2\/pages"}],"about":[{"href":"https:\/\/uenf.br\/cct\/biblioteca\/wp-json\/wp\/v2\/types\/page"}],"author":[{"embeddable":true,"href":"https:\/\/uenf.br\/cct\/biblioteca\/wp-json\/wp\/v2\/users\/7"}],"replies":[{"embeddable":true,"href":"https:\/\/uenf.br\/cct\/biblioteca\/wp-json\/wp\/v2\/comments?post=200"}],"version-history":[{"count":0,"href":"https:\/\/uenf.br\/cct\/biblioteca\/wp-json\/wp\/v2\/pages\/200\/revisions"}],"up":[{"embeddable":true,"href":"https:\/\/uenf.br\/cct\/biblioteca\/wp-json\/wp\/v2\/pages\/164"}],"wp:attachment":[{"href":"https:\/\/uenf.br\/cct\/biblioteca\/wp-json\/wp\/v2\/media?parent=200"}],"curies":[{"name":"wp","href":"https:\/\/api.w.org\/{rel}","templated":true}]}}