{"id":208,"date":"2012-07-23T13:48:44","date_gmt":"2012-07-23T13:48:44","guid":{"rendered":"http:\/\/uenf.br\/cct\/biblioteca\/?page_id=208"},"modified":"2026-02-09T12:42:43","modified_gmt":"2026-02-09T12:42:43","slug":"cursos-do-cct","status":"publish","type":"page","link":"https:\/\/uenf.br\/cct\/biblioteca\/cursos-do-cct\/","title":{"rendered":"Cursos"},"content":{"rendered":"<div>\n<h5><strong>Gradua\u00e7\u00e3o<\/strong><\/h5>\n<ul>\n<li>\n<h5><strong>Cursos de Bacharelados<\/strong><\/h5>\n<\/li>\n<\/ul>\n<h5 style=\"padding-left: 40px\"><a href=\"https:\/\/cc.uenf.br\/index.html\">Ci\u00eancia da Computa\u00e7\u00e3o<\/a><\/h5>\n<h5 style=\"padding-left: 40px\"><a href=\"http:\/\/www.uenf.br\/Uenf\/Pages\/CCT\/Leciv\/\">Engenharia Civil<\/a><\/h5>\n<h5 style=\"padding-left: 40px\"><a href=\"http:\/\/uenf.br\/cct\/lenep\/graduacao\/\">Engenharia de Explora\u00e7\u00e3o e Produ\u00e7\u00e3o de Petr\u00f3leo<\/a><\/h5>\n<h5 style=\"padding-left: 40px\"><a href=\"http:\/\/www.uenf.br\/Uenf\/Pages\/CCT\/Leprod\/?&amp;modelo;=1&amp;cod;_pag=1940&amp;tabela;=&amp;np;=Gradua%C3%A7%C3%A3o+e+P%C3%B3s&amp;nc;=Informa%C3%A7%C3%B5es&amp;buscaEdicao;=&amp;grupo;=LEPROD&amp;p;=\">Engenharia de Produ\u00e7\u00e3o<\/a><\/h5>\n<h5 style=\"padding-left: 40px\"><a href=\"http:\/\/www.uenf.br\/Uenf\/Pages\/CCT\/Lamav\/?&amp;modelo=1&amp;cod_pag=2256&amp;tabela=&amp;np=Graduac%E3o&amp;nc=Cursos+Oferecidos&amp;buscaEdicao=&amp;grupo=L_AMAV&amp;p\">Engenharia Metal\u00fargica e de Materiais<\/a><\/h5>\n<h5 style=\"padding-left: 40px\"><strong>Cursos de Licenciaturas<\/strong><\/h5>\n<h5 style=\"padding-left: 40px\"><a href=\"http:\/\/www.uenf.br\/Uenf\/Pages\/CCT\/Lcfis\/?&amp;modelo=1&amp;cod_pag=1226&amp;tabela=&amp;np=F%EDsica+-+Licenciatura&amp;nc=Ensino&amp;buscaEdicao=&amp;grupo=LCFIS&amp;p=\">Licenciatura em F\u00edsica<\/a><\/h5>\n<h5 style=\"padding-left: 40px\"><a href=\"https:\/\/uenf.br\/posgraduacao\/licenciatura-matematica\/\" target=\"_blank\" rel=\"noopener\">Licenciatura em Matem\u00e1tica<\/a><\/h5>\n<h5 style=\"padding-left: 40px\"><a href=\"http:\/\/www.uenf.br\/Uenf\/Pages\/CCT\/Lcqui\/?&amp;modelo=1&amp;cod_pag=805&amp;tabela=&amp;np=Licenciatura+em+Qu%EDmica&amp;nc=Ensino&amp;buscaEdicao=&amp;grupo=LCQUI&amp;p=\">Licenciatura\u00a0em Qu\u00edmica<\/a><\/h5>\n<h5 style=\"padding-left: 40px\"><a href=\"http:\/\/cederj.edu.br\/cederj\/cursos\/quimica\/\">Licenciatura em Qu\u00edmica \u00e0 Dist\u00e2ncia<\/a><\/h5>\n<h5><strong>P\u00f3s-gradua\u00e7\u00e3o<\/strong><\/h5>\n<h5 style=\"padding-left: 30px\"><a href=\"http:\/\/www.uenf.br\/Uenf\/Pages\/CCT\/Ciencias_Naturais\/\">Ci\u00eancias Naturais<\/a><\/h5>\n<h5 style=\"padding-left: 30px\"><a href=\"http:\/\/www.uenf.br\/Uenf\/Pages\/CCT\/Leciv\/?&amp;modelo=1&amp;cod_pag=1651&amp;tabela=&amp;np=Apresenta%E7%E3o&amp;nc=P%F3s-Gradua%E7%E3o&amp;buscaEdicao=&amp;grupo=LECIV&amp;p=\">Engenharia Civil<\/a><\/h5>\n<h5 style=\"padding-left: 30px\"><a href=\"http:\/\/www.uenf.br\/Uenf\/Pages\/CCT\/Leprod\/Pos-Engenharia\/\">Engenharia de Produ\u00e7\u00e3o<\/a><\/h5>\n<h5 style=\"padding-left: 30px\"><a href=\"http:\/\/uenf.br\/cct\/lenep\/pos-graduacao\/\">Engenharia de Reservat\u00f3rio e de Explora\u00e7\u00e3o<\/a><\/h5>\n<h5 style=\"padding-left: 30px\"><a href=\"http:\/\/www.uenf.br\/Uenf\/Pages\/CCT\/Ciencias_Materiais\/\">Engenharia e Ci\u00eancias dos Materiais<\/a><\/h5>\n<h5 style=\"padding-left: 30px\"><a href=\"http:\/\/uenf.br\/posgraduacao\/matematica\/apresentacao\/\">Mestrado Profissional em Matem\u00e1tica \u2013 PROFMAT<\/a><\/h5>\n<\/div>\n<h5><\/h5>\n","protected":false},"excerpt":{"rendered":"<p>Gradua\u00e7\u00e3o Cursos de Bacharelados Ci\u00eancia da Computa\u00e7\u00e3o Engenharia Civil Engenharia de Explora\u00e7\u00e3o e Produ\u00e7\u00e3o de Petr\u00f3leo Engenharia de Produ\u00e7\u00e3o Engenharia&#8230;<\/p>\n","protected":false},"author":7,"featured_media":0,"parent":0,"menu_order":3,"comment_status":"open","ping_status":"open","template":"","meta":{"footnotes":""},"class_list":["post-208","page","type-page","status-publish","hentry"],"_links":{"self":[{"href":"https:\/\/uenf.br\/cct\/biblioteca\/wp-json\/wp\/v2\/pages\/208","targetHints":{"allow":["GET"]}}],"collection":[{"href":"https:\/\/uenf.br\/cct\/biblioteca\/wp-json\/wp\/v2\/pages"}],"about":[{"href":"https:\/\/uenf.br\/cct\/biblioteca\/wp-json\/wp\/v2\/types\/page"}],"author":[{"embeddable":true,"href":"https:\/\/uenf.br\/cct\/biblioteca\/wp-json\/wp\/v2\/users\/7"}],"replies":[{"embeddable":true,"href":"https:\/\/uenf.br\/cct\/biblioteca\/wp-json\/wp\/v2\/comments?post=208"}],"version-history":[{"count":0,"href":"https:\/\/uenf.br\/cct\/biblioteca\/wp-json\/wp\/v2\/pages\/208\/revisions"}],"wp:attachment":[{"href":"https:\/\/uenf.br\/cct\/biblioteca\/wp-json\/wp\/v2\/media?parent=208"}],"curies":[{"name":"wp","href":"https:\/\/api.w.org\/{rel}","templated":true}]}}