{"id":497,"date":"2019-09-11T16:24:40","date_gmt":"2019-09-11T16:24:40","guid":{"rendered":"http:\/\/uenf.br\/cct\/biblioteca\/?page_id=497"},"modified":"2026-02-09T12:55:52","modified_gmt":"2026-02-09T12:55:52","slug":"ficha-catalografica-informacoes","status":"publish","type":"page","link":"https:\/\/uenf.br\/cct\/biblioteca\/trabalho-de-conclusao-de-curso-dissertacao-tese\/ficha-catalografica-informacoes\/","title":{"rendered":"Ficha Catalogr\u00e1fica &#8211; Informa\u00e7\u00f5es"},"content":{"rendered":"<h5><strong>Informa\u00e7\u00f5es para elabora\u00e7\u00e3o da Ficha Catalogr\u00e1fica para a P\u00f3s-Gradua\u00e7\u00e3o<\/strong><\/h5>\n<div>\n<ol>\n<li>\n<h5><strong>A elabora\u00e7\u00e3o<\/strong>\u00a0<strong>da Ficha \u00e9 feita atrav\u00e9s do<\/strong><strong>\u00a0<span style=\"color: #0000ff\"><a style=\"color: #0000ff\" href=\"https:\/\/academico.uenf.br\/usuarios\/sign_in\" target=\"_blank\" rel=\"noopener\">SISTEMA ACAD\u00caMICO<\/a><\/span><\/strong>;<\/h5>\n<\/li>\n<li>\n<h5>A Ficha Catalogr\u00e1fica \u00e9 somente para os\u00a0 alunos da P\u00f3s-Gradua\u00e7\u00e3o. Para confec\u00e7\u00e3o da Ficha o aluno dever\u00e1 estar na fase final, com a defesa conclu\u00edda e o campo resultado preenchido;<\/h5>\n<\/li>\n<li>\n<h5>Passo a passo para elabora\u00e7\u00e3o da ficha: ACESSAR O SISTEMA ACAD\u00caMICO \u2192 MENU CADASTRO \u2192 MEUS DADOS \u2192 DEFESA DE DISSERTA\u00c7\u00c3O\/TESE \u2192 BOT\u00c3O VER \u2192 ALTERAR DADOS DA FICHA.<\/h5>\n<\/li>\n<\/ol>\n<h5><strong>\u00a0Aten\u00e7\u00e3o: <\/strong>a Ficha Catalogr\u00e1fica deve ser inserida no verso da<span dir=\"ltr\" role=\"presentation\"> folha de rosto, na parte inferior da folha.<\/span>Contato: (22) 2739-7230 ou pelo e-mail: bibcct@uenf.br.<\/h5>\n<\/div>\n<p>&nbsp;<\/p>\n<div><\/div>\n","protected":false},"excerpt":{"rendered":"<p>Informa\u00e7\u00f5es para elabora\u00e7\u00e3o da Ficha Catalogr\u00e1fica para a P\u00f3s-Gradua\u00e7\u00e3o A elabora\u00e7\u00e3o\u00a0da Ficha \u00e9 feita atrav\u00e9s do\u00a0SISTEMA ACAD\u00caMICO; A Ficha Catalogr\u00e1fica&#8230;<\/p>\n","protected":false},"author":21,"featured_media":0,"parent":1314,"menu_order":5,"comment_status":"closed","ping_status":"closed","template":"","meta":{"footnotes":""},"class_list":["post-497","page","type-page","status-publish","hentry"],"_links":{"self":[{"href":"https:\/\/uenf.br\/cct\/biblioteca\/wp-json\/wp\/v2\/pages\/497","targetHints":{"allow":["GET"]}}],"collection":[{"href":"https:\/\/uenf.br\/cct\/biblioteca\/wp-json\/wp\/v2\/pages"}],"about":[{"href":"https:\/\/uenf.br\/cct\/biblioteca\/wp-json\/wp\/v2\/types\/page"}],"author":[{"embeddable":true,"href":"https:\/\/uenf.br\/cct\/biblioteca\/wp-json\/wp\/v2\/users\/21"}],"replies":[{"embeddable":true,"href":"https:\/\/uenf.br\/cct\/biblioteca\/wp-json\/wp\/v2\/comments?post=497"}],"version-history":[{"count":0,"href":"https:\/\/uenf.br\/cct\/biblioteca\/wp-json\/wp\/v2\/pages\/497\/revisions"}],"up":[{"embeddable":true,"href":"https:\/\/uenf.br\/cct\/biblioteca\/wp-json\/wp\/v2\/pages\/1314"}],"wp:attachment":[{"href":"https:\/\/uenf.br\/cct\/biblioteca\/wp-json\/wp\/v2\/media?parent=497"}],"curies":[{"name":"wp","href":"https:\/\/api.w.org\/{rel}","templated":true}]}}