{"id":6,"date":"2011-11-22T18:47:01","date_gmt":"2011-11-22T18:47:01","guid":{"rendered":"http:\/\/uenf.br\/cct\/biblioteca\/?page_id=6"},"modified":"2026-03-23T17:36:39","modified_gmt":"2026-03-23T17:36:39","slug":"informacoes","status":"publish","type":"page","link":"https:\/\/uenf.br\/cct\/biblioteca\/","title":{"rendered":"Comunicado"},"content":{"rendered":"<h3 style=\"text-align: center\"><span style=\"color: #000000\"><strong>COMUNICADO<\/strong><\/span><\/h3>\n<h3 style=\"text-align: center\"><strong><span style=\"color: #ff0000\">Informamos que a biblioteca estar\u00e1 provisoriamente interditada para atendimento ao p\u00fablico, a partir de hoje, 23\/03\/2026,<\/span><\/strong><\/h3>\n<h3 style=\"text-align: center\"><strong><span style=\"color: #ff0000\"> em virtude de queda de parte do teto de gesso.<\/span><\/strong><\/h3>\n<h3 style=\"text-align: center\"><strong><span style=\"color: #ff0000\">Assim que o problema for sanado e estiver em condi\u00e7\u00f5es de uso informaremos.<\/span><\/strong><\/h3>\n<h3 style=\"text-align: center\"><span style=\"color: #000000\"><strong>Hor\u00e1rio de funcionamento da Biblioteca CCT<\/strong><\/span><\/h3>\n<p><span style=\"color: #ff0000\">Excepcionalmente, no per\u00edodo de <strong><em>23\/02\/2026 a 24\/03\/2026<\/em><\/strong>, por motivo de f\u00e9rias de funcion\u00e1ria, o hor\u00e1rio de funcionamento da biblioteca ser\u00e1 de <strong><em><u>segunda a sexta-feira, das 8h \u00e0s 12h e das 14h \u00e0s 18h.<\/u><\/em><\/strong>\u00a0Nesse mesmo per\u00edodo, \u00e0s <strong><em><u>segundas, quartas e sextas-feiras<\/u><\/em> <\/strong>a biblioteca abrir\u00e1 \u00e0s<strong><em><u> 11 horas.<\/u><\/em><\/strong><\/span><\/p>\n<p data-start=\"107\" data-end=\"283\">A Biblioteca funcionar\u00e1 de segunda a sexta-feira, das <strong data-start=\"161\" data-end=\"174\">8h \u00e0s 22h<\/strong>, com atendimento ao p\u00fablico no balc\u00e3o das <strong data-start=\"217\" data-end=\"240\">8h15min \u00e0s 21h45min<\/strong>, observado o intervalo das <strong data-start=\"268\" data-end=\"282\">12h \u00e0s 14h<\/strong>.<\/p>\n<p data-start=\"285\" data-end=\"633\">O hor\u00e1rio referido no caput somente ser\u00e1 implementado mediante disponibiliza\u00e7\u00e3o de servidores pela Administra\u00e7\u00e3o. At\u00e9 a conclus\u00e3o do provimento necess\u00e1rio, a Biblioteca funcionar\u00e1 provisoriamente de segunda a sexta-feira, das <strong data-start=\"511\" data-end=\"524\">8h \u00e0s 18h<\/strong>, com atendimento ao p\u00fablico no balc\u00e3o das <strong data-start=\"567\" data-end=\"590\">8h15min \u00e0s 17h45min<\/strong>, observado o intervalo das <strong data-start=\"618\" data-end=\"632\">12h \u00e0s 14h<\/strong>.<\/p>\n<hr \/>\n<h3 style=\"text-align: center\" data-start=\"148\" data-end=\"209\">&#x1f514; <strong data-start=\"154\" data-end=\"209\">Nova forma de login no Terminal SophiA Biblioteca (Cat\u00e1logo Online)<\/strong><\/h3>\n<h4 data-start=\"211\" data-end=\"376\">A Biblioteca informa que o acesso \u00e0s fun\u00e7\u00f5es de <strong data-start=\"259\" data-end=\"272\">renova\u00e7\u00e3o<\/strong>, <strong data-start=\"274\" data-end=\"285\">reserva<\/strong> e aos <strong data-start=\"292\" data-end=\"303\">e-books<\/strong> da plataforma <strong data-start=\"318\" data-end=\"338\">Minha Biblioteca<\/strong> foi atualizado no sistema <strong data-start=\"365\" data-end=\"375\">SophiA<\/strong>.<\/h4>\n<h4 data-start=\"378\" data-end=\"401\">Essa mudan\u00e7a vale para:<\/h4>\n<h4 data-start=\"403\" data-end=\"491\">&#x2705; <strong data-start=\"442\" data-end=\"472\">Terminal SophiA Biblioteca<\/strong><br data-start=\"472\" data-end=\"475\" \/>&#x2705; <strong data-start=\"477\" data-end=\"491\">APP SophiA<\/strong><\/h4>\n<h4 data-start=\"498\" data-end=\"537\"><strong data-start=\"502\" data-end=\"537\">Como acessar?<\/strong><\/h4>\n<h4 data-start=\"539\" data-end=\"680\">&#x1f4cc; <strong data-start=\"542\" data-end=\"552\">Login:<\/strong> utilize o mesmo <strong data-start=\"569\" data-end=\"611\">e-mail cadastrado no Sistema Acad\u00eamico<\/strong><br data-start=\"611\" data-end=\"614\" \/>&#x1f511; <strong data-start=\"617\" data-end=\"627\">Senha:<\/strong> continue usando a <strong data-start=\"646\" data-end=\"680\">senha registrada na Biblioteca<\/strong><\/h4>\n<h4 data-start=\"687\" data-end=\"724\">&#x2753; D\u00favidas ou problemas de acesso?<\/h4>\n<p data-start=\"726\" data-end=\"807\">Entre em contato com a equipe da Biblioteca pelo e-mail: &#x1f4e9; <strong data-start=\"281\" data-end=\"299\"><a class=\"decorated-link cursor-pointer\" rel=\"noopener\" data-start=\"283\" data-end=\"297\">bibcct@uenf.br<\/a><\/strong>.<\/p>\n<hr \/>\n<h3 style=\"text-align: center\" data-start=\"115\" data-end=\"165\">&#x1f4da; <strong data-start=\"121\" data-end=\"165\">Minha Biblioteca \u2013 Plataforma de E-books<\/strong><\/h3>\n<p data-start=\"167\" data-end=\"266\">A <strong data-start=\"169\" data-end=\"189\">Minha Biblioteca<\/strong> \u00e9 uma base multidisciplinar de e-books, composta por cat\u00e1logos nas \u00e1reas de:<\/p>\n<ul>\n<li data-start=\"268\" data-end=\"281\">\n<h4 data-start=\"270\" data-end=\"281\"><strong data-start=\"270\" data-end=\"279\">Sa\u00fade<\/strong><\/h4>\n<\/li>\n<li data-start=\"282\" data-end=\"316\">\n<h4 data-start=\"284\" data-end=\"316\"><strong data-start=\"284\" data-end=\"314\">Ci\u00eancias Sociais Aplicadas<\/strong><\/h4>\n<\/li>\n<li data-start=\"317\" data-end=\"341\">\n<h4 data-start=\"319\" data-end=\"341\"><strong data-start=\"319\" data-end=\"339\">Ci\u00eancias Humanas<\/strong><\/h4>\n<\/li>\n<li data-start=\"342\" data-end=\"369\">\n<h4 data-start=\"344\" data-end=\"369\"><strong data-start=\"344\" data-end=\"367\">Ci\u00eancias Biol\u00f3gicas<\/strong><\/h4>\n<\/li>\n<li data-start=\"372\" data-end=\"391\"><strong data-start=\"372\" data-end=\"391\">Ci\u00eancias Exatas<\/strong><\/li>\n<\/ul>\n<h4 style=\"text-align: left\" data-start=\"480\" data-end=\"508\">&#x2728; Recursos da plataforma<\/h4>\n<p data-start=\"510\" data-end=\"588\">A plataforma \u00e9 pr\u00e1tica e intuitiva, oferecendo diversas funcionalidades, como:<\/p>\n<ul>\n<li style=\"list-style-type: none\">\n<ul data-start=\"590\" data-end=\"739\">\n<li data-start=\"590\" data-end=\"624\">\n<p data-start=\"592\" data-end=\"624\">ferramentas de leitura digital<\/p>\n<\/li>\n<li data-start=\"625\" data-end=\"655\">\n<p data-start=\"627\" data-end=\"655\">recursos de acessibilidade<\/p>\n<\/li>\n<li data-start=\"656\" data-end=\"698\">\n<p data-start=\"658\" data-end=\"698\">marca\u00e7\u00f5es, anota\u00e7\u00f5es e apoio ao estudo<\/p>\n<\/li>\n<\/ul>\n<\/li>\n<\/ul>\n<h4 data-start=\"746\" data-end=\"769\">&#x1f513; Formas de acesso<\/h4>\n<p data-start=\"771\" data-end=\"823\">O acesso aos e-books pode ser realizado por meio de:<\/p>\n<h4 data-start=\"825\" data-end=\"883\">&#x2705; <strong data-start=\"827\" data-end=\"848\">Sistema Acad\u00eamico<\/strong><br data-start=\"848\" data-end=\"851\" \/>&#x2705; <strong data-start=\"853\" data-end=\"883\">Terminal SophiA Biblioteca<\/strong><\/h4>\n<h4 data-start=\"890\" data-end=\"931\"><strong data-start=\"893\" data-end=\"931\">Primeiro acesso \u00e0 Minha Biblioteca<\/strong><\/h4>\n<p data-start=\"933\" data-end=\"1043\">&#x26a0;&#xfe0f; <strong data-start=\"936\" data-end=\"948\">Aten\u00e7\u00e3o:<\/strong> o primeiro acesso \u00e0 plataforma deve ser realizado <strong data-start=\"999\" data-end=\"1042\">obrigatoriamente pelo Sistema Acad\u00eamico<\/strong>.<\/p>\n<p data-start=\"1045\" data-end=\"1170\">Somente dessa forma ser\u00e1 poss\u00edvel liberar o acesso posterior aos e-books tamb\u00e9m por meio do\u00a0<strong data-start=\"853\" data-end=\"883\">Terminal SophiA Biblioteca<\/strong>.<\/p>\n<hr \/>\n<h3 style=\"text-align: center\" data-start=\"97\" data-end=\"149\">&#x1f4f1; <strong data-start=\"103\" data-end=\"149\">Problemas de acesso em dispositivos m\u00f3veis<\/strong><\/h3>\n<p data-start=\"151\" data-end=\"322\">Caso haja dificuldade para acessar os e-books da plataforma <strong data-start=\"239\" data-end=\"259\">Minha Biblioteca<\/strong> em celulares ou tablets, siga as orienta\u00e7\u00f5es abaixo conforme o navegador utilizado.<\/p>\n<h4 data-start=\"350\" data-end=\"381\">&#x1f34e; <strong data-start=\"355\" data-end=\"381\">Safari (iPhone \/ iPad)<\/strong><\/h4>\n<ol data-start=\"383\" data-end=\"498\">\n<li data-start=\"383\" data-end=\"418\">\n<p data-start=\"386\" data-end=\"418\">Acesse <strong data-start=\"393\" data-end=\"404\">Ajustes<\/strong> do aparelho<\/p>\n<\/li>\n<li data-start=\"419\" data-end=\"453\">\n<p data-start=\"422\" data-end=\"453\">Role at\u00e9 encontrar <strong data-start=\"441\" data-end=\"451\">Safari<\/strong><\/p>\n<\/li>\n<li data-start=\"454\" data-end=\"498\">\n<p data-start=\"457\" data-end=\"498\">Em <strong data-start=\"460\" data-end=\"487\">Privacidade e Seguran\u00e7a<\/strong>, desative:<\/p>\n<\/li>\n<\/ol>\n<ul data-start=\"500\" data-end=\"572\">\n<li data-start=\"500\" data-end=\"540\">\n<p data-start=\"502\" data-end=\"540\"><strong data-start=\"502\" data-end=\"538\">Impedir rastreamento entre sites<\/strong><\/p>\n<\/li>\n<li data-start=\"541\" data-end=\"572\">\n<p data-start=\"543\" data-end=\"572\"><strong data-start=\"543\" data-end=\"572\">Bloquear todos os cookies<\/strong><\/p>\n<\/li>\n<\/ul>\n<ol start=\"4\" data-start=\"574\" data-end=\"603\">\n<li data-start=\"574\" data-end=\"603\">\n<p data-start=\"577\" data-end=\"603\">Ainda em Safari, desative:<\/p>\n<\/li>\n<\/ol>\n<ul data-start=\"605\" data-end=\"627\">\n<li data-start=\"605\" data-end=\"627\">\n<p data-start=\"607\" data-end=\"627\"><strong data-start=\"607\" data-end=\"627\">Bloquear pop-ups<\/strong><\/p>\n<\/li>\n<\/ul>\n<ol start=\"5\" data-start=\"629\" data-end=\"686\">\n<li data-start=\"629\" data-end=\"686\">\n<p data-start=\"632\" data-end=\"686\">Feche o Safari completamente e tente acessar novamente<\/p>\n<\/li>\n<\/ol>\n<h4 data-start=\"693\" data-end=\"725\">&#x1f916; <strong data-start=\"698\" data-end=\"725\">Google Chrome (Android)<\/strong><\/h4>\n<ol data-start=\"727\" data-end=\"914\">\n<li data-start=\"727\" data-end=\"760\">\n<p data-start=\"730\" data-end=\"760\">Abra o aplicativo <strong data-start=\"748\" data-end=\"758\">Chrome<\/strong><\/p>\n<\/li>\n<li data-start=\"761\" data-end=\"825\">\n<p data-start=\"764\" data-end=\"825\">Toque no menu <strong data-start=\"778\" data-end=\"797\">\u22ee (tr\u00eas pontos)<\/strong> no canto superior direito<\/p>\n<\/li>\n<li data-start=\"826\" data-end=\"884\">\n<p data-start=\"829\" data-end=\"884\">V\u00e1 em <strong data-start=\"835\" data-end=\"852\">Configura\u00e7\u00f5es<\/strong> \u2192 <strong data-start=\"855\" data-end=\"882\">Privacidade e seguran\u00e7a<\/strong><\/p>\n<\/li>\n<li data-start=\"885\" data-end=\"914\">\n<p data-start=\"888\" data-end=\"914\">Em <strong data-start=\"891\" data-end=\"902\">Cookies<\/strong>, selecione:<\/p>\n<\/li>\n<\/ol>\n<ul data-start=\"916\" data-end=\"963\">\n<li data-start=\"916\" data-end=\"963\">\n<p data-start=\"918\" data-end=\"963\"><strong data-start=\"918\" data-end=\"938\">Permitir cookies<\/strong> (ou desative o bloqueio)<\/p>\n<\/li>\n<\/ul>\n<ol start=\"5\" data-start=\"965\" data-end=\"1138\">\n<li data-start=\"965\" data-end=\"1044\">\n<p data-start=\"968\" data-end=\"1044\">Volte e acesse <strong data-start=\"983\" data-end=\"1008\">Configura\u00e7\u00f5es do site<\/strong> \u2192 <strong data-start=\"1011\" data-end=\"1042\">Pop-ups e redirecionamentos<\/strong><\/p>\n<\/li>\n<li data-start=\"1045\" data-end=\"1082\">\n<p data-start=\"1048\" data-end=\"1082\">Ative a op\u00e7\u00e3o <strong data-start=\"1062\" data-end=\"1082\">Permitir pop-ups<\/strong><\/p>\n<\/li>\n<li data-start=\"1084\" data-end=\"1138\">\n<p data-start=\"1087\" data-end=\"1138\">Feche o navegador e realize um novo teste de acesso<\/p>\n<\/li>\n<\/ol>\n<h4 data-start=\"1145\" data-end=\"1174\">&#x2753; Persistindo o problema?<\/h4>\n<p data-start=\"1176\" data-end=\"1262\">Caso a dificuldade continue, <strong data-start=\"151\" data-end=\"186\">fa\u00e7a um print (captura de tela)<\/strong> do erro ou da tela apresentada e entre em contato com a equipe da Biblioteca pelo e-mail: &#x1f4e9; <strong data-start=\"281\" data-end=\"299\"><a class=\"decorated-link cursor-pointer\" rel=\"noopener\" data-start=\"283\" data-end=\"297\">bibcct@uenf.br<\/a><\/strong><\/p>\n<hr \/>\n<h3 style=\"text-align: center\" data-start=\"92\" data-end=\"138\">&#x1f310; <strong data-start=\"98\" data-end=\"138\">Acesso aos Peri\u00f3dicos CAPES via CAFe<\/strong><\/h3>\n<p data-start=\"140\" data-end=\"305\">O acesso ao <strong data-start=\"152\" data-end=\"182\">Portal de Peri\u00f3dicos CAPES<\/strong> pode ser realizado por meio da <strong data-start=\"214\" data-end=\"254\">CAFe (Comunidade Acad\u00eamica Federada)<\/strong>, utilizando as credenciais institucionais da UENF.<\/p>\n<h4 data-start=\"312\" data-end=\"330\">&#x2705; Como acessar<\/h4>\n<ol data-start=\"332\" data-end=\"613\">\n<li data-start=\"332\" data-end=\"418\">\n<h4 data-start=\"335\" data-end=\"418\">Acesse o <strong data-start=\"344\" data-end=\"374\">Portal de Peri\u00f3dicos CAPES<\/strong>:<br data-start=\"375\" data-end=\"378\" \/><a class=\"decorated-link\" href=\"https:\/\/www.periodicos.capes.gov.br\" target=\"_new\" rel=\"noopener\" data-start=\"381\" data-end=\"416\">https:\/\/www.periodicos.capes.gov.br<\/a><\/h4>\n<\/li>\n<li data-start=\"420\" data-end=\"456\">\n<p data-start=\"423\" data-end=\"456\">Clique na op\u00e7\u00e3o <strong data-start=\"439\" data-end=\"456\">\u201cAcesso CAFe\u201d<\/strong><\/p>\n<\/li>\n<li data-start=\"458\" data-end=\"569\">\n<p data-start=\"461\" data-end=\"569\">Na lista de institui\u00e7\u00f5es, selecione:<br data-start=\"497\" data-end=\"500\" \/><strong data-start=\"503\" data-end=\"569\">UENF \u2013 Universidade Estadual do Norte Fluminense Darcy Ribeiro<\/strong><\/p>\n<\/li>\n<li data-start=\"571\" data-end=\"613\">\n<p data-start=\"574\" data-end=\"613\">Realize o login com os seguintes dados:<\/p>\n<\/li>\n<\/ol>\n<ul data-start=\"615\" data-end=\"700\">\n<li data-start=\"615\" data-end=\"659\">\n<p data-start=\"617\" data-end=\"659\"><strong data-start=\"617\" data-end=\"627\">Login:<\/strong> seu <strong data-start=\"632\" data-end=\"639\">CPF<\/strong> (somente n\u00fameros)<\/p>\n<\/li>\n<li data-start=\"660\" data-end=\"700\">\n<p data-start=\"662\" data-end=\"700\"><strong data-start=\"662\" data-end=\"672\">Senha:<\/strong> sua <strong data-start=\"677\" data-end=\"700\">senha institucional<\/strong><\/p>\n<\/li>\n<\/ul>\n<header class=\"entry-header ast-no-thumbnail\">\n<div class=\"entry-content clear\">\n<h3 style=\"text-align: center\" data-start=\"139\" data-end=\"195\">&#x1f511; <strong data-start=\"145\" data-end=\"195\">Como definir a senha para acesso ao CAFe \u2013 RNP<\/strong><\/h3>\n<p data-start=\"197\" data-end=\"344\">Para acessar o <strong data-start=\"212\" data-end=\"257\">Portal de Peri\u00f3dicos CAPES via CAFe (RNP)<\/strong>, \u00e9 necess\u00e1rio realizar o cadastro e definir uma senha espec\u00edfica no Sistema Acad\u00eamico.<\/p>\n<h4 data-start=\"351\" data-end=\"390\">&#x2705; Definir senha para acesso ao CAFe<\/h4>\n<ol data-start=\"392\" data-end=\"601\">\n<li data-start=\"392\" data-end=\"427\">\n<p data-start=\"395\" data-end=\"427\">Acesse o <strong data-start=\"404\" data-end=\"425\">Sistema Acad\u00eamico<\/strong><\/p>\n<\/li>\n<li data-start=\"428\" data-end=\"479\">\n<p data-start=\"431\" data-end=\"479\">No menu, v\u00e1 em:<br data-start=\"446\" data-end=\"449\" \/><strong data-start=\"452\" data-end=\"477\">Cadastro \u2192 Meus dados<\/strong><\/p>\n<\/li>\n<li data-start=\"480\" data-end=\"538\">\n<p data-start=\"483\" data-end=\"538\">Em seguida, acesse:<br data-start=\"502\" data-end=\"505\" \/><strong data-start=\"508\" data-end=\"536\">Conex\u00f5es \u2192 Cadastro CAFe<\/strong><\/p>\n<\/li>\n<li data-start=\"539\" data-end=\"578\">\n<p data-start=\"542\" data-end=\"578\">Clique em <strong data-start=\"552\" data-end=\"576\">Ativar cadastro CAFe<\/strong><\/p>\n<\/li>\n<li data-start=\"579\" data-end=\"601\">\n<p data-start=\"582\" data-end=\"601\">O login ser\u00e1 o seu:<\/p>\n<\/li>\n<\/ol>\n<ul data-start=\"603\" data-end=\"630\">\n<li data-start=\"603\" data-end=\"630\">\n<p data-start=\"605\" data-end=\"630\"><strong data-start=\"605\" data-end=\"612\">CPF<\/strong> (somente n\u00fameros)<\/p>\n<\/li>\n<\/ul>\n<ol start=\"6\" data-start=\"632\" data-end=\"686\">\n<li data-start=\"632\" data-end=\"686\">\n<p data-start=\"635\" data-end=\"686\">Crie uma senha e confirme para finalizar o cadastro<\/p>\n<\/li>\n<\/ol>\n<h4 data-start=\"693\" data-end=\"721\">&#x26a0;&#xfe0f; Observa\u00e7\u00e3o importante<\/h4>\n<ul data-start=\"723\" data-end=\"831\">\n<li data-start=\"723\" data-end=\"790\">\n<p data-start=\"725\" data-end=\"790\">A senha do CAFe <strong data-start=\"741\" data-end=\"788\">n\u00e3o poder\u00e1 ser a mesma do Sistema Acad\u00eamico<\/strong><\/p>\n<\/li>\n<li data-start=\"791\" data-end=\"831\">\n<p data-start=\"793\" data-end=\"831\">Deve conter <strong data-start=\"805\" data-end=\"831\">no m\u00ednimo 8 caracteres<\/strong><\/p>\n<\/li>\n<\/ul>\n<\/div>\n<\/header>\n","protected":false},"excerpt":{"rendered":"<p>COMUNICADO Informamos que a biblioteca estar\u00e1 provisoriamente interditada para atendimento ao p\u00fablico, a partir de hoje, 23\/03\/2026, em virtude de&#8230;<\/p>\n","protected":false},"author":21,"featured_media":0,"parent":0,"menu_order":0,"comment_status":"open","ping_status":"closed","template":"","meta":{"footnotes":""},"class_list":["post-6","page","type-page","status-publish","hentry"],"_links":{"self":[{"href":"https:\/\/uenf.br\/cct\/biblioteca\/wp-json\/wp\/v2\/pages\/6","targetHints":{"allow":["GET"]}}],"collection":[{"href":"https:\/\/uenf.br\/cct\/biblioteca\/wp-json\/wp\/v2\/pages"}],"about":[{"href":"https:\/\/uenf.br\/cct\/biblioteca\/wp-json\/wp\/v2\/types\/page"}],"author":[{"embeddable":true,"href":"https:\/\/uenf.br\/cct\/biblioteca\/wp-json\/wp\/v2\/users\/21"}],"replies":[{"embeddable":true,"href":"https:\/\/uenf.br\/cct\/biblioteca\/wp-json\/wp\/v2\/comments?post=6"}],"version-history":[{"count":0,"href":"https:\/\/uenf.br\/cct\/biblioteca\/wp-json\/wp\/v2\/pages\/6\/revisions"}],"wp:attachment":[{"href":"https:\/\/uenf.br\/cct\/biblioteca\/wp-json\/wp\/v2\/media?parent=6"}],"curies":[{"name":"wp","href":"https:\/\/api.w.org\/{rel}","templated":true}]}}