{"id":728,"date":"2023-04-05T13:26:36","date_gmt":"2023-04-05T13:26:36","guid":{"rendered":"https:\/\/uenf.br\/cct\/biblioteca\/?page_id=728"},"modified":"2026-02-11T14:36:06","modified_gmt":"2026-02-11T14:36:06","slug":"horario-de-atendimento","status":"publish","type":"page","link":"https:\/\/uenf.br\/cct\/biblioteca\/horario-de-atendimento\/","title":{"rendered":"Hor\u00e1rio de Atendimento e Contato"},"content":{"rendered":"<h3 style=\"padding-left: 30px;text-align: center\">&#x1f4cc; <strong data-start=\"175\" data-end=\"230\">COMUNICADO \u2013 Hor\u00e1rio de Funcionamento da Biblioteca<\/strong><\/h3>\n<ul>\n<li style=\"list-style-type: none\">\n<ul>\n<li>\n<h5><strong>A Biblioteca funcionar\u00e1 de segunda a sexta-feira, das 8h \u00e0s 22h, com atendimento ao p\u00fablico no balc\u00e3o das 8h15min \u00e0s 21h45min, observado o intervalo das 12h \u00e0s 14h.<\/strong><\/h5>\n<\/li>\n<li>\n<h5>O referido hor\u00e1rio somente ser\u00e1 implementado mediante a disponibiliza\u00e7\u00e3o de servidores pela Administra\u00e7\u00e3o. At\u00e9 a conclus\u00e3o do provimento necess\u00e1rio, a Biblioteca funcionar\u00e1 provisoriamente de segunda a sexta-feira, das <strong data-start=\"532\" data-end=\"545\">8h \u00e0s 18h<\/strong>, com atendimento ao p\u00fablico no balc\u00e3o das <strong data-start=\"588\" data-end=\"611\">8h15min \u00e0s 17h45min<\/strong>, observado o intervalo das <strong data-start=\"639\" data-end=\"653\">12h \u00e0s 14h<\/strong>.<\/h5>\n<\/li>\n<li>\n<h5><strong>Em casos excepcionais como: \u00a0aus\u00eancia de funcion\u00e1rios por doen\u00e7a, gozo de f\u00e9rias e licen\u00e7a, recesso letivo, reuni\u00f5es, invent\u00e1rio de acervo, etc., a Biblioteca ter\u00e1 hor\u00e1rio de atendimento e funcionamento diferenciado.<\/strong><\/h5>\n<\/li>\n<\/ul>\n<\/li>\n<\/ul>\n<h5>O hor\u00e1rio de atendimento foi aprovado juntamente com o Regulamento Interno da Biblioteca Prof. Eug\u00eanio Lerner pelo CONCEN\/CCT, em sua <strong data-start=\"224\" data-end=\"240\">345\u00aa reuni\u00e3o<\/strong>, realizada em <strong data-start=\"255\" data-end=\"280\">29 de janeiro de 2026<\/strong>.<\/h5>\n<h3 style=\"text-align: center\" data-start=\"779\" data-end=\"797\">&#x1f4de; <strong data-start=\"786\" data-end=\"797\">Contato<\/strong><\/h3>\n<p data-start=\"799\" data-end=\"864\">&#x1f4cd; <strong data-start=\"802\" data-end=\"815\">Telefone:<\/strong> (22) 2739-7230<br data-start=\"830\" data-end=\"833\" \/>&#x2709;&#xfe0f; <strong data-start=\"836\" data-end=\"847\">E-mail:<\/strong> <a class=\"decorated-link cursor-pointer\" rel=\"noopener\" data-start=\"848\" data-end=\"862\">bibcct@uenf.br<\/a><\/p>\n<ul>\n<li style=\"list-style-type: none\"><\/li>\n<\/ul>\n<p style=\"padding-left: 30px;text-align: justify\">Para atendimento por e-mail favor preencher os campos abaixo.<\/p>\n<p style=\"padding-left: 30px;text-align: justify\">Entraremos em contato assim que poss\u00edvel.<\/p>\n\n<div class=\"wpcf7 no-js\" id=\"wpcf7-f13-o1\" lang=\"\" dir=\"ltr\" data-wpcf7-id=\"13\">\n<div class=\"screen-reader-response\"><p role=\"status\" aria-live=\"polite\" aria-atomic=\"true\"><\/p> <ul><\/ul><\/div>\n<form action=\"\/cct\/biblioteca\/wp-json\/wp\/v2\/pages\/728#wpcf7-f13-o1\" method=\"post\" class=\"wpcf7-form init\" aria-label=\"Formul\u00e1rios de contato\" novalidate=\"novalidate\" data-status=\"init\">\n<fieldset class=\"hidden-fields-container\"><input type=\"hidden\" name=\"_wpcf7\" value=\"13\" \/><input type=\"hidden\" name=\"_wpcf7_version\" value=\"6.1.5\" \/><input type=\"hidden\" name=\"_wpcf7_locale\" value=\"\" \/><input type=\"hidden\" name=\"_wpcf7_unit_tag\" value=\"wpcf7-f13-o1\" \/><input type=\"hidden\" name=\"_wpcf7_container_post\" value=\"0\" \/><input type=\"hidden\" name=\"_wpcf7_posted_data_hash\" value=\"\" \/>\n<\/fieldset>\n<p>Seu nome (obrigat\u00f3rio)\n<\/p>\n<p><span class=\"wpcf7-form-control-wrap\" data-name=\"your-name\"><input size=\"40\" maxlength=\"400\" class=\"wpcf7-form-control wpcf7-text wpcf7-validates-as-required\" aria-required=\"true\" aria-invalid=\"false\" value=\"\" type=\"text\" name=\"your-name\" \/><\/span>\n<\/p>\n<p>Seu e-mail (obrigat\u00f3rio)\n<\/p>\n<p><span class=\"wpcf7-form-control-wrap\" data-name=\"your-email\"><input size=\"40\" maxlength=\"400\" class=\"wpcf7-form-control wpcf7-email wpcf7-validates-as-required wpcf7-text wpcf7-validates-as-email\" aria-required=\"true\" aria-invalid=\"false\" value=\"\" type=\"email\" name=\"your-email\" \/><\/span>\n<\/p>\n<p>Assunto (obrigat\u00f3rio)\n<\/p>\n<p><span class=\"wpcf7-form-control-wrap\" data-name=\"your-subject\"><input size=\"40\" maxlength=\"400\" class=\"wpcf7-form-control wpcf7-text wpcf7-validates-as-required\" aria-required=\"true\" aria-invalid=\"false\" value=\"\" type=\"text\" name=\"your-subject\" \/><\/span>\n<\/p>\n<p>Sua mensagem (obrigat\u00f3rio)\n<\/p>\n<p><span class=\"wpcf7-form-control-wrap\" data-name=\"your-message\"><textarea cols=\"40\" rows=\"10\" maxlength=\"2000\" class=\"wpcf7-form-control wpcf7-textarea wpcf7-validates-as-required\" aria-required=\"true\" aria-invalid=\"false\" name=\"your-message\"><\/textarea><\/span>\n<\/p>\n<p><input class=\"wpcf7-form-control wpcf7-submit has-spinner\" type=\"submit\" value=\"Enviar\" \/>\n<\/p><div class=\"wpcf7-response-output\" aria-hidden=\"true\"><\/div>\n<\/form>\n<\/div>\n\n","protected":false},"excerpt":{"rendered":"<p>&#x1f4cc; COMUNICADO \u2013 Hor\u00e1rio de Funcionamento da Biblioteca A Biblioteca funcionar\u00e1 de segunda a sexta-feira, das 8h \u00e0s 22h, com&#8230;<\/p>\n","protected":false},"author":21,"featured_media":0,"parent":0,"menu_order":0,"comment_status":"closed","ping_status":"closed","template":"","meta":{"footnotes":""},"class_list":["post-728","page","type-page","status-publish","hentry"],"_links":{"self":[{"href":"https:\/\/uenf.br\/cct\/biblioteca\/wp-json\/wp\/v2\/pages\/728","targetHints":{"allow":["GET"]}}],"collection":[{"href":"https:\/\/uenf.br\/cct\/biblioteca\/wp-json\/wp\/v2\/pages"}],"about":[{"href":"https:\/\/uenf.br\/cct\/biblioteca\/wp-json\/wp\/v2\/types\/page"}],"author":[{"embeddable":true,"href":"https:\/\/uenf.br\/cct\/biblioteca\/wp-json\/wp\/v2\/users\/21"}],"replies":[{"embeddable":true,"href":"https:\/\/uenf.br\/cct\/biblioteca\/wp-json\/wp\/v2\/comments?post=728"}],"version-history":[{"count":0,"href":"https:\/\/uenf.br\/cct\/biblioteca\/wp-json\/wp\/v2\/pages\/728\/revisions"}],"wp:attachment":[{"href":"https:\/\/uenf.br\/cct\/biblioteca\/wp-json\/wp\/v2\/media?parent=728"}],"curies":[{"name":"wp","href":"https:\/\/api.w.org\/{rel}","templated":true}]}}