{"id":733,"date":"2023-04-05T14:10:13","date_gmt":"2023-04-05T14:10:13","guid":{"rendered":"https:\/\/uenf.br\/cct\/biblioteca\/?page_id=733"},"modified":"2026-02-09T12:41:10","modified_gmt":"2026-02-09T12:41:10","slug":"apresentacao-da-biblioteca-prof-eugenio-lerner","status":"publish","type":"page","link":"https:\/\/uenf.br\/cct\/biblioteca\/apresentacao-da-biblioteca-prof-eugenio-lerner\/","title":{"rendered":"Apresenta\u00e7\u00e3o da Biblioteca Prof. Eug\u00eanio Lerner"},"content":{"rendered":"<h5>A Biblioteca Prof. Eug\u00eanio Lerner tem como prioridade atender \u00e0 comunidade acad\u00eamica do Centro de Ci\u00eancia e Tecnologia, orientando e incentivando a pesquisa cient\u00edfica e o trabalho intelectual.<\/h5>\n<h5>O acervo \u00e9 composto por livros f\u00edsicos e eletr\u00f4nicos, abrangendo: as \u00e1reas de ci\u00eancias exatas e da terra; engenharias; ci\u00eancias sociais e aplicadas; ci\u00eancias pedag\u00f3gicas; sa\u00fade; letras e artes; ci\u00eancias jur\u00eddicas.<\/h5>\n<h5>A Biblioteca possui atualmente o acervo f\u00edsico 7.143 t\u00edtulos e 12.144 exemplares e mais de 10.ooo t\u00edtulos digitais da plataforma de livros eletr\u00f4nicos <span style=\"color: #000000\">Minha Biblioteca<\/span>.<\/h5>\n<h5><strong>Consulta ao cat\u00e1logo do t\u00edtulos f\u00edsicos e digitais (base Minha Biblioteca)<\/strong>: <a href=\"https:\/\/biblioteca.sophia.com.br\/terminal\/9688\" target=\"_blank\" rel=\"noopener\"><span style=\"color: #0000ff\"><b>SophiA<\/b><\/span><\/a><\/h5>\n<h5><strong>Acesso aos t\u00edtulos digitais da base Minha Biblioteca:<\/strong> <a href=\"https:\/\/academico.uenf.br\/usuarios\/sign_in\" target=\"_blank\" rel=\"noopener\"><strong><span style=\"color: #0000ff\">Sistema Acad\u00eamico<\/span><\/strong><\/a><\/h5>\n<h5>HIST\u00d3RICO<\/h5>\n<h5>BREVE HIST\u00d3RICO SOBRE A CRIA\u00c7\u00c3O DA BIBLIOTECA<\/h5>\n<h5>A Biblioteca do CCT foi inaugurada em outubro de 1996 com a presen\u00e7a do ent\u00e3o governador Marcelo Alencar. Em 1999 a Biblioteca passou a se chamar Professor Eug\u00eanio Lerner (link para entrar na biografia do prof\u0665) homenagem ao reitor que tanto contribuiu para a implanta\u00e7\u00e3o desta Universidade.<\/h5>\n<h5>Biografia do Professor Eug\u00eanio Lerner:<\/h5>\n<h5>O Prof. Lerner formou-se em F\u00edsica em 1956 pela antiga Faculdade Nacional de Filosofia da Universidade do Brasil, no Rio de Janeiro. Ap\u00f3s breve perman\u00eancia no CBPF, em 1959 foi para S\u00e3o Paulo, como assistente do Prof. Cesar Lattes na Cadeira de F\u00edsica Superior, participando da instala\u00e7\u00e3o do Laborat\u00f3rio de Emuls\u00f5es Nucleares, no antigo Departamento de F\u00edsica da Faculdade de Filosofia, Ci\u00eancias e Letras da USP. Em 1961 foi trabalhar em f\u00edsica experimental de baixas temperaturas, na Ohio State University, em Columbus, Ohio, EUA, sob a dire\u00e7\u00e3o do Prof. John Daunt, conhecido especialista da \u00e1rea, que havia participado da instala\u00e7\u00e3o do laborat\u00f3rio de baixas temperaturas na USP. Obteve o doutoramento em 1966. Permanecendo nos Estados Unidos, trabalhou em algumas ind\u00fastrias antes de aceitar uma posi\u00e7\u00e3o no Stevens Institute of Technology, em Hoboken, New Jersey, onde montou um centro de criogenia e desenvolveu pesquisas sobre filmes finos. Juntamente com Daunt, recebeu o &#8220;Ottens Award&#8221;, concedido pelo Stevens Institute por suas contribui\u00e7\u00f5es no campo da criogenia. Voltando ao Brasil em 1973, tornou-se Professor Titular do Instituto de F\u00edsica da UFRJ, onde montou um laborat\u00f3rio de baixas temperaturas e desenvolveu trabalhos sobre transi\u00e7\u00f5es de fases em sistemas bidimensionais. Foi Diretor do Instituto de F\u00edsica da UFRJ em duas ocasi\u00f5es. Na d\u00e9cada de setenta, foi Secret\u00e1rio Geral e depois Vice-Presidente da Sociedade Brasileira de F\u00edsica, contribuindo para o estabelecimento dos projetos de reuni\u00f5es cient\u00edficas e de publica\u00e7\u00f5es da SBF. Em 1980, tornou-se Membro Titular da Academia Brasileira de Ci\u00eancias. Foi Reitor da Universidade Estadual do Norte Fluminense Darcy Ribeiro. \u00c0 frente da UENF, entre 09\/02\/95 e 22\/04\/97, Lerner foi um dos precursores do movimento de aproxima\u00e7\u00e3o entre a Universidade e a popula\u00e7\u00e3o de Campos. Ap\u00f3s sua aposentadoria na UFRJ, voltou a radicar-se em S\u00e3o Paulo, aceitando o desafio de implantar uma universidade privada de caracter\u00edsticas inovadoras, mantendo cursos de gradua\u00e7\u00e3o e de p\u00f3s-gradua\u00e7\u00e3o, com atividades de ensino, pesquisa, e extens\u00e3o de servi\u00e7os \u00e0 comunidade. O seu falecimento em 23 de maio de 1999 impediu que completasse os novos projetos, sendo uma enorme perda para a comunidade acad\u00eamica.<\/h5>\n<h5>Fonte: BIFUSP. S\u00e3o Paulo: IFUSP, ano 18, n. 14, maio 1999. Dispon\u00edvel em: http:\/\/www.if.usp.br\/bifusp\/bifold\/bif9914.html . Acesso em: 13 jul. 2012.<\/h5>\n<h5>Em 2000, atrav\u00e9s do projeto Faperj coordenado pelo professor Paulo Beggio, a biblioteca passou por uma reforma, ampliando o seu acervo e melhorando suas instala\u00e7\u00f5es com aquisi\u00e7\u00e3o de novos equipamentos e mobili\u00e1rio.<\/h5>\n<h5>No ano de 2002, os quatros Centros (CBB, CCH, CCT e CCTA) da Universidade adquiriram o sistema de bibliotecas Informa. Este software de automa\u00e7\u00e3o de bibliotecas, tem a sua atua\u00e7\u00e3o voltada integralmente para a \u00e1rea de informatiza\u00e7\u00e3o de bibliotecas e centros de documenta\u00e7\u00e3o. A aquisi\u00e7\u00e3o deste sistema promoveu a integra\u00e7\u00e3o entre as Bibliotecas da UENF, tornando as rotinas e servi\u00e7os oferecidos mais eficientes e seguras.<\/h5>\n<h5>Em 2005, a Biblioteca passou a utilizar plenamente o sistema no atendimento aos usu\u00e1rios e, a partir de 2009, as reserva e renova\u00e7\u00f5es assim como a consulta ao acervo passaram a ser tamb\u00e9m <em>on-line<\/em>.<\/h5>\n<h5>No ano de 2022, a Universidade adquiriu para as bibliotecas a base de dados multidisciplinar Minha Biblioteca, possibilitando aos alunos, professores e t\u00e9cnicos o acesso <em>on-line<\/em> a mais de 10.000 t\u00edtulos de livros eletr\u00f4nicos.<\/h5>\n","protected":false},"excerpt":{"rendered":"<p>A Biblioteca Prof. Eug\u00eanio Lerner tem como prioridade atender \u00e0 comunidade acad\u00eamica do Centro de Ci\u00eancia e Tecnologia, orientando e&#8230;<\/p>\n","protected":false},"author":21,"featured_media":0,"parent":0,"menu_order":2,"comment_status":"closed","ping_status":"closed","template":"","meta":{"footnotes":""},"class_list":["post-733","page","type-page","status-publish","hentry"],"_links":{"self":[{"href":"https:\/\/uenf.br\/cct\/biblioteca\/wp-json\/wp\/v2\/pages\/733","targetHints":{"allow":["GET"]}}],"collection":[{"href":"https:\/\/uenf.br\/cct\/biblioteca\/wp-json\/wp\/v2\/pages"}],"about":[{"href":"https:\/\/uenf.br\/cct\/biblioteca\/wp-json\/wp\/v2\/types\/page"}],"author":[{"embeddable":true,"href":"https:\/\/uenf.br\/cct\/biblioteca\/wp-json\/wp\/v2\/users\/21"}],"replies":[{"embeddable":true,"href":"https:\/\/uenf.br\/cct\/biblioteca\/wp-json\/wp\/v2\/comments?post=733"}],"version-history":[{"count":0,"href":"https:\/\/uenf.br\/cct\/biblioteca\/wp-json\/wp\/v2\/pages\/733\/revisions"}],"wp:attachment":[{"href":"https:\/\/uenf.br\/cct\/biblioteca\/wp-json\/wp\/v2\/media?parent=733"}],"curies":[{"name":"wp","href":"https:\/\/api.w.org\/{rel}","templated":true}]}}