{"id":755,"date":"2023-04-05T15:21:15","date_gmt":"2023-04-05T15:21:15","guid":{"rendered":"https:\/\/uenf.br\/cct\/biblioteca\/?page_id=755"},"modified":"2026-02-09T12:49:44","modified_gmt":"2026-02-09T12:49:44","slug":"acervo-digital-e-books-minha-biblioteca","status":"publish","type":"page","link":"https:\/\/uenf.br\/cct\/biblioteca\/servicos-oferecidos\/acervo-digital-e-books-minha-biblioteca\/","title":{"rendered":"Minha Biblioteca &#8211; E-books"},"content":{"rendered":"<p><img loading=\"lazy\" decoding=\"async\" class=\"aligncenter wp-image-1284\" src=\"https:\/\/uenf.br\/cct\/biblioteca\/files\/2024\/03\/Logo-MB.jpg\" alt=\"\" width=\"156\" height=\"113\" \/><\/p>\n<h5>A Minha Biblioteca \u00e9 uma base multidisciplinar de <em>e-books<\/em>, composta com cat\u00e1logos das \u00e1reas de Sa\u00fade, Sociais Aplicadas, Humanas, Biol\u00f3gicas e Exatas, com mais de 10 mil.<\/h5>\n<h5><span style=\"color: #000000\">Trata-se de uma plataforma pr\u00e1tica e intuitiva, que oferece diversas ferramentas de leitura, recursos de acessibilidade e funcionalidades de apoio ao estudo. O acesso pode ser realizado por meio do<\/span><strong><span style=\"color: #0000ff\"><a style=\"color: #0000ff\" href=\"https:\/\/biblioteca.sophia.com.br\/terminal\/9688\" target=\"_blank\" rel=\"noopener\"> SophiA Web<\/a><\/span><\/strong> e do <strong><span style=\"color: #0000ff\"><a style=\"color: #0000ff\" href=\"https:\/\/academico.uenf.br\/usuarios\/sign_in\" target=\"_blank\" rel=\"noopener\">Sistema Acad\u00eamico<\/a><\/span> <\/strong>da Uenf.<\/h5>\n<h5 data-start=\"656\" data-end=\"694\">Primeiro acesso \u00e0 Minha Biblioteca<\/h5>\n<h5 data-start=\"696\" data-end=\"890\">O primeiro acesso \u00e0 base <strong data-start=\"721\" data-end=\"783\">deve ser realizado obrigatoriamente pelo Sistema Acad\u00eamico<\/strong>, pois somente dessa forma ser\u00e1 poss\u00edvel liberar o acesso posterior aos e-books por meio do <strong data-start=\"875\" data-end=\"889\">SophiA Web<\/strong>.<\/h5>\n<h5><span style=\"color: #0000ff\"><strong>Problemas de acesso em dispositivos m\u00f3veis.<\/strong><\/span><\/h5>\n<ol>\n<li data-start=\"1096\" data-end=\"1155\">\n<h5 data-start=\"1099\" data-end=\"1155\">Acesse as configura\u00e7\u00f5es do navegador do seu dispositivo;<\/h5>\n<\/li>\n<li data-start=\"1156\" data-end=\"1261\">\n<h5 data-start=\"1159\" data-end=\"1196\">Em <strong data-start=\"1162\" data-end=\"1173\">Ajustes<\/strong>, desabilite as op\u00e7\u00f5es:<\/h5>\n<ul data-start=\"1200\" data-end=\"1261\">\n<li data-start=\"1200\" data-end=\"1226\">\n<h5 data-start=\"1202\" data-end=\"1226\"><strong data-start=\"1202\" data-end=\"1226\">Impedir rastreamento<\/strong><\/h5>\n<\/li>\n<li data-start=\"1230\" data-end=\"1261\">\n<h5 data-start=\"1232\" data-end=\"1261\"><strong data-start=\"1232\" data-end=\"1261\">Bloquear todos os cookies<\/strong><\/h5>\n<\/li>\n<\/ul>\n<\/li>\n<li data-start=\"1262\" data-end=\"1300\">\n<h5 data-start=\"1265\" data-end=\"1300\">Desative o bloqueio de <strong data-start=\"1288\" data-end=\"1299\">pop-ups<\/strong>;<\/h5>\n<\/li>\n<li data-start=\"1301\" data-end=\"1356\">\n<h5 data-start=\"1304\" data-end=\"1356\">Feche o navegador e realize um novo teste de acesso.<\/h5>\n<\/li>\n<\/ol>\n","protected":false},"excerpt":{"rendered":"<p>A Minha Biblioteca \u00e9 uma base multidisciplinar de e-books, composta com cat\u00e1logos das \u00e1reas de Sa\u00fade, Sociais Aplicadas, Humanas, Biol\u00f3gicas&#8230;<\/p>\n","protected":false},"author":21,"featured_media":1284,"parent":164,"menu_order":2,"comment_status":"closed","ping_status":"closed","template":"","meta":{"footnotes":""},"class_list":["post-755","page","type-page","status-publish","has-post-thumbnail","hentry"],"_links":{"self":[{"href":"https:\/\/uenf.br\/cct\/biblioteca\/wp-json\/wp\/v2\/pages\/755","targetHints":{"allow":["GET"]}}],"collection":[{"href":"https:\/\/uenf.br\/cct\/biblioteca\/wp-json\/wp\/v2\/pages"}],"about":[{"href":"https:\/\/uenf.br\/cct\/biblioteca\/wp-json\/wp\/v2\/types\/page"}],"author":[{"embeddable":true,"href":"https:\/\/uenf.br\/cct\/biblioteca\/wp-json\/wp\/v2\/users\/21"}],"replies":[{"embeddable":true,"href":"https:\/\/uenf.br\/cct\/biblioteca\/wp-json\/wp\/v2\/comments?post=755"}],"version-history":[{"count":0,"href":"https:\/\/uenf.br\/cct\/biblioteca\/wp-json\/wp\/v2\/pages\/755\/revisions"}],"up":[{"embeddable":true,"href":"https:\/\/uenf.br\/cct\/biblioteca\/wp-json\/wp\/v2\/pages\/164"}],"wp:featuredmedia":[{"embeddable":true,"href":"https:\/\/uenf.br\/cct\/biblioteca\/wp-json\/wp\/v2\/media\/1284"}],"wp:attachment":[{"href":"https:\/\/uenf.br\/cct\/biblioteca\/wp-json\/wp\/v2\/media?parent=755"}],"curies":[{"name":"wp","href":"https:\/\/api.w.org\/{rel}","templated":true}]}}