{"id":12,"date":"2019-10-08T13:28:28","date_gmt":"2019-10-08T13:28:28","guid":{"rendered":"http:\/\/uenf.br\/cct\/lamav\/?page_id=12"},"modified":"2022-08-03T14:42:47","modified_gmt":"2022-08-03T14:42:47","slug":"docentes","status":"publish","type":"page","link":"https:\/\/uenf.br\/cct\/lamav\/docentes\/","title":{"rendered":"DOCENTES"},"content":{"rendered":"<p>Links:<\/p>\n<ul>\n<li><a href=\"https:\/\/www.uenf.br\" target=\"_blank\" rel=\"noopener noreferrer\">Link site UENF<\/a><\/li>\n<\/ul>\n<table style=\"height: 987px\" width=\"745\">\n<tbody>\n<tr>\n<td width=\"234\">\n<p style=\"text-align: center\"><strong>DOCENTE<\/strong><\/p>\n<\/td>\n<td width=\"123\">\n<p style=\"text-align: left\"><strong>CONTATO<\/strong><\/p>\n<\/td>\n<td width=\"76\">\n<p style=\"text-align: left\"><strong>SALA<\/strong><\/p>\n<\/td>\n<td width=\"132\">\n<p style=\"text-align: left\"><strong>ACESSO CNPq<\/strong><\/p>\n<\/td>\n<\/tr>\n<tr>\n<td width=\"234\">Alessandra Agna Araujo dos Santos<\/td>\n<td width=\"123\">2739-7251<\/td>\n<td width=\"76\">113<\/td>\n<td width=\"132\"><\/td>\n<\/tr>\n<tr>\n<td width=\"234\">\u00c2ngelus Giuseppe Pereira da Silva<\/td>\n<td width=\"123\">2739-7322<\/td>\n<td width=\"76\">106<\/td>\n<td width=\"132\"><a href=\"http:\/\/lattes.cnpq.br\/1435330862718379\" target=\"_blank\" rel=\"noopener noreferrer\">Curr\u00edculo lattes<\/a><\/td>\n<\/tr>\n<tr>\n<td width=\"234\">Carlos Maur\u00edcio Fontes Vieira<\/td>\n<td width=\"123\">2739-7244<\/td>\n<td width=\"76\">110<\/td>\n<td width=\"132\"><a href=\"http:\/\/lattes.cnpq.br\/6309884585355966\" target=\"_blank\" rel=\"noopener noreferrer\">Curr\u00edculo Lattes<\/a><\/td>\n<\/tr>\n<tr>\n<td width=\"234\">Djalma Souza<\/td>\n<td width=\"123\">2748-6178<\/td>\n<td width=\"76\">108<\/td>\n<td width=\"132\"><a href=\"http:\/\/lattes.cnpq.br\/5013801434143344\" target=\"_blank\" rel=\"noopener noreferrer\">Curr\u00edculo Lattes<\/a><\/td>\n<\/tr>\n<tr>\n<td width=\"234\">Eduardo Atem de Carvalho<\/td>\n<td width=\"123\">2739-7246<\/td>\n<td width=\"76\">112<\/td>\n<td width=\"132\"><a href=\"http:\/\/lattes.cnpq.br\/2617773687973315\" target=\"_blank\" rel=\"noopener noreferrer\">Curr\u00edculo Lattes<\/a><\/td>\n<\/tr>\n<tr>\n<td width=\"234\">Elaine Cristina Pereira<\/td>\n<td width=\"123\">2739-7292<\/td>\n<td width=\"76\">101<\/td>\n<td width=\"132\"><a href=\"http:\/\/lattes.cnpq.br\/4234775053326447\" target=\"_blank\" rel=\"noopener noreferrer\">Curr\u00edculo Lattes<\/a><\/td>\n<\/tr>\n<tr>\n<td width=\"234\">Herval Ramos Paes Junior<\/td>\n<td width=\"123\">2739-7159<\/td>\n<td width=\"76\">105<\/td>\n<td width=\"132\"><a href=\"http:\/\/lattes.cnpq.br\/9034804887420018\" target=\"_blank\" rel=\"noopener noreferrer\">Curr\u00edculo Lattes<\/a><\/td>\n<\/tr>\n<tr>\n<td width=\"234\">Jos\u00e9 Nilson Fran\u00e7a de Holanda<\/td>\n<td width=\"123\">2739-7268<\/td>\n<td width=\"76\">106<\/td>\n<td width=\"132\"><a href=\"http:\/\/lattes.cnpq.br\/5678722013385478\" target=\"_blank\" rel=\"noopener noreferrer\">Curr\u00edculo Lattes<\/a><\/td>\n<\/tr>\n<tr>\n<td width=\"234\">Lioudmila A. Matlakhova<\/td>\n<td width=\"123\">2739-7264<\/td>\n<td width=\"76\">103<\/td>\n<td width=\"132\"><a href=\"http:\/\/lattes.cnpq.br\/5517786487021218\" target=\"_blank\" rel=\"noopener noreferrer\">Curr\u00edculo Lattes<\/a><\/td>\n<\/tr>\n<tr>\n<td width=\"234\">Lu\u00eds Augusto Hernandez Terrones<\/td>\n<td width=\"123\">2739-7110<\/td>\n<td width=\"76\">102<\/td>\n<td width=\"132\"><a href=\"http:\/\/lattes.cnpq.br\/6631164860920086\" target=\"_blank\" rel=\"noopener noreferrer\">Curr\u00edculo Lattes<\/a><\/td>\n<\/tr>\n<tr>\n<td width=\"234\">Marcello Filgueira<\/td>\n<td width=\"123\">2739-7305<\/td>\n<td width=\"76\">114<\/td>\n<td width=\"132\"><a href=\"http:\/\/lattes.cnpq.br\/0725750287341168\" target=\"_blank\" rel=\"noopener noreferrer\">Curr\u00edculo Lattes<\/a><\/td>\n<\/tr>\n<tr>\n<td width=\"234\">Marcia Giardinieri de Azevedo<\/td>\n<td width=\"123\">2739-7294<\/td>\n<td width=\"76\">115<\/td>\n<td width=\"132\"><a href=\"http:\/\/lattes.cnpq.br\/1062041229035074\" target=\"_blank\" rel=\"noopener noreferrer\">Curr\u00edculo Lattes<\/a><\/td>\n<\/tr>\n<tr>\n<td width=\"234\">Raul Ernesto Lopes Palacio<\/td>\n<td width=\"123\">2739-7167<\/td>\n<td width=\"76\">107<\/td>\n<td width=\"132\"><\/td>\n<\/tr>\n<tr>\n<td width=\"234\">Ronaldo Paranhos da Rocha<\/td>\n<td width=\"123\">2739-7241<\/td>\n<td width=\"76\">111<\/td>\n<td width=\"132\"><a href=\"http:\/\/lattes.cnpq.br\/1963897712138599\" target=\"_blank\" rel=\"noopener noreferrer\">Curr\u00edculo Lattes<\/a><\/td>\n<\/tr>\n<tr>\n<td width=\"234\">Rub\u00e9n Jesus S\u00e1nchez Rodr\u00edguez<\/td>\n<td width=\"123\">2739-7309<\/td>\n<td width=\"76\">104<\/td>\n<td width=\"132\"><a href=\"http:\/\/lattes.cnpq.br\/0937791837619484\" target=\"_blank\" rel=\"noopener noreferrer\">Curr\u00edculo Lattes<\/a><\/td>\n<\/tr>\n<tr>\n<td width=\"234\"><\/td>\n<td width=\"123\"><\/td>\n<td width=\"76\"><\/td>\n<td width=\"132\"><\/td>\n<\/tr>\n<\/tbody>\n<\/table>\n<p><strong>\u00a0<\/strong><\/p>\n<p>&nbsp;<\/p>\n","protected":false},"excerpt":{"rendered":"<p>Links: Link site UENF DOCENTE CONTATO SALA ACESSO CNPq Alessandra Agna Araujo dos Santos 2739-7251 113 \u00c2ngelus Giuseppe Pereira da&#8230;<\/p>\n","protected":false},"author":26,"featured_media":0,"parent":0,"menu_order":2,"comment_status":"closed","ping_status":"closed","template":"","meta":{"footnotes":""},"class_list":["post-12","page","type-page","status-publish","hentry"],"_links":{"self":[{"href":"https:\/\/uenf.br\/cct\/lamav\/wp-json\/wp\/v2\/pages\/12","targetHints":{"allow":["GET"]}}],"collection":[{"href":"https:\/\/uenf.br\/cct\/lamav\/wp-json\/wp\/v2\/pages"}],"about":[{"href":"https:\/\/uenf.br\/cct\/lamav\/wp-json\/wp\/v2\/types\/page"}],"author":[{"embeddable":true,"href":"https:\/\/uenf.br\/cct\/lamav\/wp-json\/wp\/v2\/users\/26"}],"replies":[{"embeddable":true,"href":"https:\/\/uenf.br\/cct\/lamav\/wp-json\/wp\/v2\/comments?post=12"}],"version-history":[{"count":0,"href":"https:\/\/uenf.br\/cct\/lamav\/wp-json\/wp\/v2\/pages\/12\/revisions"}],"wp:attachment":[{"href":"https:\/\/uenf.br\/cct\/lamav\/wp-json\/wp\/v2\/media?parent=12"}],"curies":[{"name":"wp","href":"https:\/\/api.w.org\/{rel}","templated":true}]}}