{"id":121,"date":"2019-10-23T19:46:43","date_gmt":"2019-10-23T19:46:43","guid":{"rendered":"http:\/\/uenf.br\/cct\/lamav\/?page_id=121"},"modified":"2023-08-09T14:53:14","modified_gmt":"2023-08-09T14:53:14","slug":"semma","status":"publish","type":"page","link":"https:\/\/uenf.br\/cct\/lamav\/setores\/semma\/","title":{"rendered":"SEMMA"},"content":{"rendered":"<p>O Setor de Materiais e Meio Ambiente disp\u00f5e da infraestrutura b\u00e1sica j\u00e1 instalada em termos de laborat\u00f3rios \u00a0(oficina de cer\u00e2mica vermelha\/revestimento cer\u00e2mico, oficina de ensaios mec\u00e2nicos, oficina de filmes, oficina de tratamentos t\u00e9rmicos). Voltada principalmente para apresenta\u00e7\u00e3o e desenvolvimento de alternativas para solu\u00e7\u00f5es de problemas ambientais que envolvam o emprego de materiais, preferencialmente no Norte\/Noroeste Fluminense. Destaca-se a valoriza\u00e7\u00e3o e aproveitamento de res\u00edduos industriais, aplica\u00e7\u00e3o de Novos Materiais na Forma de Filmes, o estudo das t\u00e9cnicas e ferramentas de an\u00e1lise dispon\u00edveis para a completa caracteriza\u00e7\u00e3o do comportamento mec\u00e2nico dos materiais e algumas de suas propriedades f\u00edsicas.\u00a0\u00a0Os trabalhos de pesquisa realizados no Setor\u00a0 s\u00e3o voltados para estudos sistem\u00e1ticos, tanto de car\u00e1ter cient\u00edfico quanto tecnol\u00f3gico.<\/p>\n<p><strong>Corpo Docente<\/strong><\/p>\n<p>Prof. Dsc. Angelus Giuseppe da Silva(Coordenador do Setor) &#8211; <span style=\"color: #3366ff\">angelus@uenf.br\u00a0<\/span><\/p>\n<p>Prof. Dsc. Eduardo Atem de carvalho &#8211; <span style=\"color: #3366ff\">eatem@uenf.br<\/span><\/p>\n<p>Prof. Dsc. Herval Ramos Paes Junior &#8211; <span style=\"color: #3366ff\">herval<strong>@<\/strong>uenf.br<\/span><\/p>\n<p>Prof. Dsc. Jose Nilson Fran\u00e7a de Holanda &#8211; <span style=\"color: #3366ff\">holanda@uenf.br<\/span><\/p>\n<p>Prof. Dsc. Carlos Mauricio Fonte Vieira &#8211; <span style=\"color: #3366ff\">vieira@uenf.br<\/span><\/p>\n<p>Prof. Felipe Periss\u00e9 Duarte Lopes &#8211; <span style=\"color: #3366ff\">perisse@uenf.br<\/span><\/p>\n<p>&nbsp;<\/p>\n","protected":false},"excerpt":{"rendered":"<p>O Setor de Materiais e Meio Ambiente disp\u00f5e da infraestrutura b\u00e1sica j\u00e1 instalada em termos de laborat\u00f3rios \u00a0(oficina de cer\u00e2mica&#8230;<\/p>\n","protected":false},"author":26,"featured_media":0,"parent":33,"menu_order":3,"comment_status":"closed","ping_status":"closed","template":"","meta":{"footnotes":""},"class_list":["post-121","page","type-page","status-publish","hentry"],"_links":{"self":[{"href":"https:\/\/uenf.br\/cct\/lamav\/wp-json\/wp\/v2\/pages\/121","targetHints":{"allow":["GET"]}}],"collection":[{"href":"https:\/\/uenf.br\/cct\/lamav\/wp-json\/wp\/v2\/pages"}],"about":[{"href":"https:\/\/uenf.br\/cct\/lamav\/wp-json\/wp\/v2\/types\/page"}],"author":[{"embeddable":true,"href":"https:\/\/uenf.br\/cct\/lamav\/wp-json\/wp\/v2\/users\/26"}],"replies":[{"embeddable":true,"href":"https:\/\/uenf.br\/cct\/lamav\/wp-json\/wp\/v2\/comments?post=121"}],"version-history":[{"count":0,"href":"https:\/\/uenf.br\/cct\/lamav\/wp-json\/wp\/v2\/pages\/121\/revisions"}],"up":[{"embeddable":true,"href":"https:\/\/uenf.br\/cct\/lamav\/wp-json\/wp\/v2\/pages\/33"}],"wp:attachment":[{"href":"https:\/\/uenf.br\/cct\/lamav\/wp-json\/wp\/v2\/media?parent=121"}],"curies":[{"name":"wp","href":"https:\/\/api.w.org\/{rel}","templated":true}]}}