{"id":152,"date":"2019-10-24T14:18:43","date_gmt":"2019-10-24T14:18:43","guid":{"rendered":"http:\/\/uenf.br\/cct\/lamav\/?page_id=152"},"modified":"2022-03-23T11:58:07","modified_gmt":"2022-03-23T11:58:07","slug":"introducao","status":"publish","type":"page","link":"https:\/\/uenf.br\/cct\/lamav\/apresentacao\/introducao\/","title":{"rendered":"INTRODU\u00c7\u00c3O"},"content":{"rendered":"<p style=\"text-align: center\"><img loading=\"lazy\" decoding=\"async\" class=\"size-full wp-image-147 aligncenter\" src=\"http:\/\/uenf.br\/cct\/lamav\/files\/2019\/10\/Logo-LAMAV-3.jpg\" alt=\"\" width=\"303\" height=\"217\" srcset=\"https:\/\/uenf.br\/cct\/lamav\/files\/2019\/10\/Logo-LAMAV-3.jpg 303w, https:\/\/uenf.br\/cct\/lamav\/files\/2019\/10\/Logo-LAMAV-3-300x215.jpg 300w, https:\/\/uenf.br\/cct\/lamav\/files\/2019\/10\/Logo-LAMAV-3-150x107.jpg 150w\" sizes=\"auto, (max-width: 303px) 100vw, 303px\" \/><\/p>\n<p style=\"text-align: left\">O Laborat\u00f3rio de Materiais Avan\u00e7ados (LAMAV) integra o Centro de Ci\u00eancia e Tecnologia da UENF. \u00c9 composto por diferentes setores voltados para pesquisas nas \u00e1reas\u00a0 de metalurgia f\u00edsica, meio ambiente, materiais superduros e pol\u00edmeros e comp\u00f3sitos. Tem se empenhado na forma\u00e7\u00e3o de profissionais com capacidade para exercer atividades cient\u00edfico-tecnol\u00f3gicas de alto n\u00edvel e que venham a contribuir para o desenvolvimento do Norte\/Noroeste do Estado do Rio de Janeiro.<\/p>\n<p style=\"text-align: left\">O LAMAV encontra-se estruturado em quatro setores formados por professores e t\u00e9cnicos envolvidos com o curso de Gradua\u00e7\u00e3o em Engenharia Metal\u00fargica e de Materiais e o Programa de P\u00f3s-Gradua\u00e7\u00e3o em Engenharia e Ci\u00eancia dos Materiais.<\/p>\n<ul>\n<li><span style=\"color: #ff0000\">Chefe do LAMAV: Prof. Eduardo Atem de Carvalho<\/span><\/li>\n<li><span style=\"color: #ff0000\">Secretaria: TNS\u00a0 Shirlene Chagas<\/span><\/li>\n<\/ul>\n","protected":false},"excerpt":{"rendered":"<p>O Laborat\u00f3rio de Materiais Avan\u00e7ados (LAMAV) integra o Centro de Ci\u00eancia e Tecnologia da UENF. \u00c9 composto por diferentes setores&#8230;<\/p>\n","protected":false},"author":26,"featured_media":0,"parent":5,"menu_order":1,"comment_status":"closed","ping_status":"closed","template":"","meta":{"footnotes":""},"class_list":["post-152","page","type-page","status-publish","hentry"],"_links":{"self":[{"href":"https:\/\/uenf.br\/cct\/lamav\/wp-json\/wp\/v2\/pages\/152","targetHints":{"allow":["GET"]}}],"collection":[{"href":"https:\/\/uenf.br\/cct\/lamav\/wp-json\/wp\/v2\/pages"}],"about":[{"href":"https:\/\/uenf.br\/cct\/lamav\/wp-json\/wp\/v2\/types\/page"}],"author":[{"embeddable":true,"href":"https:\/\/uenf.br\/cct\/lamav\/wp-json\/wp\/v2\/users\/26"}],"replies":[{"embeddable":true,"href":"https:\/\/uenf.br\/cct\/lamav\/wp-json\/wp\/v2\/comments?post=152"}],"version-history":[{"count":0,"href":"https:\/\/uenf.br\/cct\/lamav\/wp-json\/wp\/v2\/pages\/152\/revisions"}],"up":[{"embeddable":true,"href":"https:\/\/uenf.br\/cct\/lamav\/wp-json\/wp\/v2\/pages\/5"}],"wp:attachment":[{"href":"https:\/\/uenf.br\/cct\/lamav\/wp-json\/wp\/v2\/media?parent=152"}],"curies":[{"name":"wp","href":"https:\/\/api.w.org\/{rel}","templated":true}]}}