{"id":16,"date":"2019-10-08T13:35:30","date_gmt":"2019-10-08T13:35:30","guid":{"rendered":"http:\/\/uenf.br\/cct\/lamav\/?page_id=16"},"modified":"2025-11-19T14:30:57","modified_gmt":"2025-11-19T14:30:57","slug":"graduacao","status":"publish","type":"page","link":"https:\/\/uenf.br\/cct\/lamav\/cursos\/graduacao\/","title":{"rendered":"Gradua\u00e7\u00e3o"},"content":{"rendered":"<p><strong>Engenharia Metal\u00fargica e de Materiais<\/strong><\/p>\n<p>INFORMA\u00c7\u00d5ES GERAIS<\/p>\n<p><strong>Coordenador<\/strong>:\u00a0 Alessandra Agna Araujo dos Santos.<\/p>\n<p>Secret\u00e1rio: Luciano Vianna<\/p>\n<p>Reconhecimento:\u00a0 CEE\/RJ Parecer n\u00ba 334\/1998 publicado no DOERJ de 31\/12\/1998.<br \/>\nTurno: Diurno.<br \/>\nAno de in\u00edcio do curso: Agosto de 1993.<br \/>\nNumero de Vagas:\u00a0 definido no Edital do Vestibular.<\/p>\n<p>Tel.: (22) 2739.7823 e 2739.7825<\/p>\n<p>Maiores informa\u00e7\u00f5es, acessar a p\u00e1gina do curso no site da UENF.<\/p>\n<p>ou<\/p>\n<p>Link para a Gradua\u00e7\u00e3o<a href=\"https:\/\/uenf.br\/graduacao\/engenharia-de-materiais\/\">https:\/\/uenf.br\/graduacao\/engenharia-de-materiais\/<\/a><\/p>\n","protected":false},"excerpt":{"rendered":"<p>Engenharia Metal\u00fargica e de Materiais INFORMA\u00c7\u00d5ES GERAIS Coordenador:\u00a0 Alessandra Agna Araujo dos Santos. Secret\u00e1rio: Luciano Vianna Reconhecimento:\u00a0 CEE\/RJ Parecer n\u00ba&#8230;<\/p>\n","protected":false},"author":26,"featured_media":0,"parent":14,"menu_order":1,"comment_status":"closed","ping_status":"closed","template":"","meta":{"footnotes":""},"class_list":["post-16","page","type-page","status-publish","hentry"],"_links":{"self":[{"href":"https:\/\/uenf.br\/cct\/lamav\/wp-json\/wp\/v2\/pages\/16","targetHints":{"allow":["GET"]}}],"collection":[{"href":"https:\/\/uenf.br\/cct\/lamav\/wp-json\/wp\/v2\/pages"}],"about":[{"href":"https:\/\/uenf.br\/cct\/lamav\/wp-json\/wp\/v2\/types\/page"}],"author":[{"embeddable":true,"href":"https:\/\/uenf.br\/cct\/lamav\/wp-json\/wp\/v2\/users\/26"}],"replies":[{"embeddable":true,"href":"https:\/\/uenf.br\/cct\/lamav\/wp-json\/wp\/v2\/comments?post=16"}],"version-history":[{"count":0,"href":"https:\/\/uenf.br\/cct\/lamav\/wp-json\/wp\/v2\/pages\/16\/revisions"}],"up":[{"embeddable":true,"href":"https:\/\/uenf.br\/cct\/lamav\/wp-json\/wp\/v2\/pages\/14"}],"wp:attachment":[{"href":"https:\/\/uenf.br\/cct\/lamav\/wp-json\/wp\/v2\/media?parent=16"}],"curies":[{"name":"wp","href":"https:\/\/api.w.org\/{rel}","templated":true}]}}