{"id":161,"date":"2019-10-24T14:41:30","date_gmt":"2019-10-24T14:41:30","guid":{"rendered":"http:\/\/uenf.br\/cct\/lamav\/?page_id=161"},"modified":"2022-03-23T12:40:20","modified_gmt":"2022-03-23T12:40:20","slug":"sepol","status":"publish","type":"page","link":"https:\/\/uenf.br\/cct\/lamav\/setores\/sepol\/","title":{"rendered":"SEPOL"},"content":{"rendered":"<p><img loading=\"lazy\" decoding=\"async\" class=\"alignleft size-full wp-image-166\" src=\"http:\/\/uenf.br\/cct\/lamav\/files\/2019\/10\/Polimeros-imagem.jpg\" alt=\"\" width=\"249\" height=\"194\" srcset=\"https:\/\/uenf.br\/cct\/lamav\/files\/2019\/10\/Polimeros-imagem.jpg 249w, https:\/\/uenf.br\/cct\/lamav\/files\/2019\/10\/Polimeros-imagem-150x117.jpg 150w\" sizes=\"auto, (max-width: 249px) 100vw, 249px\" \/>O Setor de Pol\u00edmeros tem por objetivo criar e consolidar compet\u00eancia na \u00e1rea de Pol\u00edmeros obtidos a partir de Fontes Renov\u00e1veis e no Aproveitamento de Res\u00edduos atrav\u00e9s da articula\u00e7\u00e3o com diferentes grupos de pesquisas a n\u00edvel nacional e internacional e empresas que desenvolvem atividades afins buscando contribuir para o desenvolvimento sustent\u00e1vel na \u00e1rea de materiais, nas industrias da regi\u00e3o e do Brasil.<br \/>\nDesde a sua implanta\u00e7\u00e3o, em seus in\u00edcios praticamente virtual, no ano 1994 o SEPOL vem se estruturando na forma\u00e7\u00e3o de seu quadro de pesquisadores e t\u00e9cnicos e fisicamente atrav\u00e9s de recursos advindos de projetos de pesquisas aprovados junto a \u00f3rg\u00e3os de fomento federal e estadual.O grupo tem trabalhado na bioss\u00edntese, modifica\u00e7\u00e3o e caracteriza\u00e7\u00e3o de pol\u00edesteres biodegrad\u00e1veis assim como na modifica\u00e7\u00e3o de diferentes pol\u00edmeros naturais focalizando suas aplica\u00e7\u00f5es como membranas, matrizes para libera\u00e7\u00e3o controlada, suporte catal\u00edticos e biocomp\u00f3sitos para usos odontol\u00f3gicos.<\/p>\n<p><strong>Corpo Docentes<\/strong><\/p>\n<p>Prof. Dsc. Raul Ernesto Lopes Palacio &#8211; <span style=\"color: #3366ff\">relp@uenf.br<\/span><\/p>\n<p>Prof. Dsc. Rub\u00e9n Jesus S\u00e1nchez Rodr\u00edguez &#8211; <span style=\"color: #3366ff\">ruben@uenf.br<\/span><\/p>\n<p>Prof. Dsc. Djalma Souza (Coordenador do Setor) &#8211; <span style=\"color: #3366ff\">djsouza@uenf.br<\/span><\/p>\n<p><strong>Corpo\u00a0<\/strong><b>T\u00e9cnico<\/b><\/p>\n<p>TNS Teresa Eligio Castillo &#8211; <span style=\"color: #3366ff\">eligio@uenf.br<\/span><\/p>\n","protected":false},"excerpt":{"rendered":"<p>O Setor de Pol\u00edmeros tem por objetivo criar e consolidar compet\u00eancia na \u00e1rea de Pol\u00edmeros obtidos a partir de Fontes&#8230;<\/p>\n","protected":false},"author":26,"featured_media":0,"parent":33,"menu_order":4,"comment_status":"closed","ping_status":"closed","template":"","meta":{"footnotes":""},"class_list":["post-161","page","type-page","status-publish","hentry"],"_links":{"self":[{"href":"https:\/\/uenf.br\/cct\/lamav\/wp-json\/wp\/v2\/pages\/161","targetHints":{"allow":["GET"]}}],"collection":[{"href":"https:\/\/uenf.br\/cct\/lamav\/wp-json\/wp\/v2\/pages"}],"about":[{"href":"https:\/\/uenf.br\/cct\/lamav\/wp-json\/wp\/v2\/types\/page"}],"author":[{"embeddable":true,"href":"https:\/\/uenf.br\/cct\/lamav\/wp-json\/wp\/v2\/users\/26"}],"replies":[{"embeddable":true,"href":"https:\/\/uenf.br\/cct\/lamav\/wp-json\/wp\/v2\/comments?post=161"}],"version-history":[{"count":0,"href":"https:\/\/uenf.br\/cct\/lamav\/wp-json\/wp\/v2\/pages\/161\/revisions"}],"up":[{"embeddable":true,"href":"https:\/\/uenf.br\/cct\/lamav\/wp-json\/wp\/v2\/pages\/33"}],"wp:attachment":[{"href":"https:\/\/uenf.br\/cct\/lamav\/wp-json\/wp\/v2\/media?parent=161"}],"curies":[{"name":"wp","href":"https:\/\/api.w.org\/{rel}","templated":true}]}}