{"id":188,"date":"2019-10-25T19:35:46","date_gmt":"2019-10-25T19:35:46","guid":{"rendered":"http:\/\/uenf.br\/cct\/lamav\/?page_id=188"},"modified":"2025-11-07T11:37:11","modified_gmt":"2025-11-07T11:37:11","slug":"servidores-lotados","status":"publish","type":"page","link":"https:\/\/uenf.br\/cct\/lamav\/apresentacao\/servidores-lotados\/","title":{"rendered":"SERVIDORES LOTADOS"},"content":{"rendered":"<p><span style=\"color: #0000ff\">\u00a0 \u00a0 \u00a0 \u00a0 \u00a0 \u00a0 \u00a0 \u00a0 \u00a0 \u00a0 \u00a0DOCENTES\u00a0 \u00a0 \u00a0 \u00a0 \u00a0 \u00a0 \u00a0 \u00a0 \u00a0 \u00a0 \u00a0 \u00a0 \u00a0 \u00a0 \u00a0 \u00a0 \u00a0 \u00a0 \u00a0 \u00a0 \u00a0 \u00a0 \u00a0 \u00a0 \u00a0 \u00a0 \u00a0 \u00a0 \u00a0 \u00a0 \u00a0 \u00a0 \u00a0 \u00a0 \u00a0 \u00a0 \u00a0 \u00a0 CONTATO\u00a0 \u00a0 \u00a0 \u00a0 \u00a0 \u00a0 \u00a0 \u00a0 \u00a0 \u00a0 \u00a0 \u00a0 \u00a0 SALA\/SETOR\u00a0 \u00a0 \u00a0 \u00a0 \u00a0 \u00a0 \u00a0 \u00a0 \u00a0 \u00a0 \u00a0 \u00a0 \u00a0 \u00a0 \u00a0 \u00a0 \u00a0 \u00a0 \u00a0 \u00a0 \u00a0 \u00a0\u00a0<\/span><\/p>\n<hr \/>\n<table style=\"height: 868px\" width=\"622\">\n<tbody>\n<tr>\n<td width=\"262\">Alessandra Agna Araujo dos Santos<\/td>\n<td style=\"text-align: center\" width=\"123\">2739-7251<\/td>\n<td width=\"132\">\u00a0 \u00a0 \u00a0 \u00a0 \u00a0 \u00a0 113\/SMSD<\/td>\n<\/tr>\n<tr>\n<td width=\"262\">\n<p style=\"text-align: left\">\u00c2ngelus Giuseppe Pereira da Silva<\/p>\n<\/td>\n<td style=\"text-align: center\" width=\"123\">2739-7322<\/td>\n<td style=\"text-align: center\" width=\"132\">106\/SEMMA<\/td>\n<\/tr>\n<tr>\n<td width=\"262\">\n<p style=\"text-align: left\">Carlos Maur\u00edcio Fontes Vieira<\/p>\n<\/td>\n<td style=\"text-align: center\" width=\"123\">2739-7244<\/td>\n<td style=\"text-align: center\" width=\"132\">110\/SEMMA<\/td>\n<\/tr>\n<tr>\n<td width=\"262\">Djalma Souza<\/td>\n<td width=\"123\">\n<p style=\"text-align: center\">2748-6178<\/p>\n<\/td>\n<td style=\"text-align: center\" width=\"132\">108\/SEPOL<\/td>\n<\/tr>\n<tr>\n<td style=\"text-align: center\" width=\"262\">\n<p style=\"text-align: left\">Eduardo Atem de Carvalho<\/p>\n<\/td>\n<td style=\"text-align: center\" width=\"123\">2739-7273<\/td>\n<td width=\"132\">\n<p style=\"text-align: center\">112\/SEMMA<\/p>\n<\/td>\n<\/tr>\n<tr>\n<td width=\"262\">Elaine Cristina Pereira<\/td>\n<td width=\"123\">\n<p style=\"text-align: center\">2739-7292<\/p>\n<\/td>\n<td width=\"132\">\n<p style=\"text-align: center\">101\/SMF<\/p>\n<\/td>\n<\/tr>\n<tr>\n<td style=\"text-align: center\" width=\"262\">\n<p style=\"text-align: left\">Felipe Periss\u00e9 Duarte Lopes<\/p>\n<\/td>\n<td style=\"text-align: center\" width=\"123\">2739-7246<\/td>\n<td width=\"132\">\n<p style=\"text-align: center\">112\/SEMMA<\/p>\n<\/td>\n<\/tr>\n<tr>\n<td width=\"262\">Herval Ramos Paes Junior<\/td>\n<td width=\"123\">\n<p style=\"text-align: center\">2739-7159<\/p>\n<\/td>\n<td style=\"text-align: center\" width=\"132\">105\/SEMMA<\/td>\n<\/tr>\n<tr>\n<td style=\"text-align: center\" width=\"262\">\n<p style=\"text-align: left\">Jos\u00e9 Nilson Fran\u00e7a de Holanda<\/p>\n<\/td>\n<td style=\"text-align: center\" width=\"123\">2739-7268<\/td>\n<td width=\"132\">\n<p style=\"text-align: center\">106\/SEMMA<\/p>\n<\/td>\n<\/tr>\n<tr>\n<td width=\"262\">Lioudmila A. Matlakhova<\/td>\n<td width=\"123\">\n<p style=\"text-align: center\">2739-7264<\/p>\n<\/td>\n<td style=\"text-align: center\" width=\"132\">103\/SMF<\/td>\n<\/tr>\n<tr>\n<td width=\"262\">Lu\u00eds Augusto Hernandez Terrones<\/td>\n<td width=\"123\">\n<p style=\"text-align: center\">2739-7110<\/p>\n<\/td>\n<td style=\"text-align: center\" width=\"132\">102\/SMF<\/td>\n<\/tr>\n<tr>\n<td width=\"262\">Marcello Filgueira<\/td>\n<td width=\"123\">\n<p style=\"text-align: center\">2739-7305<\/p>\n<\/td>\n<td width=\"132\">\n<p style=\"text-align: center\">114\/SMSD<\/p>\n<\/td>\n<\/tr>\n<tr>\n<td style=\"text-align: center\" width=\"262\">\n<p style=\"text-align: left\">Marcia Giardinieri de Azevedo<\/p>\n<\/td>\n<td style=\"text-align: center\" width=\"123\">2739-7294<\/td>\n<td width=\"132\">\n<p style=\"text-align: center\">115\/SMSD<\/p>\n<\/td>\n<\/tr>\n<tr>\n<td width=\"262\">Noan Tonini Simonassi<\/td>\n<td width=\"123\">\n<p style=\"text-align: center\">2739-7241<\/p>\n<\/td>\n<td style=\"text-align: center\" width=\"132\">111\/SMF<\/td>\n<\/tr>\n<tr>\n<td style=\"text-align: center\" width=\"262\">\n<p style=\"text-align: left\">Raul Ernesto Lopes Pal\u00e1cio<\/p>\n<\/td>\n<td style=\"text-align: center\" width=\"123\">2739-7167<\/td>\n<td width=\"132\">\n<p style=\"text-align: center\">107\/SEPOL<\/p>\n<\/td>\n<\/tr>\n<tr>\n<td style=\"text-align: center\" width=\"262\">\n<p style=\"text-align: left\">Rub\u00e9n Jesus S\u00e1nchez Rodr\u00edguez<\/p>\n<\/td>\n<td style=\"text-align: center\" width=\"123\">2739-7309<\/td>\n<td width=\"132\">\u00a0 \u00a0 \u00a0 \u00a0 \u00a0 104\/SEPOL<\/td>\n<\/tr>\n<tr>\n<td style=\"text-align: center\" width=\"262\"><\/td>\n<td style=\"text-align: center\" width=\"123\"><\/td>\n<td width=\"132\"><\/td>\n<\/tr>\n<tr>\n<td width=\"262\"><\/td>\n<td width=\"123\"><\/td>\n<td width=\"132\"><\/td>\n<\/tr>\n<\/tbody>\n<\/table>\n<p><span style=\"color: #0000ff\">\u00a0 \u00a0 \u00a0 \u00a0 \u00a0 \u00a0 \u00a0 \u00a0<\/span><\/p>\n<p><span style=\"color: #0000ff\">\u00a0 \u00a0 \u00a0 \u00a0 \u00a0 \u00a0 \u00a0CORPO T\u00c9CNICO\u00a0 \u00a0 \u00a0 \u00a0 \u00a0 \u00a0 \u00a0 \u00a0 \u00a0 \u00a0 \u00a0 \u00a0 \u00a0 \u00a0 \u00a0 \u00a0 \u00a0 \u00a0 \u00a0 \u00a0 \u00a0 \u00a0 \u00a0 \u00a0 \u00a0 \u00a0 \u00a0 CONTATO\u00a0 \u00a0 \u00a0 \u00a0 \u00a0 \u00a0 \u00a0 \u00a0 \u00a0 \u00a0 \u00a0 \u00a0 \u00a0 \u00a0 SALA\/SETOR<\/span><\/p>\n<table style=\"height: 324px\" width=\"639\">\n<tbody>\n<tr>\n<td width=\"272\">PNS Alzimar Fernandes Gomes<\/td>\n<td width=\"112\">\n<p style=\"text-align: left\">2739-7241<\/p>\n<\/td>\n<td width=\"192\">\u00a0 \u00a0 \u00a0 \u00a0 \u00a0111\/LAMAV<\/td>\n<\/tr>\n<tr>\n<td width=\"272\">PNM Bruno de Souza Barcelos<\/td>\n<td width=\"112\">\n<p style=\"text-align: left\">2748-6402<\/p>\n<\/td>\n<td width=\"192\">\u00a0 \u00a0 \u00a0 \u00a0 04\/SMSD<\/td>\n<\/tr>\n<tr>\n<td width=\"272\">PNM Gabriel Valeriolete Bandeira Dario<\/td>\n<td width=\"112\">\n<p style=\"text-align: left\">2739-7043<\/p>\n<\/td>\n<td width=\"192\">\u00a0 \u00a0 \u00a0 \u00a009\/SMSD<\/td>\n<\/tr>\n<tr>\n<td width=\"272\">PNS Shirlene Chagas<\/td>\n<td width=\"112\">\n<p style=\"text-align: left\">2739-7043\/7238<\/p>\n<\/td>\n<td width=\"192\">\u00a0 \u00a0 \u00a0 \u00a0 19\/Secretaria<\/td>\n<\/tr>\n<tr>\n<td width=\"272\">PNM Silvio Gol\u00e7alves Mendes<\/td>\n<td width=\"112\">\n<p style=\"text-align: left\">2739-7122<\/p>\n<\/td>\n<td width=\"192\">\u00a0 \u00a0 \u00a0 \u00a0 \u00a006\/SMF<\/td>\n<\/tr>\n<tr>\n<td width=\"272\">PNS Teresa Eligio Castillo<\/td>\n<td width=\"112\">\n<p style=\"text-align: left\">2739-7146<\/p>\n<\/td>\n<td width=\"192\">\u00a0 \u00a0 \u00a0 14\/SEPOL<\/td>\n<\/tr>\n<\/tbody>\n<\/table>\n","protected":false},"excerpt":{"rendered":"<p>\u00a0 \u00a0 \u00a0 \u00a0 \u00a0 \u00a0 \u00a0 \u00a0 \u00a0 \u00a0 \u00a0DOCENTES\u00a0 \u00a0 \u00a0 \u00a0 \u00a0 \u00a0 \u00a0 \u00a0 \u00a0 \u00a0&#8230;<\/p>\n","protected":false},"author":26,"featured_media":0,"parent":5,"menu_order":3,"comment_status":"closed","ping_status":"closed","template":"","meta":{"footnotes":""},"class_list":["post-188","page","type-page","status-publish","hentry"],"_links":{"self":[{"href":"https:\/\/uenf.br\/cct\/lamav\/wp-json\/wp\/v2\/pages\/188","targetHints":{"allow":["GET"]}}],"collection":[{"href":"https:\/\/uenf.br\/cct\/lamav\/wp-json\/wp\/v2\/pages"}],"about":[{"href":"https:\/\/uenf.br\/cct\/lamav\/wp-json\/wp\/v2\/types\/page"}],"author":[{"embeddable":true,"href":"https:\/\/uenf.br\/cct\/lamav\/wp-json\/wp\/v2\/users\/26"}],"replies":[{"embeddable":true,"href":"https:\/\/uenf.br\/cct\/lamav\/wp-json\/wp\/v2\/comments?post=188"}],"version-history":[{"count":0,"href":"https:\/\/uenf.br\/cct\/lamav\/wp-json\/wp\/v2\/pages\/188\/revisions"}],"up":[{"embeddable":true,"href":"https:\/\/uenf.br\/cct\/lamav\/wp-json\/wp\/v2\/pages\/5"}],"wp:attachment":[{"href":"https:\/\/uenf.br\/cct\/lamav\/wp-json\/wp\/v2\/media?parent=188"}],"curies":[{"name":"wp","href":"https:\/\/api.w.org\/{rel}","templated":true}]}}