{"id":33,"date":"2019-10-10T19:51:57","date_gmt":"2019-10-10T19:51:57","guid":{"rendered":"http:\/\/uenf.br\/cct\/lamav\/?page_id=33"},"modified":"2019-10-24T14:39:58","modified_gmt":"2019-10-24T14:39:58","slug":"setores","status":"publish","type":"page","link":"https:\/\/uenf.br\/cct\/lamav\/setores\/","title":{"rendered":"SETORES"},"content":{"rendered":"<p>Os quatro setores do LAMAV s\u00e3o estruturados com diferentes laborat\u00f3rio como espa\u00e7o de aprendizado e experi\u00eancia pr\u00e1tica dentro do ambiente acad\u00eamico. As aulas em laborat\u00f3rio s\u00e3o aquelas que, de maneira geral, mais estimulam a participa\u00e7\u00e3o do aluno e d\u00e3o dinamismo ao curso.<\/p>\n<p>1 &#8211; SETOR DE POL\u00cdMEROS &#8211; SEPOL<\/p>\n<p>2 &#8211; SETOR DE MATALURGIA F\u00cdSICA &#8211; SMF<\/p>\n<p>3 &#8211; SETOR DE MATERIAIS E MEIO AMBIENTE &#8211; SEMMA<\/p>\n<p>4 &#8211; SETOR DE MATERIAIS SUPERDUTROS &#8211; SMSD<\/p>\n","protected":false},"excerpt":{"rendered":"<p>Os quatro setores do LAMAV s\u00e3o estruturados com diferentes laborat\u00f3rio como espa\u00e7o de aprendizado e experi\u00eancia pr\u00e1tica dentro do ambiente&#8230;<\/p>\n","protected":false},"author":26,"featured_media":0,"parent":0,"menu_order":0,"comment_status":"closed","ping_status":"closed","template":"","meta":{"footnotes":""},"class_list":["post-33","page","type-page","status-publish","hentry"],"_links":{"self":[{"href":"https:\/\/uenf.br\/cct\/lamav\/wp-json\/wp\/v2\/pages\/33","targetHints":{"allow":["GET"]}}],"collection":[{"href":"https:\/\/uenf.br\/cct\/lamav\/wp-json\/wp\/v2\/pages"}],"about":[{"href":"https:\/\/uenf.br\/cct\/lamav\/wp-json\/wp\/v2\/types\/page"}],"author":[{"embeddable":true,"href":"https:\/\/uenf.br\/cct\/lamav\/wp-json\/wp\/v2\/users\/26"}],"replies":[{"embeddable":true,"href":"https:\/\/uenf.br\/cct\/lamav\/wp-json\/wp\/v2\/comments?post=33"}],"version-history":[{"count":0,"href":"https:\/\/uenf.br\/cct\/lamav\/wp-json\/wp\/v2\/pages\/33\/revisions"}],"wp:attachment":[{"href":"https:\/\/uenf.br\/cct\/lamav\/wp-json\/wp\/v2\/media?parent=33"}],"curies":[{"name":"wp","href":"https:\/\/api.w.org\/{rel}","templated":true}]}}