{"id":37,"date":"2019-10-10T20:16:29","date_gmt":"2019-10-10T20:16:29","guid":{"rendered":"http:\/\/uenf.br\/cct\/lamav\/?page_id=37"},"modified":"2024-09-24T19:26:45","modified_gmt":"2024-09-24T19:26:45","slug":"smf","status":"publish","type":"page","link":"https:\/\/uenf.br\/cct\/lamav\/setores\/smf\/","title":{"rendered":"SMF"},"content":{"rendered":"<p><img loading=\"lazy\" decoding=\"async\" class=\"alignleft wp-image-38\" src=\"http:\/\/uenf.br\/cct\/lamav\/files\/2019\/10\/SMF-logo.jpg\" alt=\"\" width=\"113\" height=\"85\" srcset=\"https:\/\/uenf.br\/cct\/lamav\/files\/2019\/10\/SMF-logo.jpg 338w, https:\/\/uenf.br\/cct\/lamav\/files\/2019\/10\/SMF-logo-300x226.jpg 300w, https:\/\/uenf.br\/cct\/lamav\/files\/2019\/10\/SMF-logo-150x113.jpg 150w\" sizes=\"auto, (max-width: 113px) 100vw, 113px\" \/><\/p>\n<p>Os projetos desenvolvidos no Setor de Metalurgia F\u00edsica se inserem na linha de pesquisa do PPGECM de Estabilidade, Estrutura e Propriedades dos Materiais Met\u00e1licos, e vem atraindo o crescente interesse dos alunos de p\u00f3s-gradua\u00e7\u00e3o do curso de Engenharia e Ci\u00eancia dos Materiais, contribuindo desta forma para o desenvolvimento cient\u00edfico e tecnol\u00f3gico, e gerando conhecimento de interesse para o setor produtivo. As principais pesquisas da metalurgia f\u00edsica s\u00e3o no campo da soldagem, da corros\u00e3o ambiental e em altas temperaturas, da transforma\u00e7\u00e3o de fases, e das propriedades f\u00edsicas e mec\u00e2nicas dos materiais met\u00e1licos.<\/p>\n<p><span style=\"color: #000000\"><strong>Corpo Docente<\/strong><\/span><\/p>\n<p>Prof. Dsc.Luis Augusto Hernandes Terrones (Coordenador do Setor) &#8211; <span style=\"color: #3366ff\">lucho@uenf.br<\/span><\/p>\n<p>Prof\u00aa. Dsc.Elaine Cristina Pereira &#8211;\u00a0<span style=\"color: #3366ff\">elainecp@pq.uenf.br<\/span><\/p>\n<p>Prof\u00aa. Dsc.Lioudmila Aleksandrovna Matlakhova\u00a0 &#8211; <span style=\"color: #3366ff\">lioudmila@uenf.br<\/span><\/p>\n<p>Prof. Noan Tonini Simonassi &#8211; <span style=\"color: #3366ff\">noansimonassi@uenf.br\u00a0<\/span><\/p>\n<p>&nbsp;<\/p>\n<p><span style=\"color: #ff0000\"><strong>Corpo T\u00e9cnico<\/strong><\/span><\/p>\n<p>TNM Silvio Gon\u00e7alves Mendes &#8211; <span style=\"color: #3366ff\">silviogmendes@uenf.br<\/span><\/p>\n<p>T\u00e9cnico Especializado em Metalografia<\/p>\n","protected":false},"excerpt":{"rendered":"<p>Os projetos desenvolvidos no Setor de Metalurgia F\u00edsica se inserem na linha de pesquisa do PPGECM de Estabilidade, Estrutura e&#8230;<\/p>\n","protected":false},"author":26,"featured_media":0,"parent":33,"menu_order":1,"comment_status":"closed","ping_status":"closed","template":"","meta":{"footnotes":""},"class_list":["post-37","page","type-page","status-publish","hentry"],"_links":{"self":[{"href":"https:\/\/uenf.br\/cct\/lamav\/wp-json\/wp\/v2\/pages\/37","targetHints":{"allow":["GET"]}}],"collection":[{"href":"https:\/\/uenf.br\/cct\/lamav\/wp-json\/wp\/v2\/pages"}],"about":[{"href":"https:\/\/uenf.br\/cct\/lamav\/wp-json\/wp\/v2\/types\/page"}],"author":[{"embeddable":true,"href":"https:\/\/uenf.br\/cct\/lamav\/wp-json\/wp\/v2\/users\/26"}],"replies":[{"embeddable":true,"href":"https:\/\/uenf.br\/cct\/lamav\/wp-json\/wp\/v2\/comments?post=37"}],"version-history":[{"count":0,"href":"https:\/\/uenf.br\/cct\/lamav\/wp-json\/wp\/v2\/pages\/37\/revisions"}],"up":[{"embeddable":true,"href":"https:\/\/uenf.br\/cct\/lamav\/wp-json\/wp\/v2\/pages\/33"}],"wp:attachment":[{"href":"https:\/\/uenf.br\/cct\/lamav\/wp-json\/wp\/v2\/media?parent=37"}],"curies":[{"name":"wp","href":"https:\/\/api.w.org\/{rel}","templated":true}]}}