{"id":41,"date":"2019-10-10T20:35:10","date_gmt":"2019-10-10T20:35:10","guid":{"rendered":"http:\/\/uenf.br\/cct\/lamav\/?page_id=41"},"modified":"2022-03-23T11:54:17","modified_gmt":"2022-03-23T11:54:17","slug":"smsd","status":"publish","type":"page","link":"https:\/\/uenf.br\/cct\/lamav\/setores\/smsd\/","title":{"rendered":"SMSD"},"content":{"rendered":"<p><b><img loading=\"lazy\" decoding=\"async\" class=\"alignleft wp-image-42\" src=\"http:\/\/uenf.br\/cct\/lamav\/files\/2019\/10\/SMSD-logo.jpg\" alt=\"\" width=\"121\" height=\"110\" srcset=\"https:\/\/uenf.br\/cct\/lamav\/files\/2019\/10\/SMSD-logo.jpg 234w, https:\/\/uenf.br\/cct\/lamav\/files\/2019\/10\/SMSD-logo-150x137.jpg 150w\" sizes=\"auto, (max-width: 121px) 100vw, 121px\" \/><\/b>O Setor de Materiais Superduros\u00a0 realiza pesquisas que abrangem desde os processos de s\u00edntese e sinteriza\u00e7\u00e3o dos materiais superduros em condi\u00e7\u00f5es de altas press\u00f5es est\u00e1ticas e altas temperaturas, tais como diamante e nitreto c\u00fabico de boro \u00e0 aplica\u00e7\u00e3o pr\u00e1tica dos mesmos em ferramentas destinadas \u00e0 diversas opera\u00e7\u00f5es, entre as quais destacamos perfura\u00e7\u00e3o de po\u00e7os de petr\u00f3leo, corte e polimento de pedras ornamentais e ind\u00fastria metalmec\u00e2nica.<\/p>\n<p>O desenvolvimento destas pesquisas est\u00e1 diretamente relacionado com as necessidades da Regi\u00e3o Norte\/Noroeste do Estado do Rio de Janeiro e em todo o pa\u00eds.<\/p>\n<p><strong>Corpo Docente:<\/strong><\/p>\n<p>Prof. Dsc.Marcello Filgueira (Coordenador do Setor) &#8211; \u00a0<span style=\"color: #3366ff\">marcello@uenf.br\u00a0<\/span><\/p>\n<p>Prof\u00aa.Dsc.Marcia Giardinieri \u00a0de Azevedo &#8211;\u00a0<span style=\"color: #3366ff\">mgazevedo@uenf.br<\/span><\/p>\n<p>Prof\u00aa.Dsc. Alessandra Agna Araujo dos Santos &#8211; <span style=\"color: #3366ff\">alessandraagna@uenf.br\u00a0<\/span><\/p>\n<p><strong>Corpo t\u00e9cnico:<\/strong><\/p>\n<p>TNM Bruno de Souza Barcelos &#8211; <span style=\"color: #3366ff\">brunob@uenf.br<\/span><\/p>\n<p>(T\u00e9c. Especializado em Eletromec\u00e2nica)<\/p>\n<p>TNM Gabriel Valeriolete Bamdeira Dario &#8211; <span style=\"color: #3366ff\">gabrielvaleriolete@uenf.br\u00a0<\/span><\/p>\n<p>(T\u00e9c. Especializado em Eletromec\u00e2nica)<\/p>\n<p>&nbsp;<\/p>\n","protected":false},"excerpt":{"rendered":"<p>O Setor de Materiais Superduros\u00a0 realiza pesquisas que abrangem desde os processos de s\u00edntese e sinteriza\u00e7\u00e3o dos materiais superduros em&#8230;<\/p>\n","protected":false},"author":26,"featured_media":0,"parent":33,"menu_order":2,"comment_status":"closed","ping_status":"closed","template":"","meta":{"footnotes":""},"class_list":["post-41","page","type-page","status-publish","hentry"],"_links":{"self":[{"href":"https:\/\/uenf.br\/cct\/lamav\/wp-json\/wp\/v2\/pages\/41","targetHints":{"allow":["GET"]}}],"collection":[{"href":"https:\/\/uenf.br\/cct\/lamav\/wp-json\/wp\/v2\/pages"}],"about":[{"href":"https:\/\/uenf.br\/cct\/lamav\/wp-json\/wp\/v2\/types\/page"}],"author":[{"embeddable":true,"href":"https:\/\/uenf.br\/cct\/lamav\/wp-json\/wp\/v2\/users\/26"}],"replies":[{"embeddable":true,"href":"https:\/\/uenf.br\/cct\/lamav\/wp-json\/wp\/v2\/comments?post=41"}],"version-history":[{"count":0,"href":"https:\/\/uenf.br\/cct\/lamav\/wp-json\/wp\/v2\/pages\/41\/revisions"}],"up":[{"embeddable":true,"href":"https:\/\/uenf.br\/cct\/lamav\/wp-json\/wp\/v2\/pages\/33"}],"wp:attachment":[{"href":"https:\/\/uenf.br\/cct\/lamav\/wp-json\/wp\/v2\/media?parent=41"}],"curies":[{"name":"wp","href":"https:\/\/api.w.org\/{rel}","templated":true}]}}