{"id":18,"date":"2023-12-14T10:31:40","date_gmt":"2023-12-14T13:31:40","guid":{"rendered":"https:\/\/uenf.br\/cct\/lcfis\/?page_id=18"},"modified":"2025-05-20T00:27:30","modified_gmt":"2025-05-20T03:27:30","slug":"corpo-docente","status":"publish","type":"page","link":"https:\/\/uenf.br\/cct\/lcfis\/corpo-docente\/","title":{"rendered":"Corpo Docente"},"content":{"rendered":"<div>\n<div>\n<h3><a href=\"http:\/\/lattes.cnpq.br\/7079791448194916\" target=\"_blank\" rel=\"noopener\">Andr\u00e9 Oliveira Guimar\u00e3es<\/a>\u00a0\u2013 aguimaraes@uenf.br<\/h3>\n<\/div>\n<div>\n<div id=\"materiaPrincipal\"><a class=\"oceanwp-lightbox\" href=\"https:\/\/uenf.br\/posgraduacao\/ciencias-naturais\/wp-content\/uploads\/sites\/4\/2023\/07\/Andre-Oliveira-Guimaraes.jpg\"><img loading=\"lazy\" decoding=\"async\" class=\"alignleft wp-image-6045 size-thumbnail\" src=\"https:\/\/uenf.br\/posgraduacao\/ciencias-naturais\/wp-content\/uploads\/sites\/4\/2023\/07\/Andre-Oliveira-Guimaraes-150x150.jpg\" alt=\"\" width=\"150\" height=\"150\" \/><\/a>Professor Associado \u2013 LCFIS\/CCT\/UENF<\/div>\n<div>Credenciamento CAPES: Permanente (desde 01\/10\/2010)<\/div>\n<div>Linhas de Pesquisa: Ci\u00eancia e Tecnologia de Materiais<\/div>\n<\/div>\n<div>P\u00f3s-doutorado Katholieke Universiteit Leuven \u2013 B\u00e9lgica (2013)<\/div>\n<div>Doutorado em Ci\u00eancias\u00a0(2008)<\/div>\n<div>Universidade Estadual de Campinas \u2013 UNICAMP\/SP<\/div>\n<\/div>\n<div><\/div>\n<div><\/div>\n<div>_________________________________________________________________________________________________<\/div>\n<div><\/div>\n<div>\n<h3><a href=\"http:\/\/lattes.cnpq.br\/2268246279249818\">Delson Ubiratan da Silva Schramm<\/a> \u2013 delson@uenf.br<\/h3>\n<\/div>\n<p><span style=\"color: #ff0000\">Professor Associado \u2013 LCFIS\/CCT\/UENF<\/span><br \/>\n<span style=\"color: #ff0000\">Credenciamento CAPES: Permanente (desde 05\/05\/2003)<\/span><br \/>\n<span style=\"color: #ff0000\">Linhas de Pesquisa: Ci\u00eancias Ambientais\/Ci\u00eancia e Tecnologia de Materiais<\/span><br \/>\n<span style=\"color: #ff0000\">Doutorado em Ci\u00eancias (1991)<\/span><br \/>\n<span style=\"color: #ff0000\">Universidade Estadual de Campinas \u2013 UNICAMP\/SP<\/span><\/p>\n<div>\n<p>_________________________________________________________________________________________________<\/p>\n<\/div>\n<div>\n<h3><a href=\"http:\/\/lattes.cnpq.br\/2042903123178925\">Denise Ribeiro dos Santos<\/a>\u00a0 \u2013 deniseribeiro@uenf.br<\/h3>\n<p><span style=\"color: #ff0000\">Professor Associado \u2013 LCFIS\/CCT\/UENF<\/span><br \/>\n<span style=\"color: #ff0000\">Credenciamento CAPES: Permanente (desde 05\/05\/2003)<\/span><br \/>\n<span style=\"color: #ff0000\">Linhas de Pesquisa: Ci\u00eancias Ambientais\/Ci\u00eancia e Tecnologia de Materiais<\/span><br \/>\n<span style=\"color: #ff0000\">Doutorado em Ci\u00eancias (1991)<\/span><br \/>\n<span style=\"color: #ff0000\">Universidade Estadual de Campinas \u2013 UNICAMP\/SP<\/span><\/p>\n<p>_________________________________________________________________________________________________<\/p>\n<h3><a href=\"http:\/\/lattes.cnpq.br\/2746858124459124\">Jos\u00e9 Augusto Pedro Lima<\/a> \u2013 jplima@uenf.br<\/h3>\n<p><span style=\"color: #ff0000\">Professor Associado \u2013 LCFIS\/CCT\/UENF<\/span><br \/>\n<span style=\"color: #ff0000\">Credenciamento CAPES: Permanente (desde 05\/05\/2003)<\/span><br \/>\n<span style=\"color: #ff0000\">Linhas de Pesquisa: Ci\u00eancias Ambientais\/Ci\u00eancia e Tecnologia de Materiais<\/span><br \/>\n<span style=\"color: #ff0000\">Doutorado em Ci\u00eancias (1991)<\/span><br \/>\n<span style=\"color: #ff0000\">Universidade Estadual de Campinas \u2013 UNICAMP\/SP<\/span><\/p>\n<p>_________________________________________________________________________________________________<\/p>\n<\/div>\n<div>\n<h3><a href=\"http:\/\/lattes.cnpq.br\/0394733398229079\" target=\"_blank\" rel=\"noopener\">Juraci Aparecido Sampaio<\/a>\u00a0 \u2013 jsampaio@uenf.br<\/h3>\n<p><a class=\"oceanwp-lightbox\" href=\"https:\/\/uenf.br\/posgraduacao\/ciencias-naturais\/wp-content\/uploads\/sites\/4\/2023\/07\/Juraci-Aparecido-Sampaio.jpg\"><img loading=\"lazy\" decoding=\"async\" class=\"alignleft wp-image-6062 size-thumbnail\" src=\"https:\/\/uenf.br\/posgraduacao\/ciencias-naturais\/wp-content\/uploads\/sites\/4\/2023\/07\/Juraci-Aparecido-Sampaio-150x150.jpg\" alt=\"\" width=\"150\" height=\"150\" \/><\/a>Professor Associado \u2013 LCFIS\/CCT\/UENF<br \/>\nCredenciamento CAPES: Permanente (desde 01\/04\/2007)<br \/>\nLinhas de Pesquisa: Ci\u00eancia e Tecnologia de Materiais\/Ensino de Ci\u00eancias<br \/>\nP\u00f3s-doutorado em Materials &amp; Engineering Physics (2006) -Ames Laboratory (USA)<br \/>\nP\u00f3s-doutorado em F\u00edsica Aplicada (2003) \u2013\u00a0Universidade Estadual de Campinas, Unicamp<br \/>\nDoutorado em Fisica (2001)<br \/>\nUniversidade de S\u00e3o Paulo \u2013 USP\/SP<\/p>\n<p>_________________________________________________________________________________________________<\/p>\n<h3><a href=\"http:\/\/lattes.cnpq.br\/8119272967700641\">Leonardo Mota de Oliveira<\/a> &#8211;\u00a0 mota@uenf.br<\/h3>\n<p><span style=\"color: #ff0000\">Professor Associado \u2013 LCFIS\/CCT\/UENF<\/span><br \/>\n<span style=\"color: #ff0000\">Credenciamento CAPES: Permanente (desde 05\/05\/2003)<\/span><br \/>\n<span style=\"color: #ff0000\">Linhas de Pesquisa: Ci\u00eancias Ambientais\/Ci\u00eancia e Tecnologia de Materiais<\/span><br \/>\n<span style=\"color: #ff0000\">Doutorado em Ci\u00eancias (1991)<\/span><br \/>\n<span style=\"color: #ff0000\">Universidade Estadual de Campinas \u2013 UNICAMP\/SP<\/span><\/p>\n<h3>____________________________________________________________________________<\/h3>\n<h3><a href=\"http:\/\/lattes.cnpq.br\/0126292394899026\" target=\"_blank\" rel=\"noopener\">Luis Guilherme Mansor Basso<\/a>\u00a0\u2013 luisbasso@uenf.br<\/h3>\n<p><a class=\"oceanwp-lightbox\" href=\"https:\/\/uenf.br\/posgraduacao\/ciencias-naturais\/wp-content\/uploads\/sites\/4\/2023\/07\/Luis-Guilherme-Mansor-Basso.jpg\"><img loading=\"lazy\" decoding=\"async\" class=\"alignleft wp-image-6064 size-thumbnail\" src=\"https:\/\/uenf.br\/posgraduacao\/ciencias-naturais\/wp-content\/uploads\/sites\/4\/2023\/07\/Luis-Guilherme-Mansor-Basso-150x150.jpg\" alt=\"\" width=\"150\" height=\"150\" \/><\/a>Professor Associado \u2013 LCFIS\/CCT\/UENF<br \/>\nCredenciamento CAPES: Permanente (desde 14\/09\/2021)<br \/>\nLinhas de Pesquisa: Bio-Org\u00e2nica e Bio-Inorg\u00e2nica\/Ci\u00eancia e Tecnologia de Materiais<br \/>\nP\u00f3s-doutorado: University of California San Diego (2017-2019)<br \/>\nDoutorado em F\u00edsica (2014)<br \/>\nUniversidade de S\u00e3o Paulo \u2013 USP\/SP<br \/>\n(Per\u00edodo Sandu\u00edche na University of Chicago \u2013 EUA)<\/p>\n<\/div>\n<p>_________________________________________________________________________________________________<\/p>\n<h3><a href=\"http:\/\/lattes.cnpq.br\/0553046070876845\" target=\"_blank\" rel=\"noopener\">Marcelo Gomes da Silva<\/a>\u00a0 \u2013\u00a0 \u00a0mgs@uenf.br<\/h3>\n<p><a class=\"oceanwp-lightbox\" href=\"https:\/\/uenf.br\/posgraduacao\/ciencias-naturais\/wp-content\/uploads\/sites\/4\/2023\/07\/Marcelo-Gomes-da-Silva.jpg\"><img loading=\"lazy\" decoding=\"async\" class=\"alignleft wp-image-6066\" src=\"https:\/\/uenf.br\/posgraduacao\/ciencias-naturais\/wp-content\/uploads\/sites\/4\/2023\/07\/Marcelo-Gomes-da-Silva.jpg\" alt=\"\" width=\"150\" height=\"156\" \/><\/a>Professor Titular \u2013 LCFIS\/CCT\/UENF<br \/>\nCredenciamento CAPES: Permanente (desde 05\/05\/2003)<br \/>\nLinhas de Pesquisa: Ci\u00eancias Ambientais\/Ci\u00eancia e Tecnologia de Materiais<br \/>\nP\u00f3s-doutorado: Universitaet Heidelberg (Ruprecht-Karls), Alemanha (2004)<br \/>\nDoutorado em F\u00edsica (1996)<br \/>\nUniversitaet Wuerzburg, Alemanha<\/p>\n<p>&nbsp;<\/p>\n<p><a style=\"font-size: 18.72px;font-weight: bold\" href=\"http:\/\/lattes.cnpq.br\/9501907577020110\" target=\"_blank\" rel=\"noopener\">Marcelo Shoey de Oliveira Massunaga<\/a><span style=\"font-size: 18.72px;font-weight: bold\"> \u2013 shoey@uenf.br<\/span><\/p>\n<div>\n<p><a class=\"oceanwp-lightbox\" href=\"https:\/\/uenf.br\/posgraduacao\/ciencias-naturais\/wp-content\/uploads\/sites\/4\/2023\/07\/Marcelo-Silva-Sthel.jpg\"><img loading=\"lazy\" decoding=\"async\" class=\"alignleft wp-image-6069\" src=\"https:\/\/uenf.br\/posgraduacao\/ciencias-naturais\/wp-content\/uploads\/sites\/4\/2023\/07\/Marcelo-Silva-Sthel.jpg\" alt=\"\" width=\"150\" height=\"156\" \/><\/a><\/p>\n<p>Professor Associado \u2013 LCFIS\/CCT\/UENF<br \/>\nCredenciamento CAPES: Permanente (desde 05\/05\/2003)<br \/>\nLinhas de Pesquisa: Ci\u00eancias Ambientais\/Ci\u00eancia e Tecnologia de Materiais<br \/>\nDoutorado em Ci\u00eancias (1991)<br \/>\nUniversidade Estadual de Campinas \u2013 UNICAMP\/SP<\/p>\n<\/div>\n<p>&nbsp;<\/p>\n<p><span style=\"font-size: 18.72px;font-weight: bold\">\u00a0<\/span><a style=\"font-size: 18.72px;font-weight: bold\" href=\"http:\/\/lattes.cnpq.br\/9501907577020110\" target=\"_blank\" rel=\"noopener\">Marcelo Silva Sthel<\/a><span style=\"font-size: 18.72px;font-weight: bold\">\u00a0\u2013 sthel@uenf.br<\/span>_________<\/p>\n<div>\n<p><a class=\"oceanwp-lightbox\" href=\"https:\/\/uenf.br\/posgraduacao\/ciencias-naturais\/wp-content\/uploads\/sites\/4\/2023\/07\/Marcelo-Silva-Sthel.jpg\"><img loading=\"lazy\" decoding=\"async\" class=\"alignleft wp-image-6069\" src=\"https:\/\/uenf.br\/posgraduacao\/ciencias-naturais\/wp-content\/uploads\/sites\/4\/2023\/07\/Marcelo-Silva-Sthel.jpg\" alt=\"\" width=\"150\" height=\"156\" \/><\/a><\/p>\n<p>&nbsp;<\/p>\n<p>Professor Associado \u2013 LCFIS\/CCT\/UENF<br \/>\nCredenciamento CAPES: Permanente (desde 05\/05\/2003)<br \/>\nLinhas de Pesquisa: Ci\u00eancias Ambientais\/Ci\u00eancia e Tecnologia de Materiais<br \/>\nDoutorado em Ci\u00eancias (1991)<br \/>\nUniversidade Estadual de Campinas \u2013 UNICAMP\/SP<\/p>\n<\/div>\n<p>&nbsp;<\/p>\n<p><span style=\"font-size: 18.72px;font-weight: bold\"><a href=\"http:\/\/lattes.cnpq.br\/1488981360251176\">Marcelo de Oliveira Souza<\/a>\u00a0 \u2013 <a href=\"mailto:mm@uenf.br\">mm@uenf.br<\/a><\/span><\/p>\n<p><span style=\"color: #ff0000\">Professor Associado \u2013 LCFIS\/CCT\/UENF<\/span><br \/>\n<span style=\"color: #ff0000\">Credenciamento CAPES: Permanente (desde 05\/05\/2003)<\/span><br \/>\n<span style=\"color: #ff0000\">Linhas de Pesquisa: Ci\u00eancias Ambientais\/Ci\u00eancia e Tecnologia de Materiais<\/span><br \/>\n<span style=\"color: #ff0000\">Doutorado em Ci\u00eancias (1991)<\/span><br \/>\n<span style=\"color: #ff0000\">Universidade Estadual de Campinas \u2013 UNICAMP\/SP<\/span><\/p>\n<h3><a href=\"http:\/\/lattes.cnpq.br\/2019663762572783\" target=\"_blank\" rel=\"noopener\">Maria Priscila Pessanha de Castro<\/a>\u00a0 \u2013 mariapriscila@uenf.br<\/h3>\n<p><a class=\"oceanwp-lightbox\" href=\"https:\/\/uenf.br\/posgraduacao\/ciencias-naturais\/wp-content\/uploads\/sites\/4\/2023\/07\/Maria-Priscila-Pessanha-de-Castro.jpg\"><img loading=\"lazy\" decoding=\"async\" class=\"alignleft wp-image-6072 size-thumbnail\" src=\"https:\/\/uenf.br\/posgraduacao\/ciencias-naturais\/wp-content\/uploads\/sites\/4\/2023\/07\/Maria-Priscila-Pessanha-de-Castro-150x150.jpg\" alt=\"\" width=\"150\" height=\"150\" \/><\/a>Professora Associada \u2013 LCFIS\/CCT\/UENF<br \/>\nCredenciamento CAPES: Permanente (desde 01\/02\/2004)<br \/>\nLinhas de Pesquisa: Ci\u00eancias Ambientais\/Ensino de Ci\u00eancias<br \/>\nP\u00f3s-doutorado: Radboud University Nijmegen, Holanda (2011-2012)<br \/>\nDoutorado em Ci\u00eancias (2001)<br \/>\nUniversidade Estadual de Campinas \u2013 UNICAMP\/SP<\/p>\n<p>&nbsp;<\/p>\n<p>_________________________________________________________________________________________________<\/p>\n<div>\n<h3><a href=\"https:\/\/lattes.cnpq.br\/5294781291958691\" target=\"_blank\" rel=\"noopener\">Max Erik Soffner<\/a>\u00a0 \u2013 mes@uenf.br<\/h3>\n<\/div>\n<p><a class=\"oceanwp-lightbox\" href=\"https:\/\/uenf.br\/posgraduacao\/ciencias-naturais\/wp-content\/uploads\/sites\/4\/2023\/07\/Mas-Erik-Soffner.jpg\"><img loading=\"lazy\" decoding=\"async\" class=\"alignleft wp-image-6076 size-thumbnail\" src=\"https:\/\/uenf.br\/posgraduacao\/ciencias-naturais\/wp-content\/uploads\/sites\/4\/2023\/07\/Mas-Erik-Soffner-150x150.jpg\" alt=\"\" width=\"150\" height=\"150\" \/><\/a>Professor Associado \u2013 LCFIS\/CCT\/UENF<br \/>\nCredenciamento CAPES: Permanente (desde 01\/01\/2012)<br \/>\nLinhas de Pesquisa: Ci\u00eancias e Tecnologia de Materiais<br \/>\nDoutorado em Ci\u00eancias\u00a0(2010).<br \/>\nUniversidade Estadual de Campinas \u2013 UNICAMP\/SP<\/p>\n<p>&nbsp;<\/p>\n<p>_________________________________________________________________________________________________<\/p>\n<div>\n<h3><a href=\"http:\/\/lattes.cnpq.br\/8753431507012523\">Pablo Leite Bernardo<\/a>\u00a0\u2013 pablolb@uenf.br<\/h3>\n<\/div>\n<p><a class=\"oceanwp-lightbox\" href=\"https:\/\/uenf.br\/cct\/lcfis\/files\/2025\/05\/eu5-1.jpg\"><img loading=\"lazy\" decoding=\"async\" class=\"wp-image-6076 size-thumbnail alignleft\" src=\"https:\/\/uenf.br\/cct\/lcfis\/files\/2025\/05\/eu5-1.jpg\" alt=\"\" width=\"150\" height=\"150\" \/><br \/>\n<\/a>Professor Associado \u2013 LCFIS\/CCT\/UENF<br \/>\nCredenciamento CAPES: Permanente (desde 28\/09\/2021)<br \/>\nLinhas de Pesquisa:Ci\u00eancia e Tecnologia de Materiais<br \/>\nP\u00f3s-doutorado: Centro Brasileiro de Pesquisas F\u00edsicas &#8211; CBPF\/RJ<br \/>\nP\u00f3s-doutorado: Universidade de S\u00e3o Paulo &#8211; USP\/SP<br \/>\nDoutorado em F\u00edsica (2013)<br \/>\nUniversidade Federal do Rio de Janeiro \u2013 UFRJ\/RJ<br \/>\nGrupo de pesquisa: MAGNANO \u2013 <a href=\"https:\/\/magnano.uenf.br\/\">https:\/\/magnano.uenf.br\/<\/a><\/p>\n<p>&nbsp;<\/p>\n<p>_________________________________________________________________________________________________<\/p>\n<h3><a href=\"http:\/\/lattes.cnpq.br\/1200771569783721\" target=\"_blank\" rel=\"noopener\">Roberto da Trindade Faria J\u00fanior<\/a>\u00a0 \u2013 rtfaria@uenf.br<\/h3>\n<p><a class=\"oceanwp-lightbox\" href=\"https:\/\/uenf.br\/posgraduacao\/ciencias-naturais\/wp-content\/uploads\/sites\/4\/2023\/07\/Roberto-da-Trindade-Faria-Junior.jpg\"><img loading=\"lazy\" decoding=\"async\" class=\"alignleft wp-image-6093 size-thumbnail\" src=\"https:\/\/uenf.br\/posgraduacao\/ciencias-naturais\/wp-content\/uploads\/sites\/4\/2023\/07\/Roberto-da-Trindade-Faria-Junior-150x150.jpg\" alt=\"\" width=\"150\" height=\"150\" \/><\/a>Professor Associado \u2013 LCFIS\/CCT\/UENF<br \/>\nCredenciamento CAPES: Permanente (desde 02\/06\/2003)<br \/>\nLinhas de Pesquisa: Ci\u00eancia e Tecnologia de Materiais\/Ensino de Ci\u00eancias<br \/>\nP\u00f3s-doutorado:\u00a0Universidade do Minho, Portugal (2009-2010)<br \/>\nDoutorado em Ci\u00eancias (1999)<br \/>\nUniversidade Estadual de Campinas \u2013\u00a0 UNICAMP\/SP<br \/>\n(Per\u00edodo sanduiche na Ruhr-Universitaet Bochum, Alemanha)<\/p>\n<p>&nbsp;<\/p>\n<p>_________________________________________________________________________________________________<\/p>\n<h3><a href=\"http:\/\/lattes.cnpq.br\/5208824640229110\" target=\"_blank\" rel=\"noopener\">Roberto Weider de Assis Franco<\/a>\u00a0\u2013 franco@uenf.br<\/h3>\n<p><a class=\"oceanwp-lightbox\" href=\"https:\/\/uenf.br\/posgraduacao\/ciencias-naturais\/wp-content\/uploads\/sites\/4\/2023\/07\/Roberto-Weider-de-Assis-Franco.jpg\"><img loading=\"lazy\" decoding=\"async\" class=\"wp-image-6094 size-thumbnail alignleft\" src=\"https:\/\/uenf.br\/posgraduacao\/ciencias-naturais\/wp-content\/uploads\/sites\/4\/2023\/07\/Roberto-Weider-de-Assis-Franco-150x150.jpg\" alt=\"\" width=\"150\" height=\"150\" \/><\/a>Professor Associado \u2013 LCFIS\/CCT\/UENF<br \/>\nCredenciamento CAPES: Permanente (desde 05\/03\/2003)<br \/>\nLinhas de Pesquisa: Ci\u00eancias Ambientais\/Ci\u00eancia e Tecnologia de Materiais\/Ensino de Ci\u00eancias<br \/>\nP\u00f3s-doutorado: Universidade de S\u00e3o Paulo, USP \u2013 S\u00e3o Carlos;<br \/>\nP\u00f3s-doutorado: Embrapa Instrumenta\u00e7\u00e3o Agropecu\u00e1ria<br \/>\nDoutorado em Ci\u00eancias (F\u00edsica Aplicada) 1999<br \/>\nUniversidade de S\u00e3o Paulo \u2013 USP \u2013 S\u00e3o Carlos\/SP<\/p>\n<aside id=\"right-sidebar\" class=\"sidebar-container widget-area sidebar-primary\">\n<div id=\"right-sidebar-inner\" class=\"clr\"><\/div>\n<\/aside>\n<footer id=\"footer\" class=\"site-footer\">\n<div id=\"footer-inner\" class=\"clr\">\n<div id=\"footer-widgets\" class=\"oceanwp-row clr\">\n<div class=\"footer-widgets-inner\">\n<div class=\"footer-box span_1_of_1 col col-1\">\n<div id=\"text-3\" class=\"footer-widget widget_text clr\">\n<div class=\"textwidget\">\n<div>\n<div><\/div>\n<\/div>\n<\/div>\n<\/div>\n<\/div>\n<\/div>\n<\/div>\n<\/div>\n<\/footer>\n","protected":false},"excerpt":{"rendered":"<p>Andr\u00e9 Oliveira Guimar\u00e3es\u00a0\u2013 aguimaraes@uenf.br Professor Associado \u2013 LCFIS\/CCT\/UENF Credenciamento CAPES: Permanente (desde 01\/10\/2010) Linhas de Pesquisa: Ci\u00eancia e Tecnologia de&#8230;<\/p>\n","protected":false},"author":30,"featured_media":0,"parent":0,"menu_order":0,"comment_status":"closed","ping_status":"closed","template":"","meta":{"footnotes":""},"class_list":["post-18","page","type-page","status-publish","hentry"],"_links":{"self":[{"href":"https:\/\/uenf.br\/cct\/lcfis\/wp-json\/wp\/v2\/pages\/18","targetHints":{"allow":["GET"]}}],"collection":[{"href":"https:\/\/uenf.br\/cct\/lcfis\/wp-json\/wp\/v2\/pages"}],"about":[{"href":"https:\/\/uenf.br\/cct\/lcfis\/wp-json\/wp\/v2\/types\/page"}],"author":[{"embeddable":true,"href":"https:\/\/uenf.br\/cct\/lcfis\/wp-json\/wp\/v2\/users\/30"}],"replies":[{"embeddable":true,"href":"https:\/\/uenf.br\/cct\/lcfis\/wp-json\/wp\/v2\/comments?post=18"}],"version-history":[{"count":0,"href":"https:\/\/uenf.br\/cct\/lcfis\/wp-json\/wp\/v2\/pages\/18\/revisions"}],"wp:attachment":[{"href":"https:\/\/uenf.br\/cct\/lcfis\/wp-json\/wp\/v2\/media?parent=18"}],"curies":[{"name":"wp","href":"https:\/\/api.w.org\/{rel}","templated":true}]}}