{"id":2,"date":"2017-03-22T12:53:29","date_gmt":"2017-03-22T15:53:29","guid":{"rendered":"http:\/\/uenf.br\/cct\/lcfis\/?page_id=2"},"modified":"2025-05-15T17:38:50","modified_gmt":"2025-05-15T20:38:50","slug":"apresentacao","status":"publish","type":"page","link":"https:\/\/uenf.br\/cct\/lcfis\/","title":{"rendered":"Apresenta\u00e7\u00e3o"},"content":{"rendered":"<p>O Laborat\u00f3rio de Ci\u00eancias F\u00edsicas (LCFIS) \u00e9 a unidade do Centro de Ci\u00eancia e Tecnologia (CCT) que elabora, planeja e executa as atividades de ensino, pesquisa e extens\u00e3o na \u00e1rea de f\u00edsica tanto em n\u00edvel de gradua\u00e7\u00e3o quanto de p\u00f3s-gradua\u00e7\u00e3o. O LCFIS oferece disciplinas b\u00e1sicas e avan\u00e7adas de f\u00edsica a diversos cursos do CCT bem como a outros centros da UENF, como o Centro de Bioci\u00eancias e Biotecnologia (CBB) e do Centro de Ci\u00eancias e Tecnologias Agropecu\u00e1rias (CCTA). Est\u00e1 ainda sob sua responsabilidade o Curso de Licenciatura em F\u00edsica.<\/p>\n<p>Al\u00e9m disso, v\u00e1rios professores do LCFIS s\u00e3o credenciados no Programa de P\u00f3s-Gradua\u00e7\u00e3o de Ci\u00eancias Naturais (PPGCN), ministrando disciplinas e realizando pesquisas em \u00e1reas de grande interesse regional e nacional. Entre os projetos de pesquisas desenvolvidos no LCFIS, que inclui a participa\u00e7\u00e3o de bolsitas de inicia\u00e7\u00e3o cient\u00edfica, mestrado, doutorado e p\u00f3s-doutorado podemos citar: o estudo de emiss\u00f5es de contaminantes gasosos de efeito estufa de combust\u00edveis verdes e fertilizantes alternativos, desenvolvimento de novos sensores fotoac\u00fasticos, produ\u00e7\u00e3o e caracteriza\u00e7\u00e3o de novos materiais (v\u00edtreos, cer\u00e2micos e nanoestruturados) de interesse para a fot\u00f4nica e optoeletr\u00f4nica, estudo de nanopart\u00edculas magn\u00e9ticas de aplica\u00e7\u00e3o \u00e0 medicina, materiais e filmes finos magn\u00e9ticos, biocombust\u00edveis e estudo de rochas porosas ligadas \u00e0 explora\u00e7\u00e3o e produ\u00e7\u00e3o de petr\u00f3leo. Os professores pesquisadores do LCFIS s\u00e3o autores de artigos cient\u00edficos peri\u00f3dicos internacional de alto impacto, al\u00e9m de captar grande monta de recursos para expans\u00e3o da infraestrutura de pesquisa que s\u00e3o concedidos pelas ag\u00eancias de fomento devido \u00e0 import\u00e2ncia dos projetos a elas submetidos.<\/p>\n<p>No que concerne \u00e0 extens\u00e3o universit\u00e1ria, os docentes do LCFIS vem ao longo dos \u00faltimos anos desenvolvendo a\u00e7\u00f5es no sentido de melhorar a qualidade do ensino p\u00fablico b\u00e1sico oferecido pelas escolas p\u00fablicas do Estado do Rio de Janeiro. Por exemplo, implantou um laborat\u00f3rio de ci\u00eancias em escola p\u00fablica da cidade de Campos dos Goytacazes, desenvolve atividades do Programa de Incia\u00e7\u00e3o \u00e0 Doc\u00eancia (PIBID\/CAPES) em algumas escolas p\u00fablicas locais e busca promover atividades de divulga\u00e7\u00e3o de ci\u00eancias para atrair novos estudantes para a \u00e1rea de f\u00edsica. Vale ainda ressaltar que os egressos do Curso de Licenciatura em F\u00edsica hoje s\u00e3o professores na rede estadual, e os egressos da p\u00f3s-gradua\u00e7\u00e3o tem se colocado no mercado de trabalho, em especial em instui\u00e7\u00f5es de ensino e pesquisa do n\u00edvel superior, principalmente na Regi\u00e3o Norte Fluminense, e at\u00e9 de outro estados da federa\u00e7\u00e3o.<\/p>\n<p>&nbsp;<\/p>\n","protected":false},"excerpt":{"rendered":"<p>O Laborat\u00f3rio de Ci\u00eancias F\u00edsicas (LCFIS) \u00e9 a unidade do Centro de Ci\u00eancia e Tecnologia (CCT) que elabora, planeja e&#8230;<\/p>\n","protected":false},"author":18,"featured_media":0,"parent":0,"menu_order":0,"comment_status":"closed","ping_status":"closed","template":"","meta":{"footnotes":""},"class_list":["post-2","page","type-page","status-publish","hentry"],"_links":{"self":[{"href":"https:\/\/uenf.br\/cct\/lcfis\/wp-json\/wp\/v2\/pages\/2","targetHints":{"allow":["GET"]}}],"collection":[{"href":"https:\/\/uenf.br\/cct\/lcfis\/wp-json\/wp\/v2\/pages"}],"about":[{"href":"https:\/\/uenf.br\/cct\/lcfis\/wp-json\/wp\/v2\/types\/page"}],"author":[{"embeddable":true,"href":"https:\/\/uenf.br\/cct\/lcfis\/wp-json\/wp\/v2\/users\/18"}],"replies":[{"embeddable":true,"href":"https:\/\/uenf.br\/cct\/lcfis\/wp-json\/wp\/v2\/comments?post=2"}],"version-history":[{"count":0,"href":"https:\/\/uenf.br\/cct\/lcfis\/wp-json\/wp\/v2\/pages\/2\/revisions"}],"wp:attachment":[{"href":"https:\/\/uenf.br\/cct\/lcfis\/wp-json\/wp\/v2\/media?parent=2"}],"curies":[{"name":"wp","href":"https:\/\/api.w.org\/{rel}","templated":true}]}}