{"id":26,"date":"2023-12-15T11:19:40","date_gmt":"2023-12-15T14:19:40","guid":{"rendered":"https:\/\/uenf.br\/cct\/lcfis\/?page_id=26"},"modified":"2023-12-15T12:12:40","modified_gmt":"2023-12-15T15:12:40","slug":"aposentados-2","status":"publish","type":"page","link":"https:\/\/uenf.br\/cct\/lcfis\/aposentados-2\/","title":{"rendered":"Aposentados"},"content":{"rendered":"<p>&nbsp;<\/p>\n<p><img loading=\"lazy\" decoding=\"async\" class=\"alignnone wp-image-27\" src=\"https:\/\/uenf.br\/cct\/lcfis\/files\/2023\/12\/Foto-Helion-Vargas-259x300.jpg\" alt=\"\" width=\"190\" height=\"220\" srcset=\"https:\/\/uenf.br\/cct\/lcfis\/files\/2023\/12\/Foto-Helion-Vargas-259x300.jpg 259w, https:\/\/uenf.br\/cct\/lcfis\/files\/2023\/12\/Foto-Helion-Vargas.jpg 396w\" sizes=\"auto, (max-width: 190px) 100vw, 190px\" \/><\/p>\n<p>Helion Vargas<\/p>\n<p>Per\u00edodo de atua\u00e7\u00e3o na UENF: de 1996 a 2019<\/p>\n<p>Professor Titular que estruturou o LCFIS durante sua atua\u00e7\u00e3o na UENF.\u00a0A sua \u00e1rea de conhecimento incluiu fen\u00f4menos fotot\u00e9rmicos e fotoac\u00fasticos, resson\u00e2ncia paramagn\u00e9tica eletr\u00f4nica e resson\u00e2ncia quadrupolar nuclear, tendo desenvolvido trabalhos interdisciplinares com aplica\u00e7\u00f5es na agricultura, ci\u00eancia de alimentos e ambiente.\u00a0Ao longo da carreira na UENF foi contemplado com a bolsa Cientista do Nosso Estado da FAPERJ e publicou 136 artigos em revistas cient\u00edficas.<\/p>\n<p>Devido ao seu destaque como pesquisador, durante o tempo de atua\u00e7\u00e3o na UENF, foi nomeado Comendador da Ordem Nacional do M\u00e9rito Cient\u00edfico, pela Presid\u00eancia da Rep\u00fablica do Brasil, em 1998, foi eleito Membro Titular da Academia Brasileira de Ci\u00eancias, em 2000, e recebeu o Pr\u00eamio S\u00eanior da Associa\u00e7\u00e3o Internacional de Fotoac\u00fastica e Fotot\u00e9rmica em 2011. Foi agraciado, em 2013, com a medalha Darcy Ribeiro, que constitui a maior condecora\u00e7\u00e3o honor\u00edfica da UENF, e recebeu o t\u00edtulo de Professor Em\u00e9rito da UENF, em 2015.<\/p>\n<p>Faleceu em agosto de 2023, aos 89 anos.<\/p>\n<p>&nbsp;<\/p>\n","protected":false},"excerpt":{"rendered":"<p>&nbsp; Helion Vargas Per\u00edodo de atua\u00e7\u00e3o na UENF: de 1996 a 2019 Professor Titular que estruturou o LCFIS durante sua&#8230;<\/p>\n","protected":false},"author":30,"featured_media":0,"parent":0,"menu_order":0,"comment_status":"closed","ping_status":"closed","template":"","meta":{"footnotes":""},"class_list":["post-26","page","type-page","status-publish","hentry"],"_links":{"self":[{"href":"https:\/\/uenf.br\/cct\/lcfis\/wp-json\/wp\/v2\/pages\/26","targetHints":{"allow":["GET"]}}],"collection":[{"href":"https:\/\/uenf.br\/cct\/lcfis\/wp-json\/wp\/v2\/pages"}],"about":[{"href":"https:\/\/uenf.br\/cct\/lcfis\/wp-json\/wp\/v2\/types\/page"}],"author":[{"embeddable":true,"href":"https:\/\/uenf.br\/cct\/lcfis\/wp-json\/wp\/v2\/users\/30"}],"replies":[{"embeddable":true,"href":"https:\/\/uenf.br\/cct\/lcfis\/wp-json\/wp\/v2\/comments?post=26"}],"version-history":[{"count":0,"href":"https:\/\/uenf.br\/cct\/lcfis\/wp-json\/wp\/v2\/pages\/26\/revisions"}],"wp:attachment":[{"href":"https:\/\/uenf.br\/cct\/lcfis\/wp-json\/wp\/v2\/media?parent=26"}],"curies":[{"name":"wp","href":"https:\/\/api.w.org\/{rel}","templated":true}]}}