{"id":87,"date":"2025-05-20T00:29:11","date_gmt":"2025-05-20T03:29:11","guid":{"rendered":"https:\/\/uenf.br\/cct\/lcfis\/?page_id=87"},"modified":"2025-05-27T23:15:38","modified_gmt":"2025-05-28T02:15:38","slug":"infraestrutura","status":"publish","type":"page","link":"https:\/\/uenf.br\/cct\/lcfis\/infraestrutura\/","title":{"rendered":"Infraestrutura"},"content":{"rendered":"<p>O Laborat\u00f3rio de Ci\u00eancias F\u00edsicas (LCFIS) da Universidade Estadual do Norte Fluminense Darcy Ribeiro (UENF) disp\u00f5e de uma infraestrutura moderna e diversificada, voltada para ensino, pesquisa e extens\u00e3o em F\u00edsica. O laborat\u00f3rio conta com salas de aula equipadas com recursos multim\u00eddia, audit\u00f3rios para eventos cient\u00edficos, e espa\u00e7os did\u00e1ticos voltados para experimentos de f\u00edsica b\u00e1sica e aplicada, contribuindo para a forma\u00e7\u00e3o s\u00f3lida dos estudantes de gradua\u00e7\u00e3o e p\u00f3s-gradua\u00e7\u00e3o.<\/p>\n<p>No que diz respeito \u00e0 pesquisa, o LCFIS abriga uma variedade de laborat\u00f3rios especializados. Esses ambientes contam com equipamentos de pequeno, m\u00e9dio e grande porte, incluindo laborat\u00f3rios para s\u00edntese de vidros, materiais bulk e nanoestruturados, fotot\u00e9rmicas (fotoac\u00fastica, lente t\u00e9rmica e fotopiroel\u00e9trica), difrat\u00f4metro de raios X (DRX) Rigaku Ultima IV , espectr\u00f4metro de Resson\u00e2ncia Magn\u00e9tica Eletr\u00f4nica (RME) Bruker Elexsys E500, analisador de tamanho de part\u00edculas e de potencial Zeta (DLS) Litesizer 500 e espectrofot\u00f4metro FT-IR. Essa estrutura permite a realiza\u00e7\u00e3o de pesquisas de alto n\u00edvel, muitas delas com financiamento de ag\u00eancias como CAPES, CNPq e FAPERJ.<\/p>\n<ul>\n<li><a href=\"https:\/\/drx.uenf.br\/\">Laborat\u00f3rio de difra\u00e7\u00e3o de raios X<\/a><\/li>\n<\/ul>\n<p>&nbsp;<\/p>\n","protected":false},"excerpt":{"rendered":"<p>O Laborat\u00f3rio de Ci\u00eancias F\u00edsicas (LCFIS) da Universidade Estadual do Norte Fluminense Darcy Ribeiro (UENF) disp\u00f5e de uma infraestrutura moderna&#8230;<\/p>\n","protected":false},"author":30,"featured_media":0,"parent":0,"menu_order":0,"comment_status":"closed","ping_status":"closed","template":"","meta":{"footnotes":""},"class_list":["post-87","page","type-page","status-publish","hentry"],"_links":{"self":[{"href":"https:\/\/uenf.br\/cct\/lcfis\/wp-json\/wp\/v2\/pages\/87","targetHints":{"allow":["GET"]}}],"collection":[{"href":"https:\/\/uenf.br\/cct\/lcfis\/wp-json\/wp\/v2\/pages"}],"about":[{"href":"https:\/\/uenf.br\/cct\/lcfis\/wp-json\/wp\/v2\/types\/page"}],"author":[{"embeddable":true,"href":"https:\/\/uenf.br\/cct\/lcfis\/wp-json\/wp\/v2\/users\/30"}],"replies":[{"embeddable":true,"href":"https:\/\/uenf.br\/cct\/lcfis\/wp-json\/wp\/v2\/comments?post=87"}],"version-history":[{"count":0,"href":"https:\/\/uenf.br\/cct\/lcfis\/wp-json\/wp\/v2\/pages\/87\/revisions"}],"wp:attachment":[{"href":"https:\/\/uenf.br\/cct\/lcfis\/wp-json\/wp\/v2\/media?parent=87"}],"curies":[{"name":"wp","href":"https:\/\/api.w.org\/{rel}","templated":true}]}}