{"id":12,"date":"2019-02-25T15:16:36","date_gmt":"2019-02-25T18:16:36","guid":{"rendered":"http:\/\/uenf.br\/cct\/lcmat\/?page_id=12"},"modified":"2023-12-20T07:17:21","modified_gmt":"2023-12-20T10:17:21","slug":"graduacao","status":"publish","type":"page","link":"https:\/\/uenf.br\/cct\/lcmat\/graduacao\/","title":{"rendered":"Gradua\u00e7\u00e3o"},"content":{"rendered":"<p>O LCMAT conta com dois cursos de gradua\u00e7\u00e3o presencial e oferece disciplinas de servi\u00e7o para os restantes cursos de gradua\u00e7\u00e3o da UENF. Maiores informa\u00e7\u00f5es, podem visitar a p\u00e1gina oficial da gradua\u00e7\u00e3o da UENF, <a href=\"https:\/\/uenf.br\/graduacao\/\">aqui<\/a><\/p>\n<ul>\n<li><em style=\"color: black;font-family: Verdana, sans-serif;font-size: 10pt\"><a href=\"https:\/\/uenf.br\/posgraduacao\/licenciatura-matematica\/\">Licenciatura em Matem\u00e1tica<\/a>.\u00a0<\/em>\n<ul>\n<li>Coordenado pelo Prof. Rigoberto G. Sanabria Castro &#8211; 2023 at\u00e9 atualidade.\n<ul>\n<li>E-mail: <a href=\"mailto:sanabria@uenf.br\">sanabria@uenf.br<\/a><\/li>\n<\/ul>\n<\/li>\n<li>Coordenado pela Profa. Dra. Ana M. Silva de Senna.\n<ul>\n<li>E-mail: <a href=\"mailto:senna@uenf.br\">senna@uenf.br<\/a><\/li>\n<\/ul>\n<\/li>\n<\/ul>\n<\/li>\n<\/ul>\n<p><span style=\"color: #0000ff\"><strong>Monografias Digitalizadas<\/strong><\/span> &#8211; <a href=\"https:\/\/uenf.br\/cct\/lcmat\/graduacao\/monografias-l-matematica\/\">Leia<\/a><\/p>\n<ul>\n<li><span style=\"font-size: 10.0pt;font-family: 'Verdana',sans-serif;color: black;background: white\"><em><a href=\"https:\/\/localhost-pi.vercel.app\/\">Bacharelado em Ci\u00eancia da Computa\u00e7\u00e3o <\/a>.<\/em><\/span>\n<ul>\n<li>Coordenador: Prof. Dr. <a href=\"http:\/\/lattes.cnpq.br\/9974379145983363\">Ferm\u00edn A. Tang Montan\u00e9<\/a> &#8211; 2020 at\u00e9 2024\n<ul>\n<li>E-mail: <a href=\"mailto:tang@uenf.br\">tang@uenf.br<\/a>\u00a0 ou\u00a0 \u00a0<a href=\"mailto:fermintang@pq.uenf.br\">fermintang@pq.uenf.br<\/a><\/li>\n<\/ul>\n<\/li>\n<\/ul>\n<\/li>\n<\/ul>\n<p><span style=\"color: #0000ff\"><strong>Monografias Digitalizadas<\/strong><\/span> &#8211; <a href=\"https:\/\/uenf.br\/cct\/lcmat\/graduacao\/monografias\/\">Leia<\/a><\/p>\n","protected":false},"excerpt":{"rendered":"<p>O LCMAT conta com dois cursos de gradua\u00e7\u00e3o presencial e oferece disciplinas de servi\u00e7o para os restantes cursos de gradua\u00e7\u00e3o&#8230;<\/p>\n","protected":false},"author":24,"featured_media":0,"parent":0,"menu_order":6,"comment_status":"closed","ping_status":"closed","template":"","meta":{"footnotes":""},"class_list":["post-12","page","type-page","status-publish","hentry"],"_links":{"self":[{"href":"https:\/\/uenf.br\/cct\/lcmat\/wp-json\/wp\/v2\/pages\/12","targetHints":{"allow":["GET"]}}],"collection":[{"href":"https:\/\/uenf.br\/cct\/lcmat\/wp-json\/wp\/v2\/pages"}],"about":[{"href":"https:\/\/uenf.br\/cct\/lcmat\/wp-json\/wp\/v2\/types\/page"}],"author":[{"embeddable":true,"href":"https:\/\/uenf.br\/cct\/lcmat\/wp-json\/wp\/v2\/users\/24"}],"replies":[{"embeddable":true,"href":"https:\/\/uenf.br\/cct\/lcmat\/wp-json\/wp\/v2\/comments?post=12"}],"version-history":[{"count":0,"href":"https:\/\/uenf.br\/cct\/lcmat\/wp-json\/wp\/v2\/pages\/12\/revisions"}],"wp:attachment":[{"href":"https:\/\/uenf.br\/cct\/lcmat\/wp-json\/wp\/v2\/media?parent=12"}],"curies":[{"name":"wp","href":"https:\/\/api.w.org\/{rel}","templated":true}]}}