{"id":15,"date":"2019-02-25T15:17:06","date_gmt":"2019-02-25T18:17:06","guid":{"rendered":"http:\/\/uenf.br\/cct\/lcmat\/?page_id=15"},"modified":"2023-12-20T07:22:51","modified_gmt":"2023-12-20T10:22:51","slug":"pos-graduacao","status":"publish","type":"page","link":"https:\/\/uenf.br\/cct\/lcmat\/pos-graduacao\/","title":{"rendered":"P\u00f3s-Gradua\u00e7\u00e3o"},"content":{"rendered":"<p>Maiores detalhes podem ser lidos <a href=\"https:\/\/uenf.br\/posgraduacao\/matematica\/apresentacao\/\">aqui<\/a>.<\/p>\n","protected":false},"excerpt":{"rendered":"<p>Maiores detalhes podem ser lidos aqui.<\/p>\n","protected":false},"author":24,"featured_media":0,"parent":0,"menu_order":8,"comment_status":"closed","ping_status":"closed","template":"","meta":{"footnotes":""},"class_list":["post-15","page","type-page","status-publish","hentry"],"_links":{"self":[{"href":"https:\/\/uenf.br\/cct\/lcmat\/wp-json\/wp\/v2\/pages\/15","targetHints":{"allow":["GET"]}}],"collection":[{"href":"https:\/\/uenf.br\/cct\/lcmat\/wp-json\/wp\/v2\/pages"}],"about":[{"href":"https:\/\/uenf.br\/cct\/lcmat\/wp-json\/wp\/v2\/types\/page"}],"author":[{"embeddable":true,"href":"https:\/\/uenf.br\/cct\/lcmat\/wp-json\/wp\/v2\/users\/24"}],"replies":[{"embeddable":true,"href":"https:\/\/uenf.br\/cct\/lcmat\/wp-json\/wp\/v2\/comments?post=15"}],"version-history":[{"count":0,"href":"https:\/\/uenf.br\/cct\/lcmat\/wp-json\/wp\/v2\/pages\/15\/revisions"}],"wp:attachment":[{"href":"https:\/\/uenf.br\/cct\/lcmat\/wp-json\/wp\/v2\/media?parent=15"}],"curies":[{"name":"wp","href":"https:\/\/api.w.org\/{rel}","templated":true}]}}