{"id":229,"date":"2023-12-19T21:54:41","date_gmt":"2023-12-20T00:54:41","guid":{"rendered":"https:\/\/uenf.br\/cct\/lcmat\/?page_id=229"},"modified":"2023-12-20T15:02:19","modified_gmt":"2023-12-20T18:02:19","slug":"monografias","status":"publish","type":"page","link":"https:\/\/uenf.br\/cct\/lcmat\/graduacao\/monografias\/","title":{"rendered":"Monografias C.Computa\u00e7\u00e3o"},"content":{"rendered":"<p style=\"text-align: center\"><span style=\"color: #0000ff\"><strong>Bacharelado em Ci\u00eancia da Computa\u00e7\u00e3o<\/strong><\/span><\/p>\n<p><strong>Estudante\u00a0 \u00a0 \u00a0 \u00a0 \u00a0 \u00a0 \u00a0 \u00a0 \u00a0 \u00a0 \u00a0 \u00a0 \u00a0 \u00a0 \u00a0 \u00a0 \u00a0 \u00a0 \u00a0 Prof. Orientador\u00a0 \u00a0 \u00a0 \u00a0 \u00a0 \u00a0 \u00a0 \u00a0 \u00a0 \u00a0 \u00a0 \u00a0 \u00a0 \u00a0 \u00a0 \u00a0 \u00a0 \u00a0 \u00a0PDF Monografia\u00a0 \u00a0 \u00a0 \u00a0 \u00a0 \u00a0Ano<\/strong><\/p>\n<p>Maria Luiza de Souza Stellet\u00a0 \u00a0 \u00a0 \u00a0 \u00a0<a href=\"http:\/\/lattes.cnpq.br\/7484786835288826\">Profa. Dra. Annabell D.R. Tamariz<\/a>\u00a0 \u00a0 \u00a0 \u00a0 \u00a0 <a href=\"https:\/\/drive.google.com\/file\/d\/1lvs9N9nKepKKgdhm91qwhgTszPNNRU9p\/view?usp=drive_link\">Monografia<\/a>\u00a0 \u00a0 \u00a0 \u00a0 \u00a0 \u00a0 \u00a0 \u00a0 \u00a0Dez\/2023<\/p>\n<p>Daniel Brito dos Santos\u00a0 \u00a0 \u00a0 \u00a0 \u00a0 \u00a0 \u00a0 \u00a0 \u00a0<a href=\"http:\/\/lattes.cnpq.br\/7484786835288826\">Profa. Dra. Annabell D.R. Tamariz<\/a>\u00a0 \u00a0 \u00a0 \u00a0 \u00a0 <a href=\"https:\/\/drive.google.com\/file\/d\/1-E72J0zt2uHWkmZ0bJZTfQrYXyrg3mNf\/view?usp=drive_link\">Monografia<\/a>\u00a0 \u00a0 \u00a0 \u00a0 \u00a0 \u00a0 \u00a0 \u00a0 \u00a0 Dez\/2023<\/p>\n<p>Javier Ernesto Lopez del Real\u00a0 \u00a0 \u00a0 <a href=\"http:\/\/lattes.cnpq.br\/9826346918182685\">Profa. Dra. Sahudy M. Gonz\u00e1lez<\/a>\u00a0 \u00a0 \u00a0 \u00a0 \u00a0 \u00a0 \u00a0 <a href=\"https:\/\/drive.google.com\/file\/d\/1I6rBOHkj8C0Yu359x_c4ozg57SU3tftW\/view?usp=drive_link\">Monografia<\/a>\u00a0 \u00a0 \u00a0 \u00a0 \u00a0 \u00a0 \u00a0 \u00a0 \u00a0 Dez\/2023<\/p>\n<p>Luis Fernando Peixoto Cabral\u00a0 \u00a0 \u00a0<a href=\"http:\/\/lattes.cnpq.br\/6277334830315068\">Prof. Dr. Luis A. Rivera Escriba<\/a>\u00a0 \u00a0 \u00a0 \u00a0 \u00a0 \u00a0 \u00a0 \u00a0 <a href=\"https:\/\/drive.google.com\/file\/d\/1qZbfNtRD7RMTBpBTtf0Ejs5DUwdjRPYU\/view?usp=drive_link\">Monografia<\/a>\u00a0 \u00a0 \u00a0 \u00a0 \u00a0 \u00a0 \u00a0 \u00a0 \u00a0 Dez\/2023<\/p>\n<p>Yuri Garcia Campos\u00a0 \u00a0 \u00a0 \u00a0 \u00a0 \u00a0 \u00a0 \u00a0 \u00a0 \u00a0 \u00a0 \u00a0<a href=\"http:\/\/lattes.cnpq.br\/6277334830315068\">Prof. Dr. Luis A. Rivera Escriba<\/a>\u00a0 \u00a0 \u00a0 \u00a0 \u00a0 \u00a0 \u00a0 <a href=\"https:\/\/drive.google.com\/file\/d\/1RMb9i4kbTpmUZcJCQSUVzROVuMHEK5rP\/view?usp=drive_link\">Monografia<\/a>\u00a0 \u00a0 \u00a0 \u00a0 \u00a0 \u00a0 \u00a0 \u00a0 \u00a0 \u00a0 Dez\/2023<\/p>\n","protected":false},"excerpt":{"rendered":"<p>Bacharelado em Ci\u00eancia da Computa\u00e7\u00e3o Estudante\u00a0 \u00a0 \u00a0 \u00a0 \u00a0 \u00a0 \u00a0 \u00a0 \u00a0 \u00a0 \u00a0 \u00a0 \u00a0 \u00a0 \u00a0&#8230;<\/p>\n","protected":false},"author":32,"featured_media":0,"parent":12,"menu_order":0,"comment_status":"closed","ping_status":"closed","template":"","meta":{"footnotes":""},"class_list":["post-229","page","type-page","status-publish","hentry"],"_links":{"self":[{"href":"https:\/\/uenf.br\/cct\/lcmat\/wp-json\/wp\/v2\/pages\/229","targetHints":{"allow":["GET"]}}],"collection":[{"href":"https:\/\/uenf.br\/cct\/lcmat\/wp-json\/wp\/v2\/pages"}],"about":[{"href":"https:\/\/uenf.br\/cct\/lcmat\/wp-json\/wp\/v2\/types\/page"}],"author":[{"embeddable":true,"href":"https:\/\/uenf.br\/cct\/lcmat\/wp-json\/wp\/v2\/users\/32"}],"replies":[{"embeddable":true,"href":"https:\/\/uenf.br\/cct\/lcmat\/wp-json\/wp\/v2\/comments?post=229"}],"version-history":[{"count":0,"href":"https:\/\/uenf.br\/cct\/lcmat\/wp-json\/wp\/v2\/pages\/229\/revisions"}],"up":[{"embeddable":true,"href":"https:\/\/uenf.br\/cct\/lcmat\/wp-json\/wp\/v2\/pages\/12"}],"wp:attachment":[{"href":"https:\/\/uenf.br\/cct\/lcmat\/wp-json\/wp\/v2\/media?parent=229"}],"curies":[{"name":"wp","href":"https:\/\/api.w.org\/{rel}","templated":true}]}}