{"id":293,"date":"2024-10-01T17:17:52","date_gmt":"2024-10-01T20:17:52","guid":{"rendered":"https:\/\/uenf.br\/cct\/lcmat\/?page_id=293"},"modified":"2024-10-02T15:53:57","modified_gmt":"2024-10-02T18:53:57","slug":"disciplinas-2024-2","status":"publish","type":"page","link":"https:\/\/uenf.br\/cct\/lcmat\/disciplinas-2024-2\/","title":{"rendered":"Disciplinas 2024.2"},"content":{"rendered":"<table>\n<tbody>\n<tr>\n<td colspan=\"2\" width=\"576\">\n<h2 style=\"text-align: center\"><strong>Curso de Licenciatura em Matem\u00e1tica<\/strong><\/h2>\n<\/td>\n<\/tr>\n<tr>\n<td width=\"338\"><strong>Disciplinas<\/strong><\/td>\n<td width=\"238\"><strong>Professores<\/strong><\/td>\n<\/tr>\n<tr>\n<td width=\"338\">\u00c1lgebra II<\/td>\n<td width=\"238\">Oscar Paz<\/td>\n<\/tr>\n<tr>\n<td width=\"338\">An\u00e1lise na Reta<\/td>\n<td width=\"238\">Paulo Dias<\/td>\n<\/tr>\n<tr>\n<td width=\"338\">Est\u00e1gio Supervisionado II<\/td>\n<td width=\"238\">Bolsista<\/td>\n<\/tr>\n<tr>\n<td width=\"338\">Est\u00e1gio Supervisionado IV<\/td>\n<td width=\"238\">Bolsista<\/td>\n<\/tr>\n<tr>\n<td width=\"338\">Geometria Anal\u00edtica e Vetores<\/td>\n<td width=\"238\">Nelson Barbosa<\/td>\n<\/tr>\n<tr>\n<td width=\"338\">Geometria n\u00e3o Euclidiana<\/td>\n<td width=\"238\">Rigoberto Castro<\/td>\n<\/tr>\n<tr>\n<td width=\"338\">Hist\u00f3ria da Matem\u00e1tica<\/td>\n<td width=\"238\">Nilson Stahl<\/td>\n<\/tr>\n<tr>\n<td width=\"338\">Inform\u00e1tica na Educa\u00e7\u00e3o<\/td>\n<td width=\"238\">Nilson Stahl<\/td>\n<\/tr>\n<tr>\n<td width=\"338\">Laborat\u00f3rio de Matem\u00e1tica I<\/td>\n<td width=\"238\">Maridelma Pourbaix<\/td>\n<\/tr>\n<tr>\n<td width=\"338\">Laborat\u00f3rio de Matem\u00e1tica III<\/td>\n<td width=\"238\">Maridelma Pourbaix<\/td>\n<\/tr>\n<tr>\n<td width=\"338\">Matem\u00e1tica Financeira e An\u00e1lise Combinat\u00f3ria<\/td>\n<td width=\"238\">Nelson Barbosa<\/td>\n<\/tr>\n<tr>\n<td width=\"338\">Pr\u00e1tica Pedag\u00f3gica II<\/td>\n<td width=\"238\">Maridelma Pourbaix<\/td>\n<\/tr>\n<tr>\n<td width=\"338\">Probabilidade e Estat\u00edstica<\/td>\n<td width=\"238\">Paulo Beggio<\/td>\n<\/tr>\n<tr>\n<td width=\"338\">Semin\u00e1rio Supervisionado II<\/td>\n<td width=\"238\">Rigoberto Castro<\/td>\n<\/tr>\n<tr>\n<td width=\"338\">Vari\u00e1veis Complexas<\/td>\n<td width=\"238\">Rigoberto Castro<\/td>\n<\/tr>\n<\/tbody>\n<\/table>\n<p>&nbsp;<\/p>\n<table>\n<tbody>\n<tr>\n<td colspan=\"2\" width=\"576\">\n<h2 style=\"text-align: center\"><strong>Curso de Bacharelado em Ci\u00eancia da Computa\u00e7\u00e3o<\/strong><\/h2>\n<\/td>\n<\/tr>\n<tr>\n<td width=\"338\"><strong>Disciplinas<\/strong><\/td>\n<td width=\"238\"><strong>Professores<\/strong><\/td>\n<\/tr>\n<tr>\n<td width=\"338\">Analise Proj. Sistemas<\/td>\n<td width=\"238\">Ausberto Castro<\/td>\n<\/tr>\n<tr>\n<td width=\"338\">Banco de Dados II<\/td>\n<td width=\"238\">Luis Mariano<\/td>\n<\/tr>\n<tr>\n<td width=\"338\">C\u00e1lculo Num\u00e9rico<\/td>\n<td width=\"238\">Luis Ramirez<\/td>\n<\/tr>\n<tr>\n<td width=\"338\">Comp. e Sociedade<\/td>\n<td width=\"238\">Bolsista<\/td>\n<\/tr>\n<tr>\n<td width=\"338\">Compiladores<\/td>\n<td width=\"238\">Luis Mariano<\/td>\n<\/tr>\n<tr>\n<td width=\"338\">Empreendedorismo<\/td>\n<td width=\"238\">Bolsista<\/td>\n<\/tr>\n<tr>\n<td width=\"338\">Est\u00e1gio Supervisionado<\/td>\n<td width=\"238\">Ferm\u00edn Tang<\/td>\n<\/tr>\n<tr>\n<td width=\"338\">Estrutura de Dados II<\/td>\n<td width=\"238\">Ferm\u00edn Tang<\/td>\n<\/tr>\n<tr>\n<td width=\"338\">Estruturas Discretas<\/td>\n<td width=\"238\">Ausberto Castro<\/td>\n<\/tr>\n<tr>\n<td width=\"338\">Ingl\u00eas Instrumental II<\/td>\n<td width=\"238\">Bolsista<\/td>\n<\/tr>\n<tr>\n<td width=\"338\">Intelig\u00eancia Artificial<\/td>\n<td width=\"238\">Annabell Tamariz<\/td>\n<\/tr>\n<tr>\n<td width=\"338\">Introdu\u00e7\u00e3o \u00e0 Computa\u00e7\u00e3o Gr\u00e1fica<\/td>\n<td width=\"238\">Luis Rivera<\/td>\n<\/tr>\n<tr>\n<td width=\"338\">L\u00f3gica Digital<\/td>\n<td width=\"238\">Luiz Ramirez<\/td>\n<\/tr>\n<tr>\n<td width=\"338\">Monografia<\/td>\n<td width=\"238\">Ferm\u00edn Tang<\/td>\n<\/tr>\n<tr>\n<td width=\"338\">P.O.O.Desenv.<\/td>\n<td width=\"238\">Jo\u00e3o Almeida<\/td>\n<\/tr>\n<tr>\n<td width=\"338\">Pesquisa Operacional<\/td>\n<td width=\"238\">Ferm\u00edn Tang<\/td>\n<\/tr>\n<tr>\n<td width=\"338\">Programa\u00e7\u00e3o II<\/td>\n<td width=\"238\">Luis Rivera<\/td>\n<\/tr>\n<tr>\n<td width=\"338\">Programa\u00e7\u00e3o Orientada a Objetos<\/td>\n<td width=\"238\">Annabell Tamariz<\/td>\n<\/tr>\n<tr>\n<td width=\"338\">Projeto Monografia<\/td>\n<td width=\"238\">Luis Rivera<\/td>\n<\/tr>\n<tr>\n<td width=\"338\">Sistema Operacional<\/td>\n<td width=\"238\">Jo\u00e3o Almeida<\/td>\n<\/tr>\n<\/tbody>\n<\/table>\n<p>&nbsp;<\/p>\n<table>\n<tbody>\n<tr>\n<td colspan=\"2\" width=\"576\">\n<h2 style=\"text-align: center\"><strong>Outros cursos de Gradua\u00e7\u00e3o<\/strong><\/h2>\n<\/td>\n<\/tr>\n<tr>\n<td width=\"338\"><strong>Disciplinas<\/strong><\/td>\n<td width=\"238\"><strong>Professores<\/strong><\/td>\n<\/tr>\n<tr>\n<td width=\"338\">\u00c1lgebra Linear<\/td>\n<td width=\"238\">Ana Senna<\/p>\n<p>Elba Bravo<\/p>\n<p>Luis Guillermo<\/p>\n<p>Bolsistas<\/td>\n<\/tr>\n<tr>\n<td width=\"338\">C\u00e1lculo Diferencial e Integral I<\/td>\n<td width=\"238\">Bolsista<\/td>\n<\/tr>\n<tr>\n<td width=\"338\">C\u00e1lculo Diferencial e Integral II<\/td>\n<td width=\"238\">Nancy Baygorrea<\/p>\n<p>Paulo Dias<\/p>\n<p>Bolsistas<\/td>\n<\/tr>\n<tr>\n<td width=\"338\">C\u00e1lculo Num\u00e9rico<\/td>\n<td width=\"238\">Nancy\u00a0 Baygorrea<\/p>\n<p>Rafael<\/p>\n<p>Luiz Ramirez<\/td>\n<\/tr>\n<tr>\n<td width=\"338\">Computa\u00e7\u00e3o<\/td>\n<td width=\"238\">Rafael Brand\u00e3o<\/td>\n<\/tr>\n<tr>\n<td width=\"338\">Fundamentos de Ci\u00eancia da Computa\u00e7\u00e3o<\/td>\n<td width=\"238\">Rafael Brand\u00e3o<\/td>\n<\/tr>\n<tr>\n<td width=\"338\">M\u00e9todos Matem\u00e1ticos para F\u00edsica<\/td>\n<td width=\"238\">Paulo Beggio.<\/td>\n<\/tr>\n<\/tbody>\n<\/table>\n<p>&nbsp;<\/p>\n<table>\n<tbody>\n<tr>\n<td colspan=\"2\" width=\"576\">\n<h2 style=\"text-align: center\"><strong>Mestrado Profissional em Matem\u00e1tica<\/strong><\/h2>\n<\/td>\n<\/tr>\n<tr>\n<td width=\"338\"><strong>Disciplinas<\/strong><\/td>\n<td width=\"238\"><strong>Professores<\/strong><\/td>\n<\/tr>\n<tr>\n<td width=\"338\">Aritm\u00e9tica<\/td>\n<td width=\"238\">Oscar Alfredo<\/td>\n<\/tr>\n<tr>\n<td width=\"338\">Geometria<\/td>\n<td width=\"238\">Luis Guillermo<\/td>\n<\/tr>\n<tr>\n<td width=\"338\">Geometria Anal\u00edtica<\/td>\n<td width=\"238\">Rita de C\u00e1ssia<\/td>\n<\/tr>\n<tr>\n<td width=\"338\">Recursos Computacionais no Ensino da Matem\u00e1tica<\/td>\n<td width=\"238\">Ausberto Castro<\/td>\n<\/tr>\n<tr>\n<td width=\"338\">Semin\u00e1rio II<\/td>\n<td width=\"238\">Nancy Baygorrea<\/td>\n<\/tr>\n<\/tbody>\n<\/table>\n","protected":false},"excerpt":{"rendered":"<p>Curso de Licenciatura em Matem\u00e1tica Disciplinas Professores \u00c1lgebra II Oscar Paz An\u00e1lise na Reta Paulo Dias Est\u00e1gio Supervisionado II Bolsista&#8230;<\/p>\n","protected":false},"author":31,"featured_media":0,"parent":0,"menu_order":0,"comment_status":"closed","ping_status":"closed","template":"","meta":{"footnotes":""},"class_list":["post-293","page","type-page","status-publish","hentry"],"_links":{"self":[{"href":"https:\/\/uenf.br\/cct\/lcmat\/wp-json\/wp\/v2\/pages\/293","targetHints":{"allow":["GET"]}}],"collection":[{"href":"https:\/\/uenf.br\/cct\/lcmat\/wp-json\/wp\/v2\/pages"}],"about":[{"href":"https:\/\/uenf.br\/cct\/lcmat\/wp-json\/wp\/v2\/types\/page"}],"author":[{"embeddable":true,"href":"https:\/\/uenf.br\/cct\/lcmat\/wp-json\/wp\/v2\/users\/31"}],"replies":[{"embeddable":true,"href":"https:\/\/uenf.br\/cct\/lcmat\/wp-json\/wp\/v2\/comments?post=293"}],"version-history":[{"count":0,"href":"https:\/\/uenf.br\/cct\/lcmat\/wp-json\/wp\/v2\/pages\/293\/revisions"}],"wp:attachment":[{"href":"https:\/\/uenf.br\/cct\/lcmat\/wp-json\/wp\/v2\/media?parent=293"}],"curies":[{"name":"wp","href":"https:\/\/api.w.org\/{rel}","templated":true}]}}