{"id":58,"date":"2022-08-22T17:24:33","date_gmt":"2022-08-22T20:24:33","guid":{"rendered":"http:\/\/uenf.br\/cct\/lcmat\/?page_id=58"},"modified":"2022-08-24T14:13:12","modified_gmt":"2022-08-24T17:13:12","slug":"corpo-tecnico","status":"publish","type":"page","link":"https:\/\/uenf.br\/cct\/lcmat\/corpo-tecnico\/","title":{"rendered":"Corpo t\u00e9cnico"},"content":{"rendered":"<ul>\n<li>V\u00e2nia Navarro\n<ul>\n<li>Secret\u00e1ria Geral<\/li>\n<li><a href=\"mailto:vaniabib@uenf.br\">vaniabib@uenf.br<\/a><\/li>\n<\/ul>\n<\/li>\n<li>Edilson Maciel\n<ul>\n<li>T\u00e9cnico em Inform\u00e1tica<\/li>\n<li><a href=\"mailto:edilson@uenf.br\">edilson@uenf.br<\/a><\/li>\n<\/ul>\n<\/li>\n<li>Francisco Alves\n<ul>\n<li>T\u00e9cnico em Inform\u00e1tica<\/li>\n<li><a href=\"mailto:francisc@uenf.br\">francisc@uenf.br<\/a><\/li>\n<\/ul>\n<\/li>\n<li>Fernando Cesar Coelho\n<ul>\n<li>Suporte ao ensino e monitoria<\/li>\n<li><a href=\"mailto:fcesar@uenf.br\">fcesar@uenf.br<\/a><\/li>\n<\/ul>\n<\/li>\n<\/ul>\n<p>&nbsp;<\/p>\n<p>&nbsp;<\/p>\n","protected":false},"excerpt":{"rendered":"<p>V\u00e2nia Navarro Secret\u00e1ria Geral vaniabib@uenf.br Edilson Maciel T\u00e9cnico em Inform\u00e1tica edilson@uenf.br Francisco Alves T\u00e9cnico em Inform\u00e1tica francisc@uenf.br Fernando Cesar Coelho&#8230;<\/p>\n","protected":false},"author":24,"featured_media":0,"parent":0,"menu_order":5,"comment_status":"closed","ping_status":"closed","template":"","meta":{"footnotes":""},"class_list":["post-58","page","type-page","status-publish","hentry"],"_links":{"self":[{"href":"https:\/\/uenf.br\/cct\/lcmat\/wp-json\/wp\/v2\/pages\/58","targetHints":{"allow":["GET"]}}],"collection":[{"href":"https:\/\/uenf.br\/cct\/lcmat\/wp-json\/wp\/v2\/pages"}],"about":[{"href":"https:\/\/uenf.br\/cct\/lcmat\/wp-json\/wp\/v2\/types\/page"}],"author":[{"embeddable":true,"href":"https:\/\/uenf.br\/cct\/lcmat\/wp-json\/wp\/v2\/users\/24"}],"replies":[{"embeddable":true,"href":"https:\/\/uenf.br\/cct\/lcmat\/wp-json\/wp\/v2\/comments?post=58"}],"version-history":[{"count":0,"href":"https:\/\/uenf.br\/cct\/lcmat\/wp-json\/wp\/v2\/pages\/58\/revisions"}],"wp:attachment":[{"href":"https:\/\/uenf.br\/cct\/lcmat\/wp-json\/wp\/v2\/media?parent=58"}],"curies":[{"name":"wp","href":"https:\/\/api.w.org\/{rel}","templated":true}]}}