{"id":2,"date":"2017-03-22T12:52:58","date_gmt":"2017-03-22T15:52:58","guid":{"rendered":"http:\/\/uenf.br\/cct\/lcqui\/?page_id=2"},"modified":"2021-09-27T16:28:29","modified_gmt":"2021-09-27T19:28:29","slug":"apresentacao","status":"publish","type":"page","link":"https:\/\/uenf.br\/cct\/lcqui\/","title":{"rendered":"Apresenta\u00e7\u00e3o"},"content":{"rendered":"<p>As atividades do LCQUI destinam-se principalmente \u00e0\u00a0forma\u00e7\u00e3o de recursos humanos qualificados e gera\u00e7\u00e3o de novos conhecimentos cient\u00edficos, contribuindo efetivamente para o desempenho das fun\u00e7\u00f5es primordiais das universidades e essenciais para promover o desenvolvimento da educa\u00e7\u00e3o, da ci\u00eancia e da tecnologia do Munic\u00edpio, do Estado e do Pa\u00eds, contemplando as necessidades e aspira\u00e7\u00f5es da sociedade.<\/p>\n<p>Atua\u00e7\u00e3o<\/p>\n<p>Al\u00e9m de ministrar as disciplinas obrigat\u00f3rias para curr\u00edculos de sete cursos da UENF, cursos de bacharelado, licenciatura e p\u00f3s-gradua\u00e7\u00e3o em Ci\u00eancias Naturais, no Laborat\u00f3rio de Qu\u00edmica desenvolve-se pesquisa te\u00f3rica e aplicada em produtos naturais, qu\u00edmica org\u00e2nica e qu\u00edmica fina, qu\u00edmica ambiental, fotoqu\u00edmica, qu\u00edmica bioinorg\u00e2nica, f\u00edsico-qu\u00edmica e cat\u00e1lise e \u00e1reas multidisciplinais, que produzem um n\u00famero expressivo de publica\u00e7\u00f5es entre artigos cient\u00edficos, teses, disserta\u00e7\u00f5es, livros e monografias.<\/p>\n<p>Instala\u00e7\u00f5es<\/p>\n<p>O LCQUI, est\u00e1 instalado na \u00e1rea ocupada pelo Centro de Ci\u00eancia e Tecnologia -CCT, distribu\u00eddo entre os pr\u00e9dios\u00a0anexo, o P-3 e o P-5. Nele trabalham 17 professores\/pesquisadores, corpo t\u00e9cnico-administrativo de 05 profissionais e 31 bolsistas de p\u00f3s-gradua\u00e7\u00e3o e gradua\u00e7\u00e3o.<\/p>\n<p>Equipamentos<\/p>\n<p>O Laborat\u00f3rio foi contemplado com aux\u00edlios da FAPERJ e CNPq para aquisi\u00e7\u00e3o de cromotografo l\u00edquido de alta efici\u00eancia (CLAE), ultravioleta vis\u00edvel (UV-Vis), cromat\u00f3grafo gasoso, polar\u00edmetro digital, infravermelho com transformada de Fourier (IV-TF), cromat\u00f3grafo de g\u00e1s acoplado a espectr\u00f4metro de massas (CG\/EM) e resson\u00e2ncia magn\u00e9tica nuclear (RMN) com capacidade para experi\u00eancias uni-(1D) e bidimensional (2D) e opera\u00e7\u00e3o a 400 MHz para hidrog\u00eanio (RMN 1H) e 100 MHz para carbono-13 (RMN13C). Tais aparelhos encontram-se em pleno funcionamento, permitindo o desenvolvimento das atividades de ensino (Gradua\u00e7\u00e3o e P\u00f3s-Gradua\u00e7\u00e3o) e pesquisa dos professores no patamar superior do cen\u00e1rio da qu\u00edmica nacional.<\/p>\n","protected":false},"excerpt":{"rendered":"<p>As atividades do LCQUI destinam-se principalmente \u00e0\u00a0forma\u00e7\u00e3o de recursos humanos qualificados e gera\u00e7\u00e3o de novos conhecimentos cient\u00edficos, contribuindo efetivamente para&#8230;<\/p>\n","protected":false},"author":17,"featured_media":0,"parent":0,"menu_order":0,"comment_status":"closed","ping_status":"closed","template":"","meta":{"footnotes":""},"class_list":["post-2","page","type-page","status-publish","hentry"],"_links":{"self":[{"href":"https:\/\/uenf.br\/cct\/lcqui\/wp-json\/wp\/v2\/pages\/2","targetHints":{"allow":["GET"]}}],"collection":[{"href":"https:\/\/uenf.br\/cct\/lcqui\/wp-json\/wp\/v2\/pages"}],"about":[{"href":"https:\/\/uenf.br\/cct\/lcqui\/wp-json\/wp\/v2\/types\/page"}],"author":[{"embeddable":true,"href":"https:\/\/uenf.br\/cct\/lcqui\/wp-json\/wp\/v2\/users\/17"}],"replies":[{"embeddable":true,"href":"https:\/\/uenf.br\/cct\/lcqui\/wp-json\/wp\/v2\/comments?post=2"}],"version-history":[{"count":0,"href":"https:\/\/uenf.br\/cct\/lcqui\/wp-json\/wp\/v2\/pages\/2\/revisions"}],"wp:attachment":[{"href":"https:\/\/uenf.br\/cct\/lcqui\/wp-json\/wp\/v2\/media?parent=2"}],"curies":[{"name":"wp","href":"https:\/\/api.w.org\/{rel}","templated":true}]}}