{"id":1062,"date":"2015-01-19T12:02:42","date_gmt":"2015-01-19T12:02:42","guid":{"rendered":"http:\/\/uenf.br\/cct\/leciv\/?page_id=1062"},"modified":"2016-12-12T12:19:02","modified_gmt":"2016-12-12T12:19:02","slug":"wendell-dias-pinto-titulado-no-extinto-ppg-em-ciencias-de-engenharia-geotecnia","status":"publish","type":"page","link":"https:\/\/uenf.br\/cct\/leciv\/pos-graduacao\/dissertacoes-de-mestrado\/wendell-dias-pinto-titulado-no-extinto-ppg-em-ciencias-de-engenharia-geotecnia\/","title":{"rendered":"Wendell Dias Pinto &#8211; Titulado no Extinto PPG em Ci\u00eancias de Engenharia-Geotecnia"},"content":{"rendered":"<p><em>Orientador: <\/em>Fernando Saboya Albuquerque<\/p>\n<p>&nbsp;<\/p>\n<p><em>N\u00edvel: <\/em>Mestrado<\/p>\n<p>&nbsp;<\/p>\n<p><strong><em>\u00c1rea de Concentra\u00e7\u00e3o:<\/em><\/strong> Geotecnia<\/p>\n<p>&nbsp;<\/p>\n<p><strong><em>Situa\u00e7\u00e3o:<\/em><\/strong> em andamento<\/p>\n<p>&nbsp;<\/p>\n<p><strong><em>Resumo: <\/em><\/strong><\/p>\n","protected":false},"excerpt":{"rendered":"<p>Orientador: Fernando Saboya Albuquerque &nbsp; N\u00edvel: Mestrado &nbsp; \u00c1rea de Concentra\u00e7\u00e3o: Geotecnia &nbsp; Situa\u00e7\u00e3o: em andamento &nbsp; Resumo:<\/p>\n","protected":false},"author":8,"featured_media":0,"parent":807,"menu_order":89,"comment_status":"open","ping_status":"open","template":"","meta":{"footnotes":""},"class_list":["post-1062","page","type-page","status-publish","hentry"],"_links":{"self":[{"href":"https:\/\/uenf.br\/cct\/leciv\/wp-json\/wp\/v2\/pages\/1062","targetHints":{"allow":["GET"]}}],"collection":[{"href":"https:\/\/uenf.br\/cct\/leciv\/wp-json\/wp\/v2\/pages"}],"about":[{"href":"https:\/\/uenf.br\/cct\/leciv\/wp-json\/wp\/v2\/types\/page"}],"author":[{"embeddable":true,"href":"https:\/\/uenf.br\/cct\/leciv\/wp-json\/wp\/v2\/users\/8"}],"replies":[{"embeddable":true,"href":"https:\/\/uenf.br\/cct\/leciv\/wp-json\/wp\/v2\/comments?post=1062"}],"version-history":[{"count":0,"href":"https:\/\/uenf.br\/cct\/leciv\/wp-json\/wp\/v2\/pages\/1062\/revisions"}],"up":[{"embeddable":true,"href":"https:\/\/uenf.br\/cct\/leciv\/wp-json\/wp\/v2\/pages\/807"}],"wp:attachment":[{"href":"https:\/\/uenf.br\/cct\/leciv\/wp-json\/wp\/v2\/media?parent=1062"}],"curies":[{"name":"wp","href":"https:\/\/api.w.org\/{rel}","templated":true}]}}