{"id":1064,"date":"2015-01-19T12:03:43","date_gmt":"2015-01-19T12:03:43","guid":{"rendered":"http:\/\/uenf.br\/cct\/leciv\/?page_id=1064"},"modified":"2016-12-12T12:10:44","modified_gmt":"2016-12-12T12:10:44","slug":"wllises-menezes-afonso-estruturas","status":"publish","type":"page","link":"https:\/\/uenf.br\/cct\/leciv\/pos-graduacao\/dissertacoes-de-mestrado\/wllises-menezes-afonso-estruturas\/","title":{"rendered":"Wllises Menezes Afonso-Estruturas"},"content":{"rendered":"<p><strong>Caracteriza\u00e7\u00e3o de Res\u00edduo de Corte de Rochas na produ\u00e7\u00e3o de Argamassas <\/strong><\/p>\n<p><em>Orientador:<\/em> Jean Marie D\u00e9sir<br \/>\n<em>N\u00edvel:<\/em> Mestrado<br \/>\n<em>\u00c1rea de Concentra\u00e7\u00e3o:<\/em> Estruturas<br \/>\n<em>Situa\u00e7\u00e3o:<\/em> \u00a0Conclu\u00eddo\u00a0\/ Janeiro\u00a02005<\/p>\n<p><em>Resumo:<\/em> A constru\u00e7\u00e3o civil consome grande volume de recursos naturais, gerando enorme quantidade de rejeitos, sendo um dos setores mais indicados para o aproveitamento de res\u00edduos s\u00f3lidos, apresentando-se como excelente alternativa para diminui\u00e7\u00e3o do impacto ambiental. O res\u00edduo gerado no beneficiamento de rochas ornamentais, resultante do processo de serragem de blocos de rochas, onde parte da pe\u00e7a \u00e9 transformada em p\u00f3, geralmente \u00e9 depositado nos p\u00e1tios das empresas, por n\u00e3o ter destina\u00e7\u00e3o espec\u00edfica. Somente o munic\u00edpio de Santo Ant\u00f4nio de P\u00e1dua \u00e9 respons\u00e1vel pela gera\u00e7\u00e3o de cerca de 8640 toneladas\/ano. A necessidade de definir um destino sistem\u00e1tico para este res\u00edduo motivou a realiza\u00e7\u00e3o de um programa experimental visando \u00e0 avalia\u00e7\u00e3o da viabilidade de incorpora\u00e7\u00e3o deste res\u00edduo de corte de rochas (RCR) em argamassas. Assim, foi realizado um conjunto de ensaios para sua caracteriza\u00e7\u00e3o f\u00edsica, qu\u00edmica e mec\u00e2nica, tais como: an\u00e1lises granulom\u00e9tricas, finura, composi\u00e7\u00f5es qu\u00edmica e mineral\u00f3gica e potencial de oxida\u00e7\u00e3o. A partir dos resultados preliminares favor\u00e1veis em tra\u00e7os para revestimento e assentamento, passou-se ao estudo de dosagens experimentais, visando \u00e0 determina\u00e7\u00e3o dos tra\u00e7os representativos, considerando a possibilidade de aumento da incorpora\u00e7\u00e3o do RCR e diminui\u00e7\u00e3o do consumo de cimento. Nos ensaios realizados, os par\u00e2metros considerados, segundo normas brasileiras, foram as resist\u00eancias \u00e0 compress\u00e3o, de ader\u00eancia, \u00e0 tra\u00e7\u00e3o por compress\u00e3o diametral, o teor de ar incorporado, a reten\u00e7\u00e3o de \u00e1gua, o m\u00f3dulo de deforma\u00e7\u00e3o e as absor\u00e7\u00f5es de \u00e1gua por capilaridade e imers\u00e3o. Outros fatores importantes analisados foram a plasticidade, aplicabilidade e a durabilidade sob condi\u00e7\u00f5es adversas de temperatura e umidade. Os resultados mostraram que o RCR tem grande viabilidade quanto seu emprego em argamassas que, nesta nova composi\u00e7\u00e3o, al\u00e9m de ecologicamente correta, mostrou-se dur\u00e1vel, com bom desempenho mec\u00e2nico e ainda com menor custo de produ\u00e7\u00e3o.<\/p>\n<p>&nbsp;<\/p>\n<p><a href=\"http:\/\/uenf.br\/cct\/leciv\/files\/2015\/01\/LECIV_1693_1171392202.pdf\">Download aqui!<\/a><\/p>\n","protected":false},"excerpt":{"rendered":"<p>Caracteriza\u00e7\u00e3o de Res\u00edduo de Corte de Rochas na produ\u00e7\u00e3o de Argamassas Orientador: Jean Marie D\u00e9sir N\u00edvel: Mestrado \u00c1rea de Concentra\u00e7\u00e3o:&#8230;<\/p>\n","protected":false},"author":8,"featured_media":0,"parent":807,"menu_order":90,"comment_status":"open","ping_status":"open","template":"","meta":{"footnotes":""},"class_list":["post-1064","page","type-page","status-publish","hentry"],"_links":{"self":[{"href":"https:\/\/uenf.br\/cct\/leciv\/wp-json\/wp\/v2\/pages\/1064","targetHints":{"allow":["GET"]}}],"collection":[{"href":"https:\/\/uenf.br\/cct\/leciv\/wp-json\/wp\/v2\/pages"}],"about":[{"href":"https:\/\/uenf.br\/cct\/leciv\/wp-json\/wp\/v2\/types\/page"}],"author":[{"embeddable":true,"href":"https:\/\/uenf.br\/cct\/leciv\/wp-json\/wp\/v2\/users\/8"}],"replies":[{"embeddable":true,"href":"https:\/\/uenf.br\/cct\/leciv\/wp-json\/wp\/v2\/comments?post=1064"}],"version-history":[{"count":0,"href":"https:\/\/uenf.br\/cct\/leciv\/wp-json\/wp\/v2\/pages\/1064\/revisions"}],"up":[{"embeddable":true,"href":"https:\/\/uenf.br\/cct\/leciv\/wp-json\/wp\/v2\/pages\/807"}],"wp:attachment":[{"href":"https:\/\/uenf.br\/cct\/leciv\/wp-json\/wp\/v2\/media?parent=1064"}],"curies":[{"name":"wp","href":"https:\/\/api.w.org\/{rel}","templated":true}]}}