{"id":1067,"date":"2015-01-19T12:04:11","date_gmt":"2015-01-19T12:04:11","guid":{"rendered":"http:\/\/uenf.br\/cct\/leciv\/?page_id=1067"},"modified":"2016-12-12T12:10:12","modified_gmt":"2016-12-12T12:10:12","slug":"zelia-maria-peixoto-chrispim-geotecnia","status":"publish","type":"page","link":"https:\/\/uenf.br\/cct\/leciv\/pos-graduacao\/dissertacoes-de-mestrado\/zelia-maria-peixoto-chrispim-geotecnia\/","title":{"rendered":"Z\u00e9lia Maria Peixoto Chrispim &#8211; Geotecnia"},"content":{"rendered":"<p><strong>LEVANTAMENTO E CARACTERIZA\u00c7\u00c3O DE MATERIAIS GEOL\u00d3GICOS DAS REGI\u00d5ES NORTE E NOROESTE FLUMINENSE PARA PRODU\u00c7\u00c3O DE ENGOBES. <\/strong><\/p>\n<p><i>Orientador: Maria da Gl\u00f3ria Alves <\/i><i><br \/>\n<\/i><i>N\u00edvel: Mestrado <\/i><i><br \/>\n<\/i><i>\u00c1rea de Concentra\u00e7\u00e3o: Geotecnia <\/i><i><br \/>\n<\/i><i>Situa\u00e7\u00e3o: Conclu\u00edda \u2013 maio\/2011 <\/i><i><br \/>\n<\/i><i><br \/>\n<\/i><\/p>\n<p><i>Resumo<\/i>: O presente trabalho faz parte de uma pesquisa que vem sendo realizada na Universidade Estadual Norte Fluminense, no \u00e2mbito do Projeto Caminhos de Barro, tendo como \u00eanfase, os materiais geol\u00f3gicos pass\u00edveis de serem empregados para a produ\u00e7\u00e3o de engobe, que pode ser definido como uma mistura de argila l\u00edquida, de \u00f3xidos e de outros componente.<br \/>\nSendo esse utilizado como selante na engenharia civil, acabamento e decora\u00e7\u00e3o de artefatos cer\u00e2micos. No processo hist\u00f3rico da cer\u00e2mica, os engobes apareceram muito antes do que os esmaltes. Foram muito bem utilizados pelos Eg\u00edpcios, pelos Gregos e pelos Romanos, tendo-se estendido no s\u00e9culo XVIII pela Inglaterra e restante da Europa. A car\u00eancia de estudos sobre materiais geol\u00f3gicos nas regi\u00f5es Norte e Noroeste Fluminense, para a produ\u00e7\u00e3o de engobes, possibilitou o desenvolvimento desta pesquisa. Para tal, utilizou-se a seguinte metodologia: levantamento de campo; caracteriza\u00e7\u00e3o f\u00edsica, qu\u00edmica e mineral\u00f3gica desses materiais; confec\u00e7\u00e3o de corpos de provas; produ\u00e7\u00e3o e aplica\u00e7\u00e3o de engobes; queima nas distintas temperaturas (700\u00baC e 1050\u00baC) e caracteriza\u00e7\u00e3o das cores, utilizando o Sistema de M\u00fcnsell. Foram resultados da pesquisa: localiza\u00e7\u00e3o e espacializa\u00e7\u00e3o dos pontos de coleta no mapa geol\u00f3gico; tabela com caracteriza\u00e7\u00e3o f\u00edsica dos materiais; gr\u00e1fico com a granulometria das amostras; tabela com caracteriza\u00e7\u00e3o qu\u00edmica dos materiais geol\u00f3gicos; identifica\u00e7\u00e3o mineralogia das amostras; tabelas de cores, segundo o Sistema de M\u00fcnsell e cria\u00e7\u00e3o de um quadro que permitiu a visualiza\u00e7\u00e3o de<br \/>\ntodos os materiais e os produtos obtidos com a metodologia utilizada, o que permitiu observar a ampla variedade de cores obtidas, com diversas tonalidades (Marrom, rosa, branco, bege, laranja). Isso pode ser devido \u00e0 variedade e quantidade de elementos qu\u00edmicos encontrados nos materiais coletados. Em rela\u00e7\u00e3o ao a mineralogia as amostras apresentaram basicamente a mesma estrutura cristalina, sendo essas as seguintes: Caulinita (Al2O3. 2SiO2. 2H2O &#8211; mineral predominante), Mineral Mic\u00e1ceo (ilita\/ mica muscovita) , Goethita (Al(OH)3), Gibssita (Al(OH)3) e Hematita<br \/>\n(Fe2O3).<\/p>\n","protected":false},"excerpt":{"rendered":"<p>LEVANTAMENTO E CARACTERIZA\u00c7\u00c3O DE MATERIAIS GEOL\u00d3GICOS DAS REGI\u00d5ES NORTE E NOROESTE FLUMINENSE PARA PRODU\u00c7\u00c3O DE ENGOBES. Orientador: Maria da Gl\u00f3ria&#8230;<\/p>\n","protected":false},"author":8,"featured_media":0,"parent":807,"menu_order":91,"comment_status":"open","ping_status":"open","template":"","meta":{"footnotes":""},"class_list":["post-1067","page","type-page","status-publish","hentry"],"_links":{"self":[{"href":"https:\/\/uenf.br\/cct\/leciv\/wp-json\/wp\/v2\/pages\/1067","targetHints":{"allow":["GET"]}}],"collection":[{"href":"https:\/\/uenf.br\/cct\/leciv\/wp-json\/wp\/v2\/pages"}],"about":[{"href":"https:\/\/uenf.br\/cct\/leciv\/wp-json\/wp\/v2\/types\/page"}],"author":[{"embeddable":true,"href":"https:\/\/uenf.br\/cct\/leciv\/wp-json\/wp\/v2\/users\/8"}],"replies":[{"embeddable":true,"href":"https:\/\/uenf.br\/cct\/leciv\/wp-json\/wp\/v2\/comments?post=1067"}],"version-history":[{"count":0,"href":"https:\/\/uenf.br\/cct\/leciv\/wp-json\/wp\/v2\/pages\/1067\/revisions"}],"up":[{"embeddable":true,"href":"https:\/\/uenf.br\/cct\/leciv\/wp-json\/wp\/v2\/pages\/807"}],"wp:attachment":[{"href":"https:\/\/uenf.br\/cct\/leciv\/wp-json\/wp\/v2\/media?parent=1067"}],"curies":[{"name":"wp","href":"https:\/\/api.w.org\/{rel}","templated":true}]}}