{"id":1104,"date":"2015-01-20T11:55:25","date_gmt":"2015-01-20T11:55:25","guid":{"rendered":"http:\/\/uenf.br\/cct\/leciv\/?page_id=1104"},"modified":"2016-01-12T16:36:00","modified_gmt":"2016-01-12T16:36:00","slug":"rodrigo-mariano-da-silva-moises-duarte-soares-e-diego-tudesco-moreira-rocha","status":"publish","type":"page","link":"https:\/\/uenf.br\/cct\/leciv\/graduacao\/projetos-finais\/rodrigo-mariano-da-silva-moises-duarte-soares-e-diego-tudesco-moreira-rocha\/","title":{"rendered":"Rodrigo Mariano da Silva, Mois\u00e9s Duarte Soares e Diego Tudesco Moreira Rocha"},"content":{"rendered":"<p><strong>Projeto de Dimensionamento de uma C\u00e9lula de Armazenamento de Min\u00e9rio de Ferro Oriundo de Processo de Beneficiamento<\/strong><\/p>\n<p><em>Orientador:<br \/>\n<\/em>Prof. S\u00e9rgio Tibana<br \/>\n<em>Comiss\u00e3o Examinadora:<br \/>\n<\/em>Prof. S\u00e9rgio Tibana<br \/>\nProf. Fernando Saboya Albuquerque J\u00fanior<br \/>\nPatr\u00edcia Habib Hallak<\/p>\n<p><em>Data\u00a0da Defesa:<\/em> Dezembro de 2008<\/p>\n<p><em>Resumo:<\/em> Este projeto tem como objetivo apresentar uma alternativa \u2013 em caso de manuten\u00e7\u00e3o ou inopera\u00e7\u00e3o na unidade de processamento para o min\u00e9rio de ferro proveniente do quadril\u00e1tero ferr\u00edfero localizado no Estado de Minas Gerais. Este, por meio do modal dutovia, chega ao Porto do A\u00e7u, localizado na praia do A\u00e7u \u2013 Atafona \u2013 S\u00e3o Jo\u00e3o da Barra\/RJ. O empreendimento engloba a esta\u00e7\u00e3o de filtragem, a \u00e1rea do POUND e a usina de pelotiza\u00e7\u00e3o. A \u00e1rea de POUND \u00e9 abordada pelo projeto, sendo composta por tr\u00eas partes. A abordagem desta \u00e1rea engloba a barragem, a c\u00e9lula de armazenamento e o min\u00e9rio propriamente dito. Os problemas de instabilidade global foram calculados com base em uma situa\u00e7\u00e3o cr\u00edtica de solo totalmente saturado e carregado pelo min\u00e9rio. Todos os resultados obtidos visavam a majora\u00e7\u00e3o da seguran\u00e7a. Para a an\u00e1lise de estabilidade, utilizou-se o programa SLOPE\/W \u2013 Geotechnical Engineering Software \u2013 GEO-SLOPE International Ltd. Na an\u00e1lise de estabilidade n\u00e3o foi considerada sobrecarga sobre a sec\u00e7\u00e3o t\u00edpica. A sec\u00e7\u00e3o da barragem adota forma trapezoidal dotada de sistemas de refor\u00e7o com geogrelhas devido \u00e0s suas caracter\u00edsticas de resist\u00eancia \u00e0 tra\u00e7\u00e3o ou de sistema de drenagem interna, sendo realizadas an\u00e1lises de verifica\u00e7\u00e3o. O peso espec\u00edfico adotado a princ\u00edpio para o aterro da barragem foi de 17,2 kN\/m3. Os resultados apresentados na condi\u00e7\u00e3o saturada e n\u00e3o drenada demonstraram a necessidade de inser\u00e7\u00e3o de camadas de refor\u00e7o. Os obtidos na condi\u00e7\u00e3o saturada e drenada demonstraram a necessidade de apenas um sistema drenante em esteira. Conclui-se, atrav\u00e9s da an\u00e1lise de estabilidade, que o aterro refor\u00e7ado e o aterro drenado tem capacidade de suporte para a carga transmitida pelo min\u00e9rio.<\/p>\n","protected":false},"excerpt":{"rendered":"<p>Projeto de Dimensionamento de uma C\u00e9lula de Armazenamento de Min\u00e9rio de Ferro Oriundo de Processo de Beneficiamento Orientador: Prof. S\u00e9rgio&#8230;<\/p>\n","protected":false},"author":8,"featured_media":0,"parent":350,"menu_order":1,"comment_status":"open","ping_status":"open","template":"","meta":{"footnotes":""},"class_list":["post-1104","page","type-page","status-publish","hentry"],"_links":{"self":[{"href":"https:\/\/uenf.br\/cct\/leciv\/wp-json\/wp\/v2\/pages\/1104","targetHints":{"allow":["GET"]}}],"collection":[{"href":"https:\/\/uenf.br\/cct\/leciv\/wp-json\/wp\/v2\/pages"}],"about":[{"href":"https:\/\/uenf.br\/cct\/leciv\/wp-json\/wp\/v2\/types\/page"}],"author":[{"embeddable":true,"href":"https:\/\/uenf.br\/cct\/leciv\/wp-json\/wp\/v2\/users\/8"}],"replies":[{"embeddable":true,"href":"https:\/\/uenf.br\/cct\/leciv\/wp-json\/wp\/v2\/comments?post=1104"}],"version-history":[{"count":0,"href":"https:\/\/uenf.br\/cct\/leciv\/wp-json\/wp\/v2\/pages\/1104\/revisions"}],"up":[{"embeddable":true,"href":"https:\/\/uenf.br\/cct\/leciv\/wp-json\/wp\/v2\/pages\/350"}],"wp:attachment":[{"href":"https:\/\/uenf.br\/cct\/leciv\/wp-json\/wp\/v2\/media?parent=1104"}],"curies":[{"name":"wp","href":"https:\/\/api.w.org\/{rel}","templated":true}]}}