{"id":111,"date":"2014-12-11T12:08:22","date_gmt":"2014-12-11T12:08:22","guid":{"rendered":"http:\/\/uenf.br\/cct\/leciv\/?page_id=111"},"modified":"2017-01-04T18:44:45","modified_gmt":"2017-01-04T18:44:45","slug":"eenge-15","status":"publish","type":"page","link":"https:\/\/uenf.br\/cct\/leciv\/graduacao\/eenge-15\/","title":{"rendered":"EENGE"},"content":{"rendered":"<p class=\"font_8\" style=\"text-align: justify\"><span class=\"color_11\">A Universidade Estadual do Norte Fluminense Darcy Ribeiro (UENF), localizada em Campos dos Goytacazes, tem constantemente promovido eventos que buscam a divulga\u00e7\u00e3o de pesquisas, inova\u00e7\u00f5es de mercado e de integra\u00e7\u00e3o com a sociedade.<\/span>\u00a0<span class=\"color_11\">\u00a0O EENGE \u00e9 um evento organizado pelos estudantes e abrange as \u00e1reas dos cursos de Engenharia Civil, Engenharia de Produ\u00e7\u00e3o, Engenharia Metal\u00fargica e de Materiais e \u00e9 realizado no Centro de Conven\u00e7\u00f5es da UENF.\u00a0<\/span><span class=\"color_11\">O evento tem por objetivo ampliar o interc\u00e2mbio de informa\u00e7\u00f5es e ideias entre profissionais, pesquisadores, professores e estudantes, o aprimoramento t\u00e9cnico-cient\u00edfico dos participantes e o conhecimento das novas tecnologias dispon\u00edveis, al\u00e9m de possibilitar um diagn\u00f3stico sobre o mercado de trabalho.<br \/>\nVejam nos links a programa\u00e7\u00e3o do evento em 2015 e a apresenta\u00e7\u00e3o do EENGE de 2016.<br \/>\nVale a pena conferir!<\/span><\/p>\n<p class=\"font_8\" style=\"text-align: justify\"><strong>\u00a0<\/strong><a href=\"https:\/\/www.youtube.com\/watch?v=wMc4w-VFf9U\">17\u00b0 EENGE &#8211; Encontro de Engenharias da UENF<\/a><\/p>\n<p class=\"font_8\" style=\"text-align: justify\"><a href=\"http:\/\/uenf.br\/cct\/leciv\/graduacao\/16-eenge-encontro-de-engenharias-da-uenf\/\"><strong>16\u00b0 EENGE &#8211; Encontro de Engenharias da Uenf<\/strong><\/a><\/p>\n<p>&nbsp;<\/p>\n<p>&nbsp;<\/p>\n<p>&nbsp;<\/p>\n","protected":false},"excerpt":{"rendered":"<p>A Universidade Estadual do Norte Fluminense Darcy Ribeiro (UENF), localizada em Campos dos Goytacazes, tem constantemente promovido eventos que buscam&#8230;<\/p>\n","protected":false},"author":8,"featured_media":0,"parent":33,"menu_order":7,"comment_status":"open","ping_status":"open","template":"","meta":{"footnotes":""},"class_list":["post-111","page","type-page","status-publish","hentry"],"_links":{"self":[{"href":"https:\/\/uenf.br\/cct\/leciv\/wp-json\/wp\/v2\/pages\/111","targetHints":{"allow":["GET"]}}],"collection":[{"href":"https:\/\/uenf.br\/cct\/leciv\/wp-json\/wp\/v2\/pages"}],"about":[{"href":"https:\/\/uenf.br\/cct\/leciv\/wp-json\/wp\/v2\/types\/page"}],"author":[{"embeddable":true,"href":"https:\/\/uenf.br\/cct\/leciv\/wp-json\/wp\/v2\/users\/8"}],"replies":[{"embeddable":true,"href":"https:\/\/uenf.br\/cct\/leciv\/wp-json\/wp\/v2\/comments?post=111"}],"version-history":[{"count":0,"href":"https:\/\/uenf.br\/cct\/leciv\/wp-json\/wp\/v2\/pages\/111\/revisions"}],"up":[{"embeddable":true,"href":"https:\/\/uenf.br\/cct\/leciv\/wp-json\/wp\/v2\/pages\/33"}],"wp:attachment":[{"href":"https:\/\/uenf.br\/cct\/leciv\/wp-json\/wp\/v2\/media?parent=111"}],"curies":[{"name":"wp","href":"https:\/\/api.w.org\/{rel}","templated":true}]}}