{"id":115,"date":"2014-12-11T12:11:10","date_gmt":"2014-12-11T12:11:10","guid":{"rendered":"http:\/\/uenf.br\/cct\/leciv\/?page_id=115"},"modified":"2017-08-21T19:29:22","modified_gmt":"2017-08-21T19:29:22","slug":"ementario-das-disciplinas","status":"publish","type":"page","link":"https:\/\/uenf.br\/cct\/leciv\/graduacao\/ementario-das-disciplinas\/","title":{"rendered":"Ement\u00e1rio das disciplinas"},"content":{"rendered":"<div><\/div>\n<div id=\"tituloPrincipal\"><strong>N\u00facleos<\/strong><\/div>\n<p><strong>&#8211; N\u00facleo B\u00e1sico &#8211;<\/strong><\/p>\n<div id=\"materiaPrincipal\">\n<p align=\"justify\">\u00c1lgebra Linear \u00a0(<a href=\"http:\/\/uenf.br\/cct\/leciv\/files\/2014\/12\/MAT01204-\u00c1lgebra-Linear.pdf\">MAT01204<\/a>)<br \/>\nC\u00e1lculo Diferencial e Integral I \u00a0 (<a href=\"http:\/\/uenf.br\/cct\/leciv\/files\/2014\/12\/MAT01101-C\u00e1lculo-Diferencial-e-Integral-I.pdf\">MAT01101<\/a>)<br \/>\nC\u00e1lculo Diferencial e Integral II \u00a0(<a href=\"http:\/\/uenf.br\/cct\/leciv\/files\/2014\/12\/MAT01203-C\u00e1lculo-Diferencial-e-Integral-II.pdf\">MAT01203<\/a>)<br \/>\nC\u00e1lculo Diferencial e Integral III \u00a0(<a href=\"http:\/\/uenf.br\/cct\/leciv\/files\/2014\/12\/MAT01105-C\u00e1lculo-Diferencial-e-Integral-III.pdf\">MAT01105<\/a>)<br \/>\nDesenho T\u00e9cnico (<a href=\"http:\/\/uenf.br\/cct\/leciv\/files\/2014\/12\/CIV01151-Desenho-T\u00e9cnico.pdf\">CIV01151<\/a>)<br \/>\nF\u00edsica Geral I (<a href=\"http:\/\/uenf.br\/cct\/leciv\/files\/2014\/12\/FIS01202-F\u00cdSICA-GERAL-I.pdf\">FIS01202<\/a>)<br \/>\nF\u00edsica Geral II \u00a0(<a href=\"http:\/\/uenf.br\/cct\/leciv\/files\/2014\/12\/FIS01103-F\u00cdSICA-GERAL-II.pdf\">FIS01103)\u00a0<\/a><br \/>\nF\u00edsica Geral III \u00a0(<a href=\"http:\/\/uenf.br\/cct\/leciv\/files\/2014\/12\/FIS01205-Fisica-Geral-III.pdf\">FIS01205<\/a>)<br \/>\nPortugu\u00eas Instrumental I \u00a0\u00a0(<a href=\"http:\/\/uenf.br\/cct\/leciv\/files\/2014\/12\/LEL04101-Portugu\u00eas-Instrumental-I.pdf\">LEL04101<\/a>)<br \/>\nPortugu\u00eas Instrumental II (<a href=\"http:\/\/uenf.br\/cct\/leciv\/files\/2014\/12\/LEL04202-Portugu\u00eas-Instrumental-II.pdf\">LEL04202 <\/a>)<br \/>\nQu\u00edmica Geral I \u00a0(<a href=\"http:\/\/uenf.br\/cct\/leciv\/files\/2014\/12\/QUI01102-Quimica-Geral-I.pdf\">QUI01102<\/a>)<br \/>\nQu\u00edmica Geral II \u00a0(<a href=\"http:\/\/uenf.br\/cct\/leciv\/files\/2014\/12\/QUI01203-Qu\u00edmica-Geral-II.pdf\">QUI01203<\/a>)<\/p>\n<p><strong>&#8211; N\u00facleo Profissionalizantes &#8211;<br \/>\n<\/strong>An\u00e1lise Econ\u00f4mica de Sistemas de Engenharia (<a href=\"http:\/\/uenf.br\/cct\/leciv\/files\/2014\/12\/PRO01431-An\u00e1lise-Econ\u00f4mica-de-Sistemas-de-Engenharia.pdf\">PRO01431<\/a>)<br \/>\nAn\u00e1lise Estrutural I \u00a0(<a href=\"http:\/\/uenf.br\/cct\/leciv\/files\/2014\/12\/CIV01317-An\u00e1lise-Estrutural-I1.pdf\">CIV01317 <\/a>)<br \/>\nC\u00e1lculo Num\u00e9rico \u00a0\u00a0(<a href=\"http:\/\/uenf.br\/cct\/leciv\/files\/2014\/12\/MAT01207-C\u00e1lculo-Num\u00e9rico1.pdf\">MAT01207 <\/a>)<br \/>\nConstru\u00e7\u00e3o Civil \u00a0(<a href=\"http:\/\/uenf.br\/cct\/leciv\/files\/2014\/12\/CIV01436-Constru\u00e7\u00e3o-Civil1.pdf\">CIV01436 <\/a>)<br \/>\nEletrot\u00e9cnica Geral \u00a0(<a href=\"http:\/\/uenf.br\/cct\/leciv\/files\/2014\/12\/CCT01331-Eletrot\u00e9cnica-Geral.pdf\">CCT01331<\/a>)<br \/>\n\u00c9tica Profissional \u00a0(<a href=\"http:\/\/uenf.br\/cct\/leciv\/files\/2014\/12\/CCT01332-\u00c9tica-Profissional1.pdf\">CCT01332 <\/a>)<br \/>\nFen\u00f4menos de Transporte \u00a0(<a href=\"http:\/\/uenf.br\/cct\/leciv\/files\/2014\/12\/CCT01221-Fen\u00f4menos-dos-Transportes.pdf\">CCT01221 <\/a>)<br \/>\nFundamentos da Ci\u00eancia da Computa\u00e7\u00e3o \u00a0(<a href=\"http:\/\/uenf.br\/cct\/leciv\/files\/2014\/12\/MAT01102-Fundamentos-da-Ci\u00eancia-da-Computa\u00e7\u00e3o1.pdf\">MAT01102 <\/a>)<br \/>\nGeologia Geral (<a href=\"http:\/\/uenf.br\/cct\/leciv\/files\/2014\/12\/CIV01318-Geologia-Geral1.pdf\">CIV01318 <\/a>)<br \/>\nHidr\u00e1ulica \u00a0(<a href=\"http:\/\/uenf.br\/cct\/leciv\/files\/2014\/12\/CIV01330-Hidraulica.pdf\">CIV01330<\/a>)<br \/>\nHidrologia e Recursos H\u00eddricos \u00a0(<a href=\"http:\/\/uenf.br\/cct\/leciv\/files\/2014\/12\/CIV01343-Hidrologia-e-Recursos-H\u00eddricos1.pdf\">CIV01343 <\/a>)<br \/>\nHigiene e Seguran\u00e7a do Trabalho (\u00a0<a href=\"http:\/\/uenf.br\/cct\/leciv\/files\/2014\/12\/PRO01441-Higiene-e-Seguran\u00e7a-do-Trabalho1.pdf\">PRO01441 <\/a>)<br \/>\nIntrodu\u00e7\u00e3o \u00e0 Engenharia \u00a0(<a href=\"http:\/\/uenf.br\/cct\/leciv\/files\/2014\/12\/CCT01111-Introdu\u00e7\u00e3o-\u00e0-Engenharia.pdf\">CCT01111<\/a>)<br \/>\nIntrodu\u00e7\u00e3o \u00e0 Engenharia Ambiental (<a href=\"http:\/\/uenf.br\/cct\/leciv\/files\/2014\/12\/CCT01113-Introdu\u00e7\u00e3o-\u00e0-Engenharia-Ambiental.pdf\" rel=\"\">CCT01113<\/a>)<br \/>\nIntrodu\u00e7\u00e3o \u00e0 Probabilidade e Estat\u00edstica \u00a0(<a href=\"http:\/\/uenf.br\/cct\/leciv\/files\/2014\/12\/MAT01261-Introdu\u00e7\u00e3o-a-Probabilidade-e-Estat\u00edsitca.pdf\">MAT01261 <\/a>)<br \/>\nMateriais de Constru\u00e7\u00e3o I \u00a0(<a href=\"http:\/\/uenf.br\/cct\/leciv\/files\/2014\/12\/CIV01320-Materiais-de-Constru\u00e7\u00e3o-I.pdf\">CIV01320<\/a>)<br \/>\nMec\u00e2nica dos Solos I \u00a0(<a href=\"http:\/\/uenf.br\/cct\/leciv\/files\/2014\/12\/CIV01423-Mecanica-dos-Solos-I.pdf\">CIV01423<\/a>)<br \/>\nM\u00e9todos Matem\u00e1ticos para Engenheiros \u00a0(<a href=\"http:\/\/uenf.br\/cct\/leciv\/files\/2014\/12\/MAT01106-M\u00e9todos-Matem\u00e1ticos1.pdf\">MAT01106 <\/a>)<br \/>\nPesquisa Operacional \u00a0(<a href=\"http:\/\/uenf.br\/cct\/leciv\/files\/2014\/12\/PRO01321-Pesquisa-Operacional.pdf\">PRO01321<\/a>)<br \/>\nResist\u00eancia dos Materiais \u00a0(<a href=\"http:\/\/uenf.br\/cct\/leciv\/files\/2014\/12\/CIV01422-Resist\u00eancia-dos-Materiais.pdf\">CIV01422<\/a>)<br \/>\nSaneamento e Engenharia Ambiental \u00a0(<a href=\"http:\/\/uenf.br\/cct\/leciv\/files\/2014\/12\/CIV01447-Saneamento1.pdf\">CIV01447<\/a>)<br \/>\nSistemas de Transportes \u00a0(<a href=\"http:\/\/uenf.br\/cct\/leciv\/files\/2014\/12\/PRO01341-Sistemas-de-Transporte.pdf\">PRO01341<\/a>)<br \/>\nTopografia\u00a0(<a href=\"http:\/\/uenf.br\/cct\/leciv\/files\/2014\/12\/CIV01426-Topografia.pdf\">CIV01426<\/a>)<\/p>\n<p><strong>&#8211; N\u00facleo Espec\u00edfico &#8211;<\/strong><br \/>\nAn\u00e1lise Estrutural II \u00a0(<a href=\"http:\/\/uenf.br\/cct\/leciv\/files\/2014\/12\/CIV01328-An\u00e1lise-Estrutural-II.pdf\">CIV01328<\/a>)<br \/>\nAn\u00e1lise Estrutural III\u00a0(<a href=\"http:\/\/uenf.br\/cct\/leciv\/files\/2014\/12\/CIV01433-An\u00e1lise-Estrutural-III.pdf\">CIV01433<\/a>)<br \/>\nConcreto Armado I \u00a0(<a href=\"http:\/\/uenf.br\/cct\/leciv\/files\/2014\/12\/CIV01434-Concreto-Armado-I.pdf\">CIV01434<\/a>)<br \/>\nConcreto Armado II\u00a0\u00a0(<a href=\"http:\/\/uenf.br\/cct\/leciv\/files\/2014\/12\/CIV01340-Concreto-Armado-II1.pdf\">CIV01340 <\/a>)<br \/>\nEst\u00e1gio Supervisionado\u00a0\u00a0(<a href=\"http:\/\/uenf.br\/cct\/leciv\/files\/2014\/12\/CIV01445-Est\u00e1gio-Supervisionado1.pdf\">CIV01445 <\/a>)<br \/>\nEstradas e Pavimenta\u00e7\u00e3o \u00a0(<a href=\"http:\/\/uenf.br\/cct\/leciv\/files\/2014\/12\/CIV01331-Estradas-e-Pavimenta\u00e7\u00e3o1.pdf\">CIV01331 <\/a>)<br \/>\nEstruturas de A\u00e7o e Madeira \u00a0(<a href=\"http:\/\/uenf.br\/cct\/leciv\/files\/2014\/12\/CIV01339-Estrutura-de-A\u00e7o-e-Madeira1.pdf\">CIV01339 <\/a>)<br \/>\nFunda\u00e7\u00f5es e Conten\u00e7\u00f5es \u00a0(<a href=\"http:\/\/uenf.br\/cct\/leciv\/files\/2014\/12\/CIV01341-Funda\u00e7\u00f5es-e-Conten\u00e7\u00f5es1.pdf\">CIV01341 <\/a>)<br \/>\nInstala\u00e7\u00f5es Prediais\u00a0\u00a0(<a href=\"http:\/\/uenf.br\/cct\/leciv\/files\/2014\/12\/CIV01437-Instala\u00e7\u00f5es-Prediais1.pdf\">CIV01437<\/a>)<br \/>\nMateriais de Constru\u00e7\u00e3o II \u00a0\u00a0(<a href=\"http:\/\/uenf.br\/cct\/leciv\/files\/2014\/12\/CIV01425-Materiais-de-Constru\u00e7\u00e3o-II.pdf\">CIV01425 <\/a>)<br \/>\nMec\u00e2nica dos Solos II \u00a0\u00a0(<a href=\"http:\/\/uenf.br\/cct\/leciv\/files\/2014\/12\/CIV01329-Mec\u00e2nica-dos-Solos-II1.pdf\">CIV01329 <\/a>)<br \/>\nObras Geot\u00e9cnicas \u00a0(<a href=\"http:\/\/uenf.br\/cct\/leciv\/files\/2014\/12\/CIV01342-Obras-Geot\u00e9cnicas.pdf\">CIV01342<\/a>)<br \/>\nProjeto Final \u00a0(<a href=\"http:\/\/uenf.br\/cct\/leciv\/files\/2014\/12\/CIV01444-Projeto-Final.pdf\">CIV01444 <\/a>)<br \/>\nSemin\u00e1rios de Engenharia (<a href=\"http:\/\/uenf.br\/cct\/leciv\/files\/2014\/12\/CIV01446-Semin\u00e1rios-de-Engenharia-Civil.pdf\">CIV01446<\/a>)<\/p>\n<p><strong>&#8211; Optativas Tecnol\u00f3gicas &#8211; LECIV &#8211;<\/strong><\/p>\n<p>Estruturas de Funda\u00e7\u00e3o (<a href=\"http:\/\/uenf.br\/cct\/leciv\/files\/2014\/12\/Estruturas-de-Fundacao-2017.01.pdf\">CIV01565<\/a>)<br \/>\nAplica\u00e7\u00e3o de Geossint\u00e9ticos na Engenharia Geot\u00e9cnica (<a href=\"http:\/\/uenf.br\/cct\/leciv\/files\/2014\/12\/Aplica\u00e7\u00e3o-de-Geossint\u00e9ticos-na-Engenharia-Geot\u00e9cnica.pdf\">CIV01566<\/a>)<br \/>\nDimensionamento de Geossint\u00e9ticos na Engenharia Geot\u00e9cnica (<a href=\"http:\/\/uenf.br\/cct\/leciv\/files\/2014\/12\/Dimensionamento-de-Geossint\u00e9ticos-na-Engenharia-Geot\u00e9cnica.pdf\">CIV01567<\/a>)<br \/>\nPatologia de Estruturas de Concreto Armado (<a href=\"http:\/\/uenf.br\/cct\/leciv\/files\/2014\/12\/CIV-01568-Patologia-de-Estruturas-de-Concreto-Armado.pdf\">CIV 01568<\/a>)<\/p>\n<p>&nbsp;<\/p>\n<\/div>\n","protected":false},"excerpt":{"rendered":"<p>N\u00facleos &#8211; N\u00facleo B\u00e1sico &#8211; \u00c1lgebra Linear \u00a0(MAT01204) C\u00e1lculo Diferencial e Integral I \u00a0 (MAT01101) C\u00e1lculo Diferencial e Integral II&#8230;<\/p>\n","protected":false},"author":8,"featured_media":0,"parent":33,"menu_order":8,"comment_status":"open","ping_status":"open","template":"","meta":{"footnotes":""},"class_list":["post-115","page","type-page","status-publish","hentry"],"_links":{"self":[{"href":"https:\/\/uenf.br\/cct\/leciv\/wp-json\/wp\/v2\/pages\/115","targetHints":{"allow":["GET"]}}],"collection":[{"href":"https:\/\/uenf.br\/cct\/leciv\/wp-json\/wp\/v2\/pages"}],"about":[{"href":"https:\/\/uenf.br\/cct\/leciv\/wp-json\/wp\/v2\/types\/page"}],"author":[{"embeddable":true,"href":"https:\/\/uenf.br\/cct\/leciv\/wp-json\/wp\/v2\/users\/8"}],"replies":[{"embeddable":true,"href":"https:\/\/uenf.br\/cct\/leciv\/wp-json\/wp\/v2\/comments?post=115"}],"version-history":[{"count":0,"href":"https:\/\/uenf.br\/cct\/leciv\/wp-json\/wp\/v2\/pages\/115\/revisions"}],"up":[{"embeddable":true,"href":"https:\/\/uenf.br\/cct\/leciv\/wp-json\/wp\/v2\/pages\/33"}],"wp:attachment":[{"href":"https:\/\/uenf.br\/cct\/leciv\/wp-json\/wp\/v2\/media?parent=115"}],"curies":[{"name":"wp","href":"https:\/\/api.w.org\/{rel}","templated":true}]}}