{"id":1445,"date":"2015-11-17T18:44:38","date_gmt":"2015-11-17T18:44:38","guid":{"rendered":"http:\/\/uenf.br\/cct\/leciv\/?page_id=1445"},"modified":"2016-01-05T11:42:59","modified_gmt":"2016-01-05T11:42:59","slug":"afonso-garcez-azevedo-e-euzebio-bernabe-zanelato","status":"publish","type":"page","link":"https:\/\/uenf.br\/cct\/leciv\/graduacao\/projetos-finais\/afonso-garcez-azevedo-e-euzebio-bernabe-zanelato\/","title":{"rendered":"Afonso Garcez Azevedo e Euz\u00e9bio Bernab\u00e9 Zanelato"},"content":{"rendered":"<p><strong>Dimensionamento das Instala\u00e7\u00f5es Prediais do Edif\u00edcio Contempor\u00e2neo situado no Bairro Pelinca em Campos dos Goytacazes- RJ<\/strong><\/p>\n<p><em>Orientador:<\/em><em><br \/>\n<\/em>Prof. Jonas Alexandre<br \/>\n<em>Comiss\u00e3o Examinadora:<\/em><em><br \/>\n<\/em>Eng\u00ba Leonardo Gon\u00e7alves Pedroti<br \/>\nEng\u00ba Luiz Gabriel Sarmet Moreira Smiderle<br \/>\nProf. Gustavo de Castro Xavier<\/p>\n<p>&nbsp;<\/p>\n<p><em>Data\u00a0da Defesa:<\/em>\u00a0Abril de 2013<\/p>\n<p><em>Resumo:<\/em>\u00a0Este trabalho de conclus\u00e3o de curso consiste na elabora\u00e7\u00e3o dos projetos hidrossanit\u00e1rios, de \u00e1guas pluviais e de el\u00e9trica do pr\u00e9dio multifamiliar Contempor\u00e2neo, situado na Rua das Na\u00e7\u00f5es Unidas, bairro Parque Avenida Pelinca, na cidade de Campos dos Goytacazes. O projeto esta sendo executado pela construtora CONSCAM Engenharia.<br \/>\nInicialmente foram realizadas visitas a obra para identifica\u00e7\u00e3o de problemas e conhecimento pratico nos projetos de instala\u00e7\u00f5es prediais em geral, alem do levantamento dos pontos el\u00e9tricos, de \u00e1gua e loca\u00e7\u00e3o dos tubos de queda. Todo o dimensionamento foi feito seguindo as recomenda\u00e7\u00f5es prescritas nas normas de casa instala\u00e7\u00e3o.<br \/>\nForam utilizados softwares na elabora\u00e7\u00e3o do trabalho, como o AutoCAD 2013, Excel e Word (para a confec\u00e7\u00e3o das plantas, memorial descritivo e planilhas de c\u00e1lculos, todas anexas a este projeto em CD).<\/p>\n<p>&nbsp;<\/p>\n<p style=\"line-height: 18pt;text-align: justify\">\u00a0<a href=\"http:\/\/uenf.br\/cct\/leciv\/files\/2015\/11\/Afonso-G.-Azevedo-e-Euz\u00e9bio-Zanelato.pdf\">Download aqui!<\/a><\/p>\n","protected":false},"excerpt":{"rendered":"<p>Dimensionamento das Instala\u00e7\u00f5es Prediais do Edif\u00edcio Contempor\u00e2neo situado no Bairro Pelinca em Campos dos Goytacazes- RJ Orientador: Prof. Jonas Alexandre&#8230;<\/p>\n","protected":false},"author":15,"featured_media":0,"parent":350,"menu_order":35,"comment_status":"closed","ping_status":"closed","template":"","meta":{"footnotes":""},"class_list":["post-1445","page","type-page","status-publish","hentry"],"_links":{"self":[{"href":"https:\/\/uenf.br\/cct\/leciv\/wp-json\/wp\/v2\/pages\/1445","targetHints":{"allow":["GET"]}}],"collection":[{"href":"https:\/\/uenf.br\/cct\/leciv\/wp-json\/wp\/v2\/pages"}],"about":[{"href":"https:\/\/uenf.br\/cct\/leciv\/wp-json\/wp\/v2\/types\/page"}],"author":[{"embeddable":true,"href":"https:\/\/uenf.br\/cct\/leciv\/wp-json\/wp\/v2\/users\/15"}],"replies":[{"embeddable":true,"href":"https:\/\/uenf.br\/cct\/leciv\/wp-json\/wp\/v2\/comments?post=1445"}],"version-history":[{"count":0,"href":"https:\/\/uenf.br\/cct\/leciv\/wp-json\/wp\/v2\/pages\/1445\/revisions"}],"up":[{"embeddable":true,"href":"https:\/\/uenf.br\/cct\/leciv\/wp-json\/wp\/v2\/pages\/350"}],"wp:attachment":[{"href":"https:\/\/uenf.br\/cct\/leciv\/wp-json\/wp\/v2\/media?parent=1445"}],"curies":[{"name":"wp","href":"https:\/\/api.w.org\/{rel}","templated":true}]}}