{"id":1499,"date":"2015-11-19T10:59:48","date_gmt":"2015-11-19T10:59:48","guid":{"rendered":"http:\/\/uenf.br\/cct\/leciv\/?page_id=1499"},"modified":"2015-11-19T11:05:59","modified_gmt":"2015-11-19T11:05:59","slug":"iolanda-scheibe-de-siqueira-meline-e-aparecida-viana-possidonio","status":"publish","type":"page","link":"https:\/\/uenf.br\/cct\/leciv\/graduacao\/projetos-finais\/iolanda-scheibe-de-siqueira-meline-e-aparecida-viana-possidonio\/","title":{"rendered":"Iolanda Scheibe de Siqueira Meline e  Aparecida Viana Possidonio"},"content":{"rendered":"<p><strong>C<\/strong><strong>omparativo <\/strong><strong>d<\/strong><strong>e <\/strong><strong>P<\/strong><strong>rojetos <\/strong><strong>E<\/strong><strong>struturais <\/strong><strong>E<\/strong><strong>mpregando <\/strong><strong>S<\/strong><strong>istema <\/strong><strong>R<\/strong><strong>eticulado <\/strong><strong>e c<\/strong><strong>om <\/strong><strong>L<\/strong><strong>aje <\/strong><strong>N<\/strong><strong>ervurada<\/strong><strong>\u00a0 \u00a0 \u00a0 \u00a0 \u00a0 \u00a0 \u00a0 \u00a0 \u00a0 \u00a0 \u00a0\u00a0<\/strong><\/p>\n<p><em>Orientador:<\/em><em><br \/>\n<\/em>Prof. Guilherme Chagas Cordeiro<\/p>\n<p><em>Comiss\u00e3o Examinadora:<\/em><em><br \/>\n<\/em>Eng\u00ba Luiz Gabriel Sarmet Moreira Smiderle<br \/>\nEng.\u00b0 Jos\u00e9 Renato de Freitas<br \/>\nProf. Sergio Luis Gonz\u00e1lez Garcia<\/p>\n<p><em>Data\u00a0da Defesa:<\/em>\u00a0Fevereiro de 2011<\/p>\n<p style=\"text-align: justify\"><em>Resumo:<\/em>\u00a0O trabalho proposto consistiu na elabora\u00e7\u00e3o de dois projetos com sistemas estruturais diferentes de um edif\u00edcio concebido para ser um pr\u00e9dio padr\u00e3o destinado \u00e0 expans\u00e3o f\u00edsica da Universidade Estadual Norte Fluminense Darcy Ribeiro &#8211; UENF.<br \/>\nO pr\u00e9dio em quest\u00e3o \u00e9 composto de dois pavimentos e apresenta uma arquitetura simples e bem flex\u00edvel, de modo a estar apto a abrigar diferentes utiliza\u00e7\u00f5es, como laborat\u00f3rios de pesquisa, gabinetes de escrit\u00f3rios administrativos e salas de aula. As divis\u00f5es internas ser\u00e3o feitas posteriormente com divis\u00f3rias de gesso acartonado (tipo <em>dry wall<\/em>). Desta forma, um importante aspecto do projeto estrutural dever\u00e1 ser o de permitir a flexibilidade da arquitetura interna.<br \/>\nCom base nestas premissas, ser\u00e3o desenvolvidos dois projetos estruturais em concreto armado. O primeiro com um sistema estrutural reticulado convencional, com o emprego de lajes maci\u00e7as. No segundo projeto ser\u00e1 empregado o sistema estrutural com lajes nervuradas, exatamente para se tentar conceber uma estrutura com menor n\u00famero de pilares a fim de contemplar uma maior flexibilidade nas futuras divis\u00f5es internas da arquitetura. O projeto b\u00e1sico de arquitetura est\u00e1 apresentado em arquivo anexo.<br \/>\nNo desenvolvimento dos projetos iniciamos com o lan\u00e7amento da estrutura, atrav\u00e9s do projeto arquitet\u00f4nico. A an\u00e1lise estrutural, nos dois casos, foi feita atrav\u00e9s do programa comercial EBERICK V6\u00ae, sendo tamb\u00e9m desenvolvido o dimensionamento manual de alguns elementos estruturais de ambos os projetos, considerados cr\u00edticos. Por \u00faltimo, foram avaliadas e comparadas as duas metodologias de c\u00e1lculo e desenvolveu-se um comparativo de custos dos dois sistemas estruturais empregados.<\/p>\n<p style=\"text-align: justify\"><a href=\"http:\/\/uenf.br\/cct\/leciv\/files\/2015\/11\/Iolanda-Scheibe-de-Siqueira-e-Meline-Aparecida-Viana-Possidonio.pdf\">Download aqui!<\/a><\/p>\n","protected":false},"excerpt":{"rendered":"<p>Comparativo de Projetos Estruturais Empregando Sistema Reticulado e com Laje Nervurada\u00a0 \u00a0 \u00a0 \u00a0 \u00a0 \u00a0 \u00a0 \u00a0 \u00a0 \u00a0&#8230;<\/p>\n","protected":false},"author":15,"featured_media":0,"parent":350,"menu_order":39,"comment_status":"closed","ping_status":"closed","template":"","meta":{"footnotes":""},"class_list":["post-1499","page","type-page","status-publish","hentry"],"_links":{"self":[{"href":"https:\/\/uenf.br\/cct\/leciv\/wp-json\/wp\/v2\/pages\/1499","targetHints":{"allow":["GET"]}}],"collection":[{"href":"https:\/\/uenf.br\/cct\/leciv\/wp-json\/wp\/v2\/pages"}],"about":[{"href":"https:\/\/uenf.br\/cct\/leciv\/wp-json\/wp\/v2\/types\/page"}],"author":[{"embeddable":true,"href":"https:\/\/uenf.br\/cct\/leciv\/wp-json\/wp\/v2\/users\/15"}],"replies":[{"embeddable":true,"href":"https:\/\/uenf.br\/cct\/leciv\/wp-json\/wp\/v2\/comments?post=1499"}],"version-history":[{"count":0,"href":"https:\/\/uenf.br\/cct\/leciv\/wp-json\/wp\/v2\/pages\/1499\/revisions"}],"up":[{"embeddable":true,"href":"https:\/\/uenf.br\/cct\/leciv\/wp-json\/wp\/v2\/pages\/350"}],"wp:attachment":[{"href":"https:\/\/uenf.br\/cct\/leciv\/wp-json\/wp\/v2\/media?parent=1499"}],"curies":[{"name":"wp","href":"https:\/\/api.w.org\/{rel}","templated":true}]}}