{"id":1507,"date":"2015-11-19T11:21:52","date_gmt":"2015-11-19T11:21:52","guid":{"rendered":"http:\/\/uenf.br\/cct\/leciv\/?page_id=1507"},"modified":"2015-11-19T11:29:47","modified_gmt":"2015-11-19T11:29:47","slug":"cassio-rodrigues-pinto-e-larissa-machado-altoe","status":"publish","type":"page","link":"https:\/\/uenf.br\/cct\/leciv\/graduacao\/projetos-finais\/cassio-rodrigues-pinto-e-larissa-machado-altoe\/","title":{"rendered":"C\u00e1ssio Rodrigues Pinto e Larissa Machado Alto\u00e9"},"content":{"rendered":"<p><strong>Projeto de uma Ponte P\u00eansil para Acesso \u00e0 Ilha da Uenf no Rio Para\u00edba do Sul<\/strong><strong>\u00a0 \u00a0 \u00a0 \u00a0 \u00a0 \u00a0 \u00a0 \u00a0 \u00a0 \u00a0 \u00a0<\/strong><\/p>\n<p><em>Orientador:<\/em><em><br \/>\n<\/em>Prof. Paulo C\u00e9sar de Almeida Maia<\/p>\n<p><em>Comiss\u00e3o Examinadora:<\/em><em><br \/>\n<\/em>Prof. S\u00e9rgio Rafael Cortes de Oliveira<br \/>\nProf. Guilherme Chagas Cordeiro<br \/>\nProf. Gines Arturo Santos Falc\u00f3n<\/p>\n<p><em>Data\u00a0da Defesa:<\/em>\u00a0Agosto de 2012<\/p>\n<p style=\"text-align: justify\"><em>Resumo:<\/em>\u00a0O presente trabalho consiste na concep\u00e7\u00e3o de uma ponte destinada ao acesso de uma ilha situada pr\u00f3xima a margem direita do Rio Para\u00edba do Sul, nas imedia\u00e7\u00f5es da Universidade Estadual do Norte Fluminense Darcy Ribeiro (UENF) na cidade de Campos dos Goytacazes \u2013 RJ. O projeto considerar\u00e1 o dimensionamento das principais pe\u00e7as que comp\u00f5em a superestrutura, a mesoestrutura e a infraestrutura da ponte p\u00eansil.<br \/>\nTal dimensionamento utilizar-se-\u00e1 do a\u00e7o como principal material estrutural. A ponte ter\u00e1 o comprimento de 80 metros e ser\u00e1 projetada visando o acesso de m\u00e1quinas e pessoal t\u00e9cnico para utiliza\u00e7\u00e3o da ilha como local de pesquisa.<br \/>\nSer\u00e3o apresentados todos os dados, an\u00e1lises, mem\u00f3rias de c\u00e1lculo e desenhos utilizados no dimensionamento da ponte e necess\u00e1rios para um completo entendimento do projeto.<\/p>\n<p style=\"text-align: justify\"><a href=\"http:\/\/uenf.br\/cct\/leciv\/files\/2015\/11\/C\u00e1ssio-R.-Pinto-e-Larissa-M.-Alto\u00e9.pdf\">Download aqui!<\/a><\/p>\n","protected":false},"excerpt":{"rendered":"<p>Projeto de uma Ponte P\u00eansil para Acesso \u00e0 Ilha da Uenf no Rio Para\u00edba do Sul\u00a0 \u00a0 \u00a0 \u00a0 \u00a0&#8230;<\/p>\n","protected":false},"author":15,"featured_media":0,"parent":350,"menu_order":40,"comment_status":"closed","ping_status":"closed","template":"","meta":{"footnotes":""},"class_list":["post-1507","page","type-page","status-publish","hentry"],"_links":{"self":[{"href":"https:\/\/uenf.br\/cct\/leciv\/wp-json\/wp\/v2\/pages\/1507","targetHints":{"allow":["GET"]}}],"collection":[{"href":"https:\/\/uenf.br\/cct\/leciv\/wp-json\/wp\/v2\/pages"}],"about":[{"href":"https:\/\/uenf.br\/cct\/leciv\/wp-json\/wp\/v2\/types\/page"}],"author":[{"embeddable":true,"href":"https:\/\/uenf.br\/cct\/leciv\/wp-json\/wp\/v2\/users\/15"}],"replies":[{"embeddable":true,"href":"https:\/\/uenf.br\/cct\/leciv\/wp-json\/wp\/v2\/comments?post=1507"}],"version-history":[{"count":0,"href":"https:\/\/uenf.br\/cct\/leciv\/wp-json\/wp\/v2\/pages\/1507\/revisions"}],"up":[{"embeddable":true,"href":"https:\/\/uenf.br\/cct\/leciv\/wp-json\/wp\/v2\/pages\/350"}],"wp:attachment":[{"href":"https:\/\/uenf.br\/cct\/leciv\/wp-json\/wp\/v2\/media?parent=1507"}],"curies":[{"name":"wp","href":"https:\/\/api.w.org\/{rel}","templated":true}]}}