{"id":1516,"date":"2015-11-19T11:53:02","date_gmt":"2015-11-19T11:53:02","guid":{"rendered":"http:\/\/uenf.br\/cct\/leciv\/?page_id=1516"},"modified":"2015-11-19T11:54:47","modified_gmt":"2015-11-19T11:54:47","slug":"marta-fleichmanprellwitz-e-paola-machado-barreto-manhaes","status":"publish","type":"page","link":"https:\/\/uenf.br\/cct\/leciv\/graduacao\/projetos-finais\/marta-fleichmanprellwitz-e-paola-machado-barreto-manhaes\/","title":{"rendered":"Marta Fleichman Prellwitz e Paola Machado Barreto Manh\u00e3es"},"content":{"rendered":"<p><strong>Dimensionamento de Barragem para Deposi\u00e7\u00e3o de Res\u00edduos de Beneficiamento de Rochas Ornamentais<\/strong><\/p>\n<p><em>Orientador:<\/em><br \/>\nProf. Paulo C\u00e9sar de Almeida Maia<\/p>\n<p><em>Comiss\u00e3o Examinadora:<\/em><br \/>\nProf.: Sergio Tibana<br \/>\nProf.: Aldo Durand Farfan<br \/>\nEng. Paulo Ant\u00f4nio Siso de Oliveira<\/p>\n<p><em>Data da Defesa:<\/em> Mar\u00e7o de 2013<\/p>\n<p style=\"text-align: justify\"><em>Resumo:<\/em> O Estado do Esp\u00edrito Santo \u00e9 o estado brasileiro mais representativo na produ\u00e7\u00e3o de rochas ornamentais. Abriga tamb\u00e9m todas as atividades extrativistas, beneficiamento prim\u00e1rio e secund\u00e1rio. Especialmente durante o processo de beneficiamento, um significativo volume de res\u00edduos s\u00f3lidos s\u00e3o gerados. Devido \u00e0 quest\u00f5es de ordem ambiental, as empresas do ramo v\u00eam investindo em processos de deposi\u00e7\u00e3o controlada ou de reuso desse res\u00edduo. A forma mais comum de deposi\u00e7\u00e3o \u00e9 atrav\u00e9s de Barragem de Rejeito. Deste modo, este projeto final de engenharia tem por objetivo elaborar os projeto de engenharia de uma Barragem de rejeito para conten\u00e7\u00e3o de res\u00edduos s\u00f3lidos provenientes do beneficiamento de rocha ornamental no Estado do Esp\u00edrito Santo.<br \/>\nPara isso foi determinado o local onde ser\u00e1 implantada a barragem, o m\u00e9todo\u00a0construtivo e o material que seria utilizado no corpo da barragem de forma a\u00a0aproveitar o rejeito como material de constru\u00e7\u00e3o da barragem. Foi preciso\u00a0determinar a melhor porcentagem de mistura (rejeito mais solo) de forma a manter ou aumentar a resist\u00eancia do material da barragem. Foi realizada tamb\u00e9m a analise da estabilidade dos taludes da barragem de forma a evitar a ocorr\u00eancia de rupturas.<br \/>\nNo projeto faz-se ainda o dimensionamento do sistema de drenagem superficial e subterr\u00e2neo.<br \/>\nFato relevante \u00e9 a aten\u00e7\u00e3o que se deve dar em obras deste tipo com rela\u00e7\u00e3o\u00a0\u00e0 possibilidade de cat\u00e1strofes ambientais e perdas significativas para o\u00a0empreendedor caso ocorram rupturas. Por isso fez-se a especifica\u00e7\u00e3o de um\u00a0sistema de monitoramento. A finalidade deste sistema \u00e9 acompanhar as\u00a0deforma\u00e7\u00f5es e as press\u00f5es d\u2019\u00e1gua da barragem na fase de execu\u00e7\u00e3o e de\u00a0opera\u00e7\u00e3o.<br \/>\nComo produto final s\u00e3o apresentadas as plantas, al\u00e9m da mem\u00f3ria de\u00a0c\u00e1lculo e revis\u00e3o bibliogr\u00e1fica dos aspectos te\u00f3ricos envolvidos.<\/p>\n<p style=\"text-align: justify\"><a href=\"http:\/\/uenf.br\/cct\/leciv\/files\/2015\/11\/Marta-FleichmanPrellwitz-e-Paola-Machado-Barreto-Manh\u00e3es.pdf\">Download aqui!<\/a><\/p>\n","protected":false},"excerpt":{"rendered":"<p>Dimensionamento de Barragem para Deposi\u00e7\u00e3o de Res\u00edduos de Beneficiamento de Rochas Ornamentais Orientador: Prof. Paulo C\u00e9sar de Almeida Maia Comiss\u00e3o&#8230;<\/p>\n","protected":false},"author":15,"featured_media":0,"parent":350,"menu_order":41,"comment_status":"closed","ping_status":"closed","template":"","meta":{"footnotes":""},"class_list":["post-1516","page","type-page","status-publish","hentry"],"_links":{"self":[{"href":"https:\/\/uenf.br\/cct\/leciv\/wp-json\/wp\/v2\/pages\/1516","targetHints":{"allow":["GET"]}}],"collection":[{"href":"https:\/\/uenf.br\/cct\/leciv\/wp-json\/wp\/v2\/pages"}],"about":[{"href":"https:\/\/uenf.br\/cct\/leciv\/wp-json\/wp\/v2\/types\/page"}],"author":[{"embeddable":true,"href":"https:\/\/uenf.br\/cct\/leciv\/wp-json\/wp\/v2\/users\/15"}],"replies":[{"embeddable":true,"href":"https:\/\/uenf.br\/cct\/leciv\/wp-json\/wp\/v2\/comments?post=1516"}],"version-history":[{"count":0,"href":"https:\/\/uenf.br\/cct\/leciv\/wp-json\/wp\/v2\/pages\/1516\/revisions"}],"up":[{"embeddable":true,"href":"https:\/\/uenf.br\/cct\/leciv\/wp-json\/wp\/v2\/pages\/350"}],"wp:attachment":[{"href":"https:\/\/uenf.br\/cct\/leciv\/wp-json\/wp\/v2\/media?parent=1516"}],"curies":[{"name":"wp","href":"https:\/\/api.w.org\/{rel}","templated":true}]}}