{"id":1528,"date":"2015-11-19T12:09:56","date_gmt":"2015-11-19T12:09:56","guid":{"rendered":"http:\/\/uenf.br\/cct\/leciv\/?page_id=1528"},"modified":"2016-01-04T19:31:16","modified_gmt":"2016-01-04T19:31:16","slug":"lucas-lopes-assad-e-rafael-duarte-pedrosa","status":"publish","type":"page","link":"https:\/\/uenf.br\/cct\/leciv\/graduacao\/projetos-finais\/lucas-lopes-assad-e-rafael-duarte-pedrosa\/","title":{"rendered":"Lucas Lopes Assad e Rafael Duarte Pedrosa"},"content":{"rendered":"<p><strong>Projeto Geot\u00e9cnico e Estrutural de Dutos Enterrados<\/strong><\/p>\n<p><em>Orientador:<\/em><br \/>\nProf. Fernando Saboya Albuquerque Jr<\/p>\n<p><em>Comiss\u00e3o Examinadora:<\/em><br \/>\nProf.: Sergio Tibana<br \/>\nProf. Priscila de Almeida Cardoso Santiago<br \/>\nProf. Fernando Saboya Albuquerque Jr<\/p>\n<p><em>Data da Defesa:<\/em> Janeiro de 2014<\/p>\n<p style=\"text-align: justify\"><em>Resumo<\/em>: Este projeto tem como objetivo fazer uma an\u00e1lise das situa\u00e7\u00f5es cr\u00edticas de dutos enterrados para transporte de g\u00e1s, tratando de sua estrutura devido \u00e0s tens\u00f5es internas e da sua intera\u00e7\u00e3o com o solo, tomando como refer\u00eancia um duto com material e dimens\u00e3o j\u00e1 existente e j\u00e1 utilizado na rede de dutos no Brasil. O estudo envolveu a an\u00e1lise do terreno onde o duto seria implantado, tomando como base ensaios de sondagem a percuss\u00e3o e a partir do mesmo foram determinadas algumas propriedades do solo. Uma primeira an\u00e1lise foi feita com o estudo das tens\u00f5es internas do duto, admitindo uma tens\u00e3o de trabalho e comparando com a tens\u00e3o de escoamento do a\u00e7o do duto. Para a itera\u00e7\u00e3o solo duto, foram calculadas as deforma\u00e7\u00f5es causadas no mesmo, submetendo-o \u00e0s cargas geradas pelo solo de cobertura somando com as cargas geradas por um trem-tipo, considerando que o duto enterrado passa por baixo de uma rodovia de tr\u00e1fego intenso. Ap\u00f3s essa etapa calculou-se a capacidade de carga que o solo resiste quando o duto est\u00e1 apoiada sobre ele. Por \u00faltimo, foi feita a analise considerando o n\u00edvel do len\u00e7ol fre\u00e1tico acima da profundidade que o duto est\u00e1 enterrado. A \u00e1gua gera um empuxo que poderia causar uma flutua\u00e7\u00e3o da rede e atrav\u00e9s do m\u00e9todo utilizado \u00e9 poss\u00edvel determinar se o mesmo flutuaria, tornando necess\u00e1rio medidas para fixar o duto na profundidade determinada, ou se ele ficaria est\u00e1vel. No fim, o duto se manteve est\u00e1vel e com deforma\u00e7\u00f5es aceit\u00e1veis em todas as situa\u00e7\u00f5es para a profundidade escolhida.<\/p>\n<p style=\"text-align: justify\"><a href=\"http:\/\/uenf.br\/cct\/leciv\/files\/2015\/11\/Lucas-Lopes-Assad-e-Rafael-Duarte-Pedrosa.pdf\">Download aqui!<\/a><\/p>\n","protected":false},"excerpt":{"rendered":"<p>Projeto Geot\u00e9cnico e Estrutural de Dutos Enterrados Orientador: Prof. Fernando Saboya Albuquerque Jr Comiss\u00e3o Examinadora: Prof.: Sergio Tibana Prof. Priscila&#8230;<\/p>\n","protected":false},"author":15,"featured_media":0,"parent":350,"menu_order":51,"comment_status":"closed","ping_status":"closed","template":"","meta":{"footnotes":""},"class_list":["post-1528","page","type-page","status-publish","hentry"],"_links":{"self":[{"href":"https:\/\/uenf.br\/cct\/leciv\/wp-json\/wp\/v2\/pages\/1528","targetHints":{"allow":["GET"]}}],"collection":[{"href":"https:\/\/uenf.br\/cct\/leciv\/wp-json\/wp\/v2\/pages"}],"about":[{"href":"https:\/\/uenf.br\/cct\/leciv\/wp-json\/wp\/v2\/types\/page"}],"author":[{"embeddable":true,"href":"https:\/\/uenf.br\/cct\/leciv\/wp-json\/wp\/v2\/users\/15"}],"replies":[{"embeddable":true,"href":"https:\/\/uenf.br\/cct\/leciv\/wp-json\/wp\/v2\/comments?post=1528"}],"version-history":[{"count":0,"href":"https:\/\/uenf.br\/cct\/leciv\/wp-json\/wp\/v2\/pages\/1528\/revisions"}],"up":[{"embeddable":true,"href":"https:\/\/uenf.br\/cct\/leciv\/wp-json\/wp\/v2\/pages\/350"}],"wp:attachment":[{"href":"https:\/\/uenf.br\/cct\/leciv\/wp-json\/wp\/v2\/media?parent=1528"}],"curies":[{"name":"wp","href":"https:\/\/api.w.org\/{rel}","templated":true}]}}