{"id":1535,"date":"2015-11-19T12:21:54","date_gmt":"2015-11-19T12:21:54","guid":{"rendered":"http:\/\/uenf.br\/cct\/leciv\/?page_id=1535"},"modified":"2015-11-19T12:22:35","modified_gmt":"2015-11-19T12:22:35","slug":"juliana-pessin","status":"publish","type":"page","link":"https:\/\/uenf.br\/cct\/leciv\/graduacao\/projetos-finais\/juliana-pessin\/","title":{"rendered":"Juliana Pessin"},"content":{"rendered":"<p><strong>Projeto de Reservat\u00f3rio de Deten\u00e7\u00e3o como Alternativa para Controle de Cheias do Bairro Meudon, Teres\u00f3polis \u2013 RJ<\/strong><\/p>\n<p><em>Orientador:<\/em><br \/>\nProf. Paulo C\u00e9sar de Almeida Maia<\/p>\n<p><em>Comiss\u00e3o Examinadora:<\/em><br \/>\nProf.: Paulo C\u00e9sar de Almeida Maia<br \/>\nEng.\u00aa Marta Fleichman Prellwitz<br \/>\nProf.: Aldo Durand Farfan<br \/>\nEng.\u00ba Sebasti\u00e3o Petrucci Rangel<\/p>\n<p><em>Data da Defesa:<\/em> Fevereiro de 2015<\/p>\n<p style=\"text-align: justify\"><em>Resumo:<\/em> O Bairro Meudon, situado no munic\u00edpio de Teres\u00f3polis, localizado no Estado do Rio de Janeiro, apresenta problemas recorrentes de cheias, provocados por defici\u00eancia do sistema de drenagem de \u00e1guas pluviais existente. Essa defici\u00eancia foi identificada atrav\u00e9s do resultado de um estudo hidrol\u00f3gico realizado no Bairro, onde foi verificado que a galeria pluvial que canaliza o Rio Meudon, no trecho mais a jusante, n\u00e3o suporta a vaz\u00e3o gerada pela \u00e1rea de contribui\u00e7\u00e3o correspondente.<br \/>\nNesse sentido, este projeto final de curso tem por objetivo o dimensionamento de uma estrutura para amortecimento da vaz\u00e3o excedente do Rio, permitindo, deste modo, o controle de inunda\u00e7\u00f5es do Bairro Meudon.<br \/>\nNo projeto faz-se a exposi\u00e7\u00e3o de algumas possibilidades de solu\u00e7\u00e3o, no entanto, baseado em uma avalia\u00e7\u00e3o preliminar do problema, ir\u00e1 propor como solu\u00e7\u00e3o a constru\u00e7\u00e3o de um reservat\u00f3rio de deten\u00e7\u00e3o subterr\u00e2neo e impermeabilizado. Esse reservat\u00f3rio somente \u00e9 inundado quando a galeria pluvial que conduz o Rio n\u00e3o suporta a vaz\u00e3o gerada pelas chuvas. Ap\u00f3s o amortecimento, a \u00e1gua do reservat\u00f3rio \u00e9 devolvida de forma controlada para a galeria atrav\u00e9s de sistemas de recalque. Foram utilizadas paredes diafragma para as obras de conten\u00e7\u00e3o do empuxo de terra e controle de fluxo d\u2019\u00e1gua. Fez-se tamb\u00e9m o dimensionamento dos outros elementos estruturais do reservat\u00f3rio, como a funda\u00e7\u00e3o, laje de fundo, de topo, intermedi\u00e1rias e pilares intermedi\u00e1rios. N\u00e3o se contempla neste projeto o c\u00e1lculo do sistema hidr\u00e1ulico de recalque (bombas). Para a obten\u00e7\u00e3o dos esfor\u00e7os atuantes nas estruturas do reservat\u00f3rio, modelou-se uma se\u00e7\u00e3o do mesmo no Programa SIGMA\/W 2004. Apresenta-se como produto deste projeto final uma revis\u00e3o bibliogr\u00e1fica sobre conceitos hidrol\u00f3gicos, reservat\u00f3rios de deten\u00e7\u00e3o, parede diafragma e empuxo de terra, pr\u00e9-dimensionamento do reservat\u00f3rio baseado no estudo hidrol\u00f3gico mencionado anteriormente, obten\u00e7\u00e3o dos esfor\u00e7os atuantes nos elementos estruturais do reservat\u00f3rio atrav\u00e9s do SIGMA\/W, mem\u00f3ria de c\u00e1lculo da parede diafragma, lajes e pilares, plantas contendo localiza\u00e7\u00e3o do reservat\u00f3rio e pontos de capta\u00e7\u00e3o, etapas de execu\u00e7\u00e3o do reservat\u00f3rio, planta de forma do reservat\u00f3rio, vistas e cortes do reservat\u00f3rio e detalhamento da parede diafragma.<\/p>\n<p style=\"text-align: justify\"><a href=\"http:\/\/uenf.br\/cct\/leciv\/files\/2015\/11\/Juliana-Pessin.pdf\">Download aqui!<\/a><\/p>\n","protected":false},"excerpt":{"rendered":"<p>Projeto de Reservat\u00f3rio de Deten\u00e7\u00e3o como Alternativa para Controle de Cheias do Bairro Meudon, Teres\u00f3polis \u2013 RJ Orientador: Prof. Paulo&#8230;<\/p>\n","protected":false},"author":15,"featured_media":0,"parent":350,"menu_order":42,"comment_status":"closed","ping_status":"closed","template":"","meta":{"footnotes":""},"class_list":["post-1535","page","type-page","status-publish","hentry"],"_links":{"self":[{"href":"https:\/\/uenf.br\/cct\/leciv\/wp-json\/wp\/v2\/pages\/1535","targetHints":{"allow":["GET"]}}],"collection":[{"href":"https:\/\/uenf.br\/cct\/leciv\/wp-json\/wp\/v2\/pages"}],"about":[{"href":"https:\/\/uenf.br\/cct\/leciv\/wp-json\/wp\/v2\/types\/page"}],"author":[{"embeddable":true,"href":"https:\/\/uenf.br\/cct\/leciv\/wp-json\/wp\/v2\/users\/15"}],"replies":[{"embeddable":true,"href":"https:\/\/uenf.br\/cct\/leciv\/wp-json\/wp\/v2\/comments?post=1535"}],"version-history":[{"count":0,"href":"https:\/\/uenf.br\/cct\/leciv\/wp-json\/wp\/v2\/pages\/1535\/revisions"}],"up":[{"embeddable":true,"href":"https:\/\/uenf.br\/cct\/leciv\/wp-json\/wp\/v2\/pages\/350"}],"wp:attachment":[{"href":"https:\/\/uenf.br\/cct\/leciv\/wp-json\/wp\/v2\/media?parent=1535"}],"curies":[{"name":"wp","href":"https:\/\/api.w.org\/{rel}","templated":true}]}}