{"id":1544,"date":"2015-11-19T12:34:04","date_gmt":"2015-11-19T12:34:04","guid":{"rendered":"http:\/\/uenf.br\/cct\/leciv\/?page_id=1544"},"modified":"2016-01-04T19:31:58","modified_gmt":"2016-01-04T19:31:58","slug":"talytha-martins-fonte-boa-santos-e-thamara-martins-fonte-boa","status":"publish","type":"page","link":"https:\/\/uenf.br\/cct\/leciv\/graduacao\/projetos-finais\/talytha-martins-fonte-boa-santos-e-thamara-martins-fonte-boa\/","title":{"rendered":"Talytha Martins Fonte Boa Santos e Thamara Martins Fonte Boa"},"content":{"rendered":"<p><strong>Dimensionamento de Aterro na Ilha \u00e0s Margens do Rio Para\u00edba do Sul visando aumento de cota da Ilha<\/strong><\/p>\n<p><em>Orientador:<\/em><em><br \/>\n<\/em>Prof. Paulo C\u00e9sar de Almeida Maia<\/p>\n<p><em>Comiss\u00e3o Examinadora:<\/em><em><br \/>\n<\/em>Eng.\u00aa Monique Lacerda de Vasconcelos Sobral<br \/>\nProf. Rodrigo Martins Reis<br \/>\nEng.\u00aa Paola Machado Barreto Manh\u00e3es<br \/>\nProf. Paulo C\u00e9sar de Almeida Maia<\/p>\n<p><em>Data\u00a0da Defesa:<\/em>\u00a0Mar\u00e7o de 2015<\/p>\n<p style=\"text-align: justify\"><em>Resumo:<\/em>\u00a0Este trabalho tem como objetivo garantir a ocupa\u00e7\u00e3o e uso das Ilhas \u00e0s margens do Rio Para\u00edba do Sul, popularmente conhecidas como Ilha do Bananal, situadas pr\u00f3ximo a Universidade Estadual do Norte Fluminense Darcy Ribeiro (UENF), na cidade de Campos dos Goytacazes\/RJ, atrav\u00e9s de interven\u00e7\u00f5es com obras de aterro hidr\u00e1ulico, prote\u00e7\u00e3o de taludes e sistemas de drenagem.<br \/>\nTr\u00eas n\u00edveis distintos foram definidos de acordo com a sua utiliza\u00e7\u00e3o. O n\u00edvel C, situado na cota de 7,5 m, foi sugerido como \u00e1rea de reflorestamento. O n\u00edvel B, com cota de 8,5 m, foi considerado para ref\u00fagio de animais silvestres. Por fim, o n\u00edvel A, cota de 12 m, viabiliza o uso e ocupa\u00e7\u00e3o da Ilha com base em dados das cheias dos \u00faltimos 100 anos.<br \/>\nPara proteger os taludes foi considerado o uso de bioengenharia, especificamente biomanta, tornando poss\u00edvel o surgimento e crescimento de vegeta\u00e7\u00e3o no talude que, ap\u00f3s a degrada\u00e7\u00e3o da biomanta, funciona como uma prote\u00e7\u00e3o natural contra a eros\u00e3o. Tamb\u00e9m foram dimensionados colch\u00f5es reno para as \u00e1reas com maior susceptibilidade \u00e0 cheias.<br \/>\nO sistema de drenagem considerado consiste em um geocomposto atuando como colch\u00e3o drenante, valetas de prote\u00e7\u00e3o de corte e aterro, sa\u00eddas e descidas d\u201f\u00e1gua, dimensionados para garantir a estabilidade da obra.<\/p>\n<p style=\"text-align: justify\"><a href=\"http:\/\/uenf.br\/cct\/leciv\/files\/2015\/11\/Talytha-Martins-Fonte-Boa-Santos-e-Thamara-Martins-Fonte-Boa.pdf\">Download aqui!<\/a><\/p>\n","protected":false},"excerpt":{"rendered":"<p>Dimensionamento de Aterro na Ilha \u00e0s Margens do Rio Para\u00edba do Sul visando aumento de cota da Ilha Orientador: Prof&#8230;.<\/p>\n","protected":false},"author":15,"featured_media":0,"parent":350,"menu_order":52,"comment_status":"closed","ping_status":"closed","template":"","meta":{"footnotes":""},"class_list":["post-1544","page","type-page","status-publish","hentry"],"_links":{"self":[{"href":"https:\/\/uenf.br\/cct\/leciv\/wp-json\/wp\/v2\/pages\/1544","targetHints":{"allow":["GET"]}}],"collection":[{"href":"https:\/\/uenf.br\/cct\/leciv\/wp-json\/wp\/v2\/pages"}],"about":[{"href":"https:\/\/uenf.br\/cct\/leciv\/wp-json\/wp\/v2\/types\/page"}],"author":[{"embeddable":true,"href":"https:\/\/uenf.br\/cct\/leciv\/wp-json\/wp\/v2\/users\/15"}],"replies":[{"embeddable":true,"href":"https:\/\/uenf.br\/cct\/leciv\/wp-json\/wp\/v2\/comments?post=1544"}],"version-history":[{"count":0,"href":"https:\/\/uenf.br\/cct\/leciv\/wp-json\/wp\/v2\/pages\/1544\/revisions"}],"up":[{"embeddable":true,"href":"https:\/\/uenf.br\/cct\/leciv\/wp-json\/wp\/v2\/pages\/350"}],"wp:attachment":[{"href":"https:\/\/uenf.br\/cct\/leciv\/wp-json\/wp\/v2\/media?parent=1544"}],"curies":[{"name":"wp","href":"https:\/\/api.w.org\/{rel}","templated":true}]}}